{"id":25938,"date":"2021-01-30T09:35:19","date_gmt":"2021-01-30T07:35:19","guid":{"rendered":"https:\/\/alpaka-shop.com\/fur-trim-huivi\/"},"modified":"2026-03-10T09:30:11","modified_gmt":"2026-03-10T07:30:11","slug":"fur-trim-huivi","status":"publish","type":"product","link":"https:\/\/alpaka-shop.com\/fi\/fur-trim-huivi\/","title":{"rendered":"Fur Trim Huivi"},"content":{"rendered":"","protected":false},"excerpt":{"rendered":"<p>T\u00e4m\u00e4 huivi on ylellinen lis\u00e4varuste naisille, jotka todella arvostavat perinteisi\u00e4 ja luonnolisia materiaaleja kauniiden tuotteiden valmistamiseksi. Fur Trim huivin mahdollisuukset ovat rajattomat &#8211; sit\u00e4 voidaan k\u00e4ytt\u00e4\u00e4 sek\u00e4 muotiasusteena, ett\u00e4 sun kotona sisustusaksessuaarina. Se on my\u00f6s kest\u00e4v\u00e4 valinta, koska alpakanvillan ja turkisten hankinta on eettist\u00e4, julmuuden vapaa ja ymp\u00e4rist\u00f6yst\u00e4v\u00e4llist\u00e4.<\/p>\n<p>MATERIAALI<br \/>\n<strong>100% baby alpakka-peite, jossa pitk\u00e4karvainen alpakkaturkisreunus<\/strong><\/p>\n<p>PAKKAUS <br \/>\n<strong>lahjalaatikko<\/strong><\/p>\n","protected":false},"featured_media":5958,"template":"","meta":{"_acf_changed":false},"product_brand":[],"product_cat":[64,63],"product_tag":[],"product_shipping_class":[],"pa_soft-wrap-cardigan":[],"class_list":{"0":"post-25938","1":"product","2":"type-product","3":"status-publish","4":"has-post-thumbnail","6":"product_cat-huivit-ja-saalit","7":"product_cat-naiset","9":"first","10":"instock","11":"taxable","12":"shipping-taxable","13":"purchasable","14":"product-type-variable","15":"has-default-attributes","16":"wvs-archive-product-wrapper"},"bundled_by":[],"bundle_stock_status":"instock","bundle_stock_quantity":null,"bundle_virtual":false,"bundle_layout":"","bundle_add_to_cart_form_location":"","bundle_editable_in_cart":false,"bundle_sold_individually_context":"","bundle_item_grouping":"","bundle_min_size":"","bundle_max_size":"","bundle_price":[],"bundled_items":[],"bundle_sell_ids":[],"acf":[],"aioseo_notices":[],"_links":{"self":[{"href":"https:\/\/alpaka-shop.com\/fi\/wp-json\/wp\/v2\/product\/25938","targetHints":{"allow":["GET"]}}],"collection":[{"href":"https:\/\/alpaka-shop.com\/fi\/wp-json\/wp\/v2\/product"}],"about":[{"href":"https:\/\/alpaka-shop.com\/fi\/wp-json\/wp\/v2\/types\/product"}],"wp:featuredmedia":[{"embeddable":true,"href":"https:\/\/alpaka-shop.com\/fi\/wp-json\/wp\/v2\/media\/5958"}],"wp:attachment":[{"href":"https:\/\/alpaka-shop.com\/fi\/wp-json\/wp\/v2\/media?parent=25938"}],"wp:term":[{"taxonomy":"product_brand","embeddable":true,"href":"https:\/\/alpaka-shop.com\/fi\/wp-json\/wp\/v2\/product_brand?post=25938"},{"taxonomy":"product_cat","embeddable":true,"href":"https:\/\/alpaka-shop.com\/fi\/wp-json\/wp\/v2\/product_cat?post=25938"},{"taxonomy":"product_tag","embeddable":true,"href":"https:\/\/alpaka-shop.com\/fi\/wp-json\/wp\/v2\/product_tag?post=25938"},{"taxonomy":"product_shipping_class","embeddable":true,"href":"https:\/\/alpaka-shop.com\/fi\/wp-json\/wp\/v2\/product_shipping_class?post=25938"},{"taxonomy":"pa_soft-wrap-cardigan","embeddable":true,"href":"https:\/\/alpaka-shop.com\/fi\/wp-json\/wp\/v2\/pa_soft-wrap-cardigan?post=25938"}],"curies":[{"name":"wp","href":"https:\/\/api.w.org\/{rel}","templated":true}]}}