{"id":25939,"date":"2020-12-15T15:53:43","date_gmt":"2020-12-15T13:53:43","guid":{"rendered":"https:\/\/alpaka-shop.com\/plaid-classic-eco\/"},"modified":"2026-04-13T12:00:06","modified_gmt":"2026-04-13T09:00:06","slug":"plaid-classic","status":"publish","type":"product","link":"https:\/\/alpaka-shop.com\/fi\/plaid-classic\/","title":{"rendered":"Plaid Classic"},"content":{"rendered":"","protected":false},"excerpt":{"rendered":"<p>Ihanan pehme\u00e4 ja lohduttava Plaid Classic tekee dekadentin lis\u00e4yksen mihin tahansa huoneeseen. Ruudu on my\u00f6s erinomainen kumppani tuoda mukanasi piknikille, tuuliseen rantaan tai ulkokonserttiin &#8211; ei ole mit\u00e4\u00e4n muuta kuin kietoutua johonkin mukavaan p\u00e4iv\u00e4\u00e4n, kun ulkona on kylm\u00e4 ja tuulinen. Yrit\u00e4mme tehd\u00e4 vastuullisia valintoja miss\u00e4 vain voimme, mink\u00e4 vuoksi ruudumme on valmistettu kierr\u00e4tetyst\u00e4 villasta, joka on sertifioidusti kest\u00e4vimpi\u00e4 valintoja, varmistaen, ett\u00e4 autamme luomaan ymp\u00e4rist\u00f6yst\u00e4v\u00e4llisen kodin meille kaikille.<\/p>\n<p>MATERIAALI<br \/>\n<strong>55% alpakka \/ 30% villa \/ 15% akryyli<br \/>\n<\/strong><br \/>\nKoska kaikki torkkupeittomme on valmistettu luonnonkuiduista, jonkin verran kuitujen irtoamista on normaalia.<\/p>\n","protected":false},"featured_media":52935,"template":"","meta":{"_acf_changed":false},"product_brand":[],"product_cat":[109,2813,106],"product_tag":[],"product_shipping_class":[],"pa_soft-wrap-cardigan":[],"class_list":{"0":"post-25939","1":"product","2":"type-product","3":"status-publish","4":"has-post-thumbnail","6":"product_cat-koti","7":"product_cat-march-edit-fi","8":"product_cat-peitteet","10":"first","11":"instock","12":"taxable","13":"shipping-taxable","14":"purchasable","15":"product-type-variable","16":"has-default-attributes","17":"wvs-archive-product-wrapper"},"bundled_by":[],"bundle_stock_status":"instock","bundle_stock_quantity":null,"bundle_virtual":false,"bundle_layout":"","bundle_add_to_cart_form_location":"","bundle_editable_in_cart":false,"bundle_sold_individually_context":"","bundle_item_grouping":"","bundle_min_size":"","bundle_max_size":"","bundle_price":[],"bundled_items":[],"bundle_sell_ids":[],"acf":[],"aioseo_notices":[],"_links":{"self":[{"href":"https:\/\/alpaka-shop.com\/fi\/wp-json\/wp\/v2\/product\/25939","targetHints":{"allow":["GET"]}}],"collection":[{"href":"https:\/\/alpaka-shop.com\/fi\/wp-json\/wp\/v2\/product"}],"about":[{"href":"https:\/\/alpaka-shop.com\/fi\/wp-json\/wp\/v2\/types\/product"}],"wp:featuredmedia":[{"embeddable":true,"href":"https:\/\/alpaka-shop.com\/fi\/wp-json\/wp\/v2\/media\/52935"}],"wp:attachment":[{"href":"https:\/\/alpaka-shop.com\/fi\/wp-json\/wp\/v2\/media?parent=25939"}],"wp:term":[{"taxonomy":"product_brand","embeddable":true,"href":"https:\/\/alpaka-shop.com\/fi\/wp-json\/wp\/v2\/product_brand?post=25939"},{"taxonomy":"product_cat","embeddable":true,"href":"https:\/\/alpaka-shop.com\/fi\/wp-json\/wp\/v2\/product_cat?post=25939"},{"taxonomy":"product_tag","embeddable":true,"href":"https:\/\/alpaka-shop.com\/fi\/wp-json\/wp\/v2\/product_tag?post=25939"},{"taxonomy":"product_shipping_class","embeddable":true,"href":"https:\/\/alpaka-shop.com\/fi\/wp-json\/wp\/v2\/product_shipping_class?post=25939"},{"taxonomy":"pa_soft-wrap-cardigan","embeddable":true,"href":"https:\/\/alpaka-shop.com\/fi\/wp-json\/wp\/v2\/pa_soft-wrap-cardigan?post=25939"}],"curies":[{"name":"wp","href":"https:\/\/api.w.org\/{rel}","templated":true}]}}