{"id":27759,"date":"2021-04-09T11:52:37","date_gmt":"2021-04-09T08:52:41","guid":{"rendered":"https:\/\/alpaka-shop.com\/?post_type=product&#038;p=27759"},"modified":"2026-02-18T10:30:06","modified_gmt":"2026-02-18T08:30:06","slug":"fishermans-rib-pipo-tupsullinen","status":"publish","type":"product","link":"https:\/\/alpaka-shop.com\/fi\/fishermans-rib-pipo-tupsullinen\/","title":{"rendered":"Tupsullinen Fisherman\u00b4s Rib Pipo"},"content":{"rendered":"","protected":false},"excerpt":{"rendered":"<p>T\u00e4m\u00e4 alpakanvillainen pehme\u00e4 ja l\u00e4mmin pipo on pakollinen lis\u00e4 sinun talvivaatekaappiin. Ribattu joustava neulekuvio takaa mukavan venytyksen ja auttaa s\u00e4ilytt\u00e4m\u00e4\u00e4n muodonsa ajan my\u00f6t\u00e4. Se on neulottu eritt\u00e4in hienosta baby alpakanvillasta, joka pit\u00e4\u00e4 sinut eritt\u00e4in kodikkaana ja turvallisena, kun ylkona kylm\u00e4 alkaa purra.<\/p>\n<p>&nbsp;<\/p>\n<p>MATERIAALI<br \/>\n<strong>100% baby alpakka<\/strong><\/p>\n<p>PAKKAUS<br \/>\n<b>Lahjakassi<\/b><\/p>\n","protected":false},"featured_media":45334,"template":"","meta":{"_acf_changed":false},"product_brand":[],"product_cat":[63,101],"product_tag":[],"product_shipping_class":[],"pa_soft-wrap-cardigan":[],"class_list":{"0":"post-27759","1":"product","2":"type-product","3":"status-publish","4":"has-post-thumbnail","6":"product_cat-naiset","7":"product_cat-paahineet","9":"first","10":"instock","11":"taxable","12":"shipping-taxable","13":"purchasable","14":"product-type-variable","15":"has-default-attributes","16":"wvs-archive-product-wrapper"},"bundled_by":[],"bundle_stock_status":"instock","bundle_stock_quantity":null,"bundle_virtual":false,"bundle_layout":"","bundle_add_to_cart_form_location":"","bundle_editable_in_cart":false,"bundle_sold_individually_context":"","bundle_item_grouping":"","bundle_min_size":"","bundle_max_size":"","bundle_price":[],"bundled_items":[],"bundle_sell_ids":[],"acf":[],"aioseo_notices":[],"_links":{"self":[{"href":"https:\/\/alpaka-shop.com\/fi\/wp-json\/wp\/v2\/product\/27759","targetHints":{"allow":["GET"]}}],"collection":[{"href":"https:\/\/alpaka-shop.com\/fi\/wp-json\/wp\/v2\/product"}],"about":[{"href":"https:\/\/alpaka-shop.com\/fi\/wp-json\/wp\/v2\/types\/product"}],"wp:featuredmedia":[{"embeddable":true,"href":"https:\/\/alpaka-shop.com\/fi\/wp-json\/wp\/v2\/media\/45334"}],"wp:attachment":[{"href":"https:\/\/alpaka-shop.com\/fi\/wp-json\/wp\/v2\/media?parent=27759"}],"wp:term":[{"taxonomy":"product_brand","embeddable":true,"href":"https:\/\/alpaka-shop.com\/fi\/wp-json\/wp\/v2\/product_brand?post=27759"},{"taxonomy":"product_cat","embeddable":true,"href":"https:\/\/alpaka-shop.com\/fi\/wp-json\/wp\/v2\/product_cat?post=27759"},{"taxonomy":"product_tag","embeddable":true,"href":"https:\/\/alpaka-shop.com\/fi\/wp-json\/wp\/v2\/product_tag?post=27759"},{"taxonomy":"product_shipping_class","embeddable":true,"href":"https:\/\/alpaka-shop.com\/fi\/wp-json\/wp\/v2\/product_shipping_class?post=27759"},{"taxonomy":"pa_soft-wrap-cardigan","embeddable":true,"href":"https:\/\/alpaka-shop.com\/fi\/wp-json\/wp\/v2\/pa_soft-wrap-cardigan?post=27759"}],"curies":[{"name":"wp","href":"https:\/\/api.w.org\/{rel}","templated":true}]}}