{"id":30522,"date":"2021-11-15T17:38:59","date_gmt":"2021-11-15T15:38:59","guid":{"rendered":"https:\/\/alpaka-shop.com\/lapset-beret\/"},"modified":"2026-03-11T09:49:00","modified_gmt":"2026-03-11T07:49:00","slug":"lapset-beret","status":"publish","type":"product","link":"https:\/\/alpaka-shop.com\/fi\/lapset-beret\/","title":{"rendered":"Lapset Beret"},"content":{"rendered":"","protected":false},"excerpt":{"rendered":"<p>Vanhemmasta on kiehtovaa seurata, miten lapset kasvavat ja alkavat kehitt\u00e4\u00e4 omaa tyylitajuaan. Lasten baskeri on eritt\u00e4in hauska ja muodikas valinta pikkuiselle muotiharrastajalle.<\/p>\n<p>Tyylikk\u00e4\u00e4n ulkon\u00e4k\u00f6ns\u00e4 lis\u00e4ksi t\u00e4m\u00e4 eritt\u00e4in pehme\u00e4 alpakkavillasekoitteinen p\u00e4\u00e4hine on suunniteltu asiantuntevasti niin, ett\u00e4 se on eritt\u00e4in mukava kylmiss\u00e4 olosuhteissa.<\/p>\n<p>MATERIAL<br \/>\n<strong>60% Baby Alpakka, 5% Merinovilla (21mic.), 35% Polyamidi<\/strong><\/p>\n<p>&nbsp;<\/p>\n","protected":false},"featured_media":30134,"template":"","meta":{"_acf_changed":false},"product_brand":[],"product_cat":[909],"product_tag":[],"product_shipping_class":[],"pa_soft-wrap-cardigan":[],"class_list":{"0":"post-30522","1":"product","2":"type-product","3":"status-publish","4":"has-post-thumbnail","6":"product_cat-lapset","8":"first","9":"instock","10":"taxable","11":"shipping-taxable","12":"purchasable","13":"product-type-variable","14":"has-default-attributes","15":"wvs-archive-product-wrapper"},"bundled_by":[],"bundle_stock_status":"instock","bundle_stock_quantity":null,"bundle_virtual":false,"bundle_layout":"","bundle_add_to_cart_form_location":"","bundle_editable_in_cart":false,"bundle_sold_individually_context":"","bundle_item_grouping":"","bundle_min_size":"","bundle_max_size":"","bundle_price":[],"bundled_items":[],"bundle_sell_ids":[],"acf":[],"aioseo_notices":[],"_links":{"self":[{"href":"https:\/\/alpaka-shop.com\/fi\/wp-json\/wp\/v2\/product\/30522","targetHints":{"allow":["GET"]}}],"collection":[{"href":"https:\/\/alpaka-shop.com\/fi\/wp-json\/wp\/v2\/product"}],"about":[{"href":"https:\/\/alpaka-shop.com\/fi\/wp-json\/wp\/v2\/types\/product"}],"wp:featuredmedia":[{"embeddable":true,"href":"https:\/\/alpaka-shop.com\/fi\/wp-json\/wp\/v2\/media\/30134"}],"wp:attachment":[{"href":"https:\/\/alpaka-shop.com\/fi\/wp-json\/wp\/v2\/media?parent=30522"}],"wp:term":[{"taxonomy":"product_brand","embeddable":true,"href":"https:\/\/alpaka-shop.com\/fi\/wp-json\/wp\/v2\/product_brand?post=30522"},{"taxonomy":"product_cat","embeddable":true,"href":"https:\/\/alpaka-shop.com\/fi\/wp-json\/wp\/v2\/product_cat?post=30522"},{"taxonomy":"product_tag","embeddable":true,"href":"https:\/\/alpaka-shop.com\/fi\/wp-json\/wp\/v2\/product_tag?post=30522"},{"taxonomy":"product_shipping_class","embeddable":true,"href":"https:\/\/alpaka-shop.com\/fi\/wp-json\/wp\/v2\/product_shipping_class?post=30522"},{"taxonomy":"pa_soft-wrap-cardigan","embeddable":true,"href":"https:\/\/alpaka-shop.com\/fi\/wp-json\/wp\/v2\/pa_soft-wrap-cardigan?post=30522"}],"curies":[{"name":"wp","href":"https:\/\/api.w.org\/{rel}","templated":true}]}}