{"id":30587,"date":"2021-11-16T21:36:29","date_gmt":"2021-11-16T19:36:29","guid":{"rendered":"https:\/\/alpaka-shop.com\/poolokauluksinen-pusero\/"},"modified":"2026-03-16T10:00:19","modified_gmt":"2026-03-16T08:00:19","slug":"poolokauluksinen-pusero","status":"publish","type":"product","link":"https:\/\/alpaka-shop.com\/fi\/poolokauluksinen-pusero\/","title":{"rendered":"Poolokauluksinen pusero"},"content":{"rendered":"","protected":false},"excerpt":{"rendered":"<p>Dolcevita-neuleemme on puhdaslinjainen ja hillittyj\u00e4 s\u00e4vyj\u00e4 sis\u00e4lt\u00e4v\u00e4 tuote. Hieno royal-alpakkavilla tekee siit\u00e4 uskomattoman kevyen, joten se sopii mainiosti kerrospukeutumiseen puvuntakin alle.<\/p>\n<p>Mukava poolokaulus pit\u00e4\u00e4 sinut l\u00e4mpim\u00e4n\u00e4 ja suojassa kylmimpin\u00e4kin p\u00e4ivin\u00e4. T\u00e4ydenn\u00e4 talvip\u00e4iv\u00e4si l\u00e4mpimill\u00e4 tunteilla.<\/p>\n<p>100% royal-alpakasta valmistettu pusero<\/p>\n","protected":false},"featured_media":54006,"template":"","meta":{"_acf_changed":false},"product_brand":[],"product_cat":[68,103],"product_tag":[],"product_shipping_class":[],"pa_soft-wrap-cardigan":[],"class_list":{"0":"post-30587","1":"product","2":"type-product","3":"status-publish","4":"has-post-thumbnail","6":"product_cat-miehet","7":"product_cat-neulepuserot-ja-taki","9":"first","10":"instock","11":"taxable","12":"shipping-taxable","13":"purchasable","14":"product-type-variable","15":"has-default-attributes","16":"wvs-archive-product-wrapper"},"bundled_by":[],"bundle_stock_status":"instock","bundle_stock_quantity":null,"bundle_virtual":false,"bundle_layout":"","bundle_add_to_cart_form_location":"","bundle_editable_in_cart":false,"bundle_sold_individually_context":"","bundle_item_grouping":"","bundle_min_size":"","bundle_max_size":"","bundle_price":[],"bundled_items":[],"bundle_sell_ids":[],"acf":[],"aioseo_notices":[],"_links":{"self":[{"href":"https:\/\/alpaka-shop.com\/fi\/wp-json\/wp\/v2\/product\/30587","targetHints":{"allow":["GET"]}}],"collection":[{"href":"https:\/\/alpaka-shop.com\/fi\/wp-json\/wp\/v2\/product"}],"about":[{"href":"https:\/\/alpaka-shop.com\/fi\/wp-json\/wp\/v2\/types\/product"}],"wp:featuredmedia":[{"embeddable":true,"href":"https:\/\/alpaka-shop.com\/fi\/wp-json\/wp\/v2\/media\/54006"}],"wp:attachment":[{"href":"https:\/\/alpaka-shop.com\/fi\/wp-json\/wp\/v2\/media?parent=30587"}],"wp:term":[{"taxonomy":"product_brand","embeddable":true,"href":"https:\/\/alpaka-shop.com\/fi\/wp-json\/wp\/v2\/product_brand?post=30587"},{"taxonomy":"product_cat","embeddable":true,"href":"https:\/\/alpaka-shop.com\/fi\/wp-json\/wp\/v2\/product_cat?post=30587"},{"taxonomy":"product_tag","embeddable":true,"href":"https:\/\/alpaka-shop.com\/fi\/wp-json\/wp\/v2\/product_tag?post=30587"},{"taxonomy":"product_shipping_class","embeddable":true,"href":"https:\/\/alpaka-shop.com\/fi\/wp-json\/wp\/v2\/product_shipping_class?post=30587"},{"taxonomy":"pa_soft-wrap-cardigan","embeddable":true,"href":"https:\/\/alpaka-shop.com\/fi\/wp-json\/wp\/v2\/pa_soft-wrap-cardigan?post=30587"}],"curies":[{"name":"wp","href":"https:\/\/api.w.org\/{rel}","templated":true}]}}