{"id":30789,"date":"2020-11-11T14:54:06","date_gmt":"2020-11-11T12:54:06","guid":{"rendered":"https:\/\/alpaka-shop.com\/tupsullinen-kevyt-fisherman\/"},"modified":"2026-04-20T12:20:16","modified_gmt":"2026-04-20T09:20:16","slug":"tupsullinen-kevyt-fisherman","status":"publish","type":"product","link":"https:\/\/alpaka-shop.com\/fi\/tupsullinen-kevyt-fisherman\/","title":{"rendered":"Tupsullinen kevyt Fisherman\u00b4s"},"content":{"rendered":"","protected":false},"excerpt":{"rendered":"<p>Pukeutumalla kaduille tai ly\u00f6m\u00e4ll\u00e4 rinteisiin, t\u00e4m\u00e4 tyylik\u00e4s pipo pit\u00e4\u00e4 sinut tyylikk\u00e4\u00e4sti l\u00e4mpim\u00e4n\u00e4.<\/p>\n<p>Se on valmistettu pehme\u00e4st\u00e4 baby alpakanvillan sekoituksesta, joka on kest\u00e4v\u00e4, samettisen pehme\u00e4 ja ajattomasti suunniteltu &#8211; moderni lis\u00e4varuste, jota rakastetaan monien talvien ajan.<\/p>\n<p>MATERIAALI<br \/>\n<b>100% Baby-alpakka<\/b><\/p>\n","protected":false},"featured_media":45339,"template":"","meta":{"_acf_changed":false},"product_brand":[],"product_cat":[2813,63,101],"product_tag":[],"product_shipping_class":[],"pa_soft-wrap-cardigan":[],"class_list":{"0":"post-30789","1":"product","2":"type-product","3":"status-publish","4":"has-post-thumbnail","6":"product_cat-march-edit-fi","7":"product_cat-naiset","8":"product_cat-paahineet","10":"first","11":"instock","12":"taxable","13":"shipping-taxable","14":"purchasable","15":"product-type-variable","16":"has-default-attributes","17":"wvs-archive-product-wrapper"},"bundled_by":[],"bundle_stock_status":"instock","bundle_stock_quantity":null,"bundle_virtual":false,"bundle_layout":"","bundle_add_to_cart_form_location":"","bundle_editable_in_cart":false,"bundle_sold_individually_context":"","bundle_item_grouping":"","bundle_min_size":"","bundle_max_size":"","bundle_price":[],"bundled_items":[],"bundle_sell_ids":[],"acf":[],"aioseo_notices":[],"_links":{"self":[{"href":"https:\/\/alpaka-shop.com\/fi\/wp-json\/wp\/v2\/product\/30789","targetHints":{"allow":["GET"]}}],"collection":[{"href":"https:\/\/alpaka-shop.com\/fi\/wp-json\/wp\/v2\/product"}],"about":[{"href":"https:\/\/alpaka-shop.com\/fi\/wp-json\/wp\/v2\/types\/product"}],"wp:featuredmedia":[{"embeddable":true,"href":"https:\/\/alpaka-shop.com\/fi\/wp-json\/wp\/v2\/media\/45339"}],"wp:attachment":[{"href":"https:\/\/alpaka-shop.com\/fi\/wp-json\/wp\/v2\/media?parent=30789"}],"wp:term":[{"taxonomy":"product_brand","embeddable":true,"href":"https:\/\/alpaka-shop.com\/fi\/wp-json\/wp\/v2\/product_brand?post=30789"},{"taxonomy":"product_cat","embeddable":true,"href":"https:\/\/alpaka-shop.com\/fi\/wp-json\/wp\/v2\/product_cat?post=30789"},{"taxonomy":"product_tag","embeddable":true,"href":"https:\/\/alpaka-shop.com\/fi\/wp-json\/wp\/v2\/product_tag?post=30789"},{"taxonomy":"product_shipping_class","embeddable":true,"href":"https:\/\/alpaka-shop.com\/fi\/wp-json\/wp\/v2\/product_shipping_class?post=30789"},{"taxonomy":"pa_soft-wrap-cardigan","embeddable":true,"href":"https:\/\/alpaka-shop.com\/fi\/wp-json\/wp\/v2\/pa_soft-wrap-cardigan?post=30789"}],"curies":[{"name":"wp","href":"https:\/\/api.w.org\/{rel}","templated":true}]}}