{"id":30944,"date":"2020-11-12T12:10:30","date_gmt":"2020-11-12T10:10:30","guid":{"rendered":"https:\/\/alpaka-shop.com\/palmikkopipo\/"},"modified":"2026-04-15T11:20:04","modified_gmt":"2026-04-15T08:20:04","slug":"palmikkopipo","status":"publish","type":"product","link":"https:\/\/alpaka-shop.com\/fi\/palmikkopipo\/","title":{"rendered":"Palmikkopipo"},"content":{"rendered":"","protected":false},"excerpt":{"rendered":"<p><span data-sheets-value=\"{&quot;1&quot;:2,&quot;2&quot;:&quot;Palmikkopipo \/ Palmikkopipo pudasta baby alpakanvillasta \/ T\u00e4ss\u00e4 tyylik\u00e4ss\u00e4 ja rentoossa pipossa on kaunis silmiinpist\u00e4v\u00e4 palmikkokuvio. Valmistettu baby alpakanvillasta, joka on verraton pehmeyden suhteen ja sopii ihanasti my\u00f6s herkk\u00e4ihoisille kun se ei p\u00f6lyt\u00e4 ja on kutitamatonta. Se n\u00e4ytt\u00e4\u00e4 vaivattomasti tyylik\u00e4lt\u00e4 maanl\u00e4heisill\u00e4 talvitakkeilla sek\u00e4 muilla asuilla. Saatavilla sek\u00e4 julmuuden vapaan alpakan turkispompomin varustamana tai ilman sit\u00e4.&quot;}\" data-sheets-userformat=\"{&quot;2&quot;:769,&quot;3&quot;:{&quot;1&quot;:0},&quot;11&quot;:4,&quot;12&quot;:0}\" data-sheets-textstyleruns=\"{&quot;1&quot;:0,&quot;2&quot;:{&quot;5&quot;:1}}\uee10{&quot;1&quot;:13}\uee10{&quot;1&quot;:15,&quot;2&quot;:{&quot;4&quot;:9,&quot;6&quot;:1}}\uee10{&quot;1&quot;:56}\">T\u00e4ss\u00e4 tyylik\u00e4ss\u00e4 ja rentoossa pipossa on kaunis silmiinpist\u00e4v\u00e4 palmikkokuvio. <\/span><span data-sheets-value=\"{&quot;1&quot;:2,&quot;2&quot;:&quot;Palmikkopipo \/ Palmikkopipo pudasta baby alpakanvillasta \/ T\u00e4ss\u00e4 tyylik\u00e4ss\u00e4 ja rentoossa pipossa on kaunis silmiinpist\u00e4v\u00e4 palmikkokuvio. Valmistettu baby alpakanvillasta, joka on verraton pehmeyden suhteen ja sopii ihanasti my\u00f6s herkk\u00e4ihoisille kun se ei p\u00f6lyt\u00e4 ja on kutitamatonta. Se n\u00e4ytt\u00e4\u00e4 vaivattomasti tyylik\u00e4lt\u00e4 maanl\u00e4heisill\u00e4 talvitakkeilla sek\u00e4 muilla asuilla. Saatavilla sek\u00e4 julmuuden vapaan alpakan turkispompomin varustamana tai ilman sit\u00e4.&quot;}\" data-sheets-userformat=\"{&quot;2&quot;:769,&quot;3&quot;:{&quot;1&quot;:0},&quot;11&quot;:4,&quot;12&quot;:0}\" data-sheets-textstyleruns=\"{&quot;1&quot;:0,&quot;2&quot;:{&quot;5&quot;:1}}\uee10{&quot;1&quot;:13}\uee10{&quot;1&quot;:15,&quot;2&quot;:{&quot;4&quot;:9,&quot;6&quot;:1}}\uee10{&quot;1&quot;:56}\">Valmistettu baby alpakanvillasta, joka on verraton pehmeyden suhteen ja sopii ihanasti my\u00f6s herkk\u00e4ihoisille kun se ei p\u00f6lyt\u00e4 ja on kutitamatonta. <\/span><\/p>\n<p><span data-sheets-value=\"{&quot;1&quot;:2,&quot;2&quot;:&quot;Palmikkopipo \/ Palmikkopipo pudasta baby alpakanvillasta \/ T\u00e4ss\u00e4 tyylik\u00e4ss\u00e4 ja rentoossa pipossa on kaunis silmiinpist\u00e4v\u00e4 palmikkokuvio. Valmistettu baby alpakanvillasta, joka on verraton pehmeyden suhteen ja sopii ihanasti my\u00f6s herkk\u00e4ihoisille kun se ei p\u00f6lyt\u00e4 ja on kutitamatonta. Se n\u00e4ytt\u00e4\u00e4 vaivattomasti tyylik\u00e4lt\u00e4 maanl\u00e4heisill\u00e4 talvitakkeilla sek\u00e4 muilla asuilla. Saatavilla sek\u00e4 julmuuden vapaan alpakan turkispompomin varustamana tai ilman sit\u00e4.&quot;}\" data-sheets-userformat=\"{&quot;2&quot;:769,&quot;3&quot;:{&quot;1&quot;:0},&quot;11&quot;:4,&quot;12&quot;:0}\" data-sheets-textstyleruns=\"{&quot;1&quot;:0,&quot;2&quot;:{&quot;5&quot;:1}}\uee10{&quot;1&quot;:13}\uee10{&quot;1&quot;:15,&quot;2&quot;:{&quot;4&quot;:9,&quot;6&quot;:1}}\uee10{&quot;1&quot;:56}\">Se n\u00e4ytt\u00e4\u00e4 vaivattomasti tyylik\u00e4lt\u00e4 maanl\u00e4heisill\u00e4 talvitakkeilla sek\u00e4 muilla asuilla. Saatavilla sek\u00e4 julmuuden vapaan alpakan turkispompomin varustamana tai ilman sit\u00e4.<\/span><\/p>\n<p>MATERIAALI<br \/>\n<b>100% Baby alpakka<\/b><\/p>\n","protected":false},"featured_media":39774,"template":"","meta":{"_acf_changed":false},"product_brand":[],"product_cat":[63,101],"product_tag":[],"product_shipping_class":[],"pa_soft-wrap-cardigan":[],"class_list":{"0":"post-30944","1":"product","2":"type-product","3":"status-publish","4":"has-post-thumbnail","6":"product_cat-naiset","7":"product_cat-paahineet","9":"first","10":"instock","11":"taxable","12":"shipping-taxable","13":"purchasable","14":"product-type-variable","15":"has-default-attributes","16":"wvs-archive-product-wrapper"},"bundled_by":[],"bundle_stock_status":"instock","bundle_stock_quantity":null,"bundle_virtual":false,"bundle_layout":"","bundle_add_to_cart_form_location":"","bundle_editable_in_cart":false,"bundle_sold_individually_context":"","bundle_item_grouping":"","bundle_min_size":"","bundle_max_size":"","bundle_price":[],"bundled_items":[],"bundle_sell_ids":[],"acf":[],"aioseo_notices":[],"_links":{"self":[{"href":"https:\/\/alpaka-shop.com\/fi\/wp-json\/wp\/v2\/product\/30944","targetHints":{"allow":["GET"]}}],"collection":[{"href":"https:\/\/alpaka-shop.com\/fi\/wp-json\/wp\/v2\/product"}],"about":[{"href":"https:\/\/alpaka-shop.com\/fi\/wp-json\/wp\/v2\/types\/product"}],"wp:featuredmedia":[{"embeddable":true,"href":"https:\/\/alpaka-shop.com\/fi\/wp-json\/wp\/v2\/media\/39774"}],"wp:attachment":[{"href":"https:\/\/alpaka-shop.com\/fi\/wp-json\/wp\/v2\/media?parent=30944"}],"wp:term":[{"taxonomy":"product_brand","embeddable":true,"href":"https:\/\/alpaka-shop.com\/fi\/wp-json\/wp\/v2\/product_brand?post=30944"},{"taxonomy":"product_cat","embeddable":true,"href":"https:\/\/alpaka-shop.com\/fi\/wp-json\/wp\/v2\/product_cat?post=30944"},{"taxonomy":"product_tag","embeddable":true,"href":"https:\/\/alpaka-shop.com\/fi\/wp-json\/wp\/v2\/product_tag?post=30944"},{"taxonomy":"product_shipping_class","embeddable":true,"href":"https:\/\/alpaka-shop.com\/fi\/wp-json\/wp\/v2\/product_shipping_class?post=30944"},{"taxonomy":"pa_soft-wrap-cardigan","embeddable":true,"href":"https:\/\/alpaka-shop.com\/fi\/wp-json\/wp\/v2\/pa_soft-wrap-cardigan?post=30944"}],"curies":[{"name":"wp","href":"https:\/\/api.w.org\/{rel}","templated":true}]}}