{"id":31579,"date":"2021-11-24T16:28:52","date_gmt":"2021-11-24T14:28:52","guid":{"rendered":"https:\/\/alpaka-shop.com\/?post_type=product&#038;p=31579"},"modified":"2026-04-13T13:00:09","modified_gmt":"2026-04-13T10:00:09","slug":"kevyt-palmikkoneulepusero","status":"publish","type":"product","link":"https:\/\/alpaka-shop.com\/fi\/kevyt-palmikkoneulepusero\/","title":{"rendered":"Kevyt palmikkoneulepusero"},"content":{"rendered":"","protected":false},"excerpt":{"rendered":"<p><span data-sheets-value=\"{&quot;1&quot;:2,&quot;2&quot;:&quot;rnKevyt palmikkoneulepusero \/Ilmava alpakkasekoitteinen pusero \/ ilmava alpakka\/villasekoitteinen pusero\/rnIlmavasta palmikkoneulepuserosta tulee nopeasti suosikkisi jokap\u00e4iv\u00e4iseksi villavaatteeksi. T\u00e4ss\u00e4 suoralinjaisessa puserossa on resorireunukset, ja helma on edest\u00e4 hieman pidempi kuin takaa. Alpakka\/villasekoitteesta valmistettu neulos on poikkeuksellisen l\u00e4mmin mutta silti kevyt ja hengitt\u00e4v\u00e4. Minimalistinen malli takaa sen, ett\u00e4 vaate sopii l\u00e4hes mihin tahansa vaatehuoneestasi l\u00f6ytyv\u00e4\u00e4n asuun, mik\u00e4 tekee aamuisesta pukeutumisesta silkkaa iloa. rnrnrn&quot;}\" data-sheets-userformat=\"{&quot;2&quot;:771,&quot;3&quot;:{&quot;1&quot;:0},&quot;4&quot;:{&quot;1&quot;:3,&quot;3&quot;:2},&quot;11&quot;:4,&quot;12&quot;:0}\" data-sheets-textstyleruns=\"{&quot;1&quot;:0}\uee10{&quot;1&quot;:29,&quot;2&quot;:{&quot;4&quot;:8}}\uee10{&quot;1&quot;:62}\">Ilmavasta palmikkoneulepuserosta tulee nopeasti suosikkisi jokap\u00e4iv\u00e4iseksi villavaatteeksi. T\u00e4ss\u00e4 suoralinjaisessa puserossa on resorireunukset, ja helma on edest\u00e4 hieman pidempi kuin takaa. Alpakka\/villasekoitteesta valmistettu neulos on poikkeuksellisen l\u00e4mmin mutta silti kevyt ja hengitt\u00e4v\u00e4. Minimalistinen malli takaa sen, ett\u00e4 vaate sopii l\u00e4hes mihin tahansa vaatehuoneestasi l\u00f6ytyv\u00e4\u00e4n asuun, mik\u00e4 tekee aamuisesta pukeutumisesta silkkaa iloa.<\/span><\/p>\n<p>MATERIAALI<br \/>\n<strong>60% baby alpakka, 5% merinovilla (21mic.), 35% polyamidi<\/strong><\/p>\n<p>&nbsp;<\/p>\n<p>&nbsp;<\/p>\n<p>&nbsp;<\/p>\n","protected":false},"featured_media":54196,"template":"","meta":{"_acf_changed":false},"product_brand":[],"product_cat":[63,99],"product_tag":[],"product_shipping_class":[],"pa_soft-wrap-cardigan":[],"class_list":{"0":"post-31579","1":"product","2":"type-product","3":"status-publish","4":"has-post-thumbnail","6":"product_cat-naiset","7":"product_cat-neulepuserot-ja-takit","9":"first","10":"instock","11":"sale","12":"taxable","13":"shipping-taxable","14":"purchasable","15":"product-type-variable","16":"has-default-attributes","17":"wvs-archive-product-wrapper"},"bundled_by":[],"bundle_stock_status":"instock","bundle_stock_quantity":null,"bundle_virtual":false,"bundle_layout":"","bundle_add_to_cart_form_location":"","bundle_editable_in_cart":false,"bundle_sold_individually_context":"","bundle_item_grouping":"","bundle_min_size":"","bundle_max_size":"","bundle_price":[],"bundled_items":[],"bundle_sell_ids":[],"acf":[],"aioseo_notices":[],"_links":{"self":[{"href":"https:\/\/alpaka-shop.com\/fi\/wp-json\/wp\/v2\/product\/31579","targetHints":{"allow":["GET"]}}],"collection":[{"href":"https:\/\/alpaka-shop.com\/fi\/wp-json\/wp\/v2\/product"}],"about":[{"href":"https:\/\/alpaka-shop.com\/fi\/wp-json\/wp\/v2\/types\/product"}],"wp:featuredmedia":[{"embeddable":true,"href":"https:\/\/alpaka-shop.com\/fi\/wp-json\/wp\/v2\/media\/54196"}],"wp:attachment":[{"href":"https:\/\/alpaka-shop.com\/fi\/wp-json\/wp\/v2\/media?parent=31579"}],"wp:term":[{"taxonomy":"product_brand","embeddable":true,"href":"https:\/\/alpaka-shop.com\/fi\/wp-json\/wp\/v2\/product_brand?post=31579"},{"taxonomy":"product_cat","embeddable":true,"href":"https:\/\/alpaka-shop.com\/fi\/wp-json\/wp\/v2\/product_cat?post=31579"},{"taxonomy":"product_tag","embeddable":true,"href":"https:\/\/alpaka-shop.com\/fi\/wp-json\/wp\/v2\/product_tag?post=31579"},{"taxonomy":"product_shipping_class","embeddable":true,"href":"https:\/\/alpaka-shop.com\/fi\/wp-json\/wp\/v2\/product_shipping_class?post=31579"},{"taxonomy":"pa_soft-wrap-cardigan","embeddable":true,"href":"https:\/\/alpaka-shop.com\/fi\/wp-json\/wp\/v2\/pa_soft-wrap-cardigan?post=31579"}],"curies":[{"name":"wp","href":"https:\/\/api.w.org\/{rel}","templated":true}]}}