{"id":31636,"date":"2021-11-24T16:36:22","date_gmt":"2021-11-24T14:36:22","guid":{"rendered":"https:\/\/alpaka-shop.com\/?post_type=product&#038;p=31636"},"modified":"2026-03-11T09:30:43","modified_gmt":"2026-03-11T07:30:43","slug":"kevyt-pooloneule","status":"publish","type":"product","link":"https:\/\/alpaka-shop.com\/fi\/kevyt-pooloneule\/","title":{"rendered":"Kevyt pooloneule"},"content":{"rendered":"","protected":false},"excerpt":{"rendered":"<p><span data-sheets-value=\"{&quot;1&quot;:2,&quot;2&quot;:&quot;Kevyt pooloneule \/100% royal-alpakasta valmistettu pusero \/ 100% royal-alpakasta valmistettu pooloneule \/ Oletko valmis kokeilemaan jotakin l\u00e4mmint\u00e4 ja ylellist\u00e4? Kevyt pooloneule on ehdoton talvivaate. Ylellinen ja pehme\u00e4 royal-alpakkavilla takaa t\u00e4ydellisen l\u00e4mpimyyden. Neuleen kaksi neutraalia v\u00e4ris\u00e4vy\u00e4 sopivat kaikkeen vaatehuoneestasi l\u00f6ytyv\u00e4\u00e4n, mik\u00e4 tekee pukeutumisesta juhlaa ja antaa hyv\u00e4n mielen koko loppup\u00e4iv\u00e4ksi!&quot;}\" data-sheets-userformat=\"{&quot;2&quot;:771,&quot;3&quot;:{&quot;1&quot;:0},&quot;4&quot;:{&quot;1&quot;:3,&quot;3&quot;:2},&quot;11&quot;:4,&quot;12&quot;:0}\" data-sheets-textstyleruns=\"{&quot;1&quot;:0}\uee10{&quot;1&quot;:18,&quot;2&quot;:{&quot;4&quot;:8}}\uee10{&quot;1&quot;:106}\">Oletko valmis kokeilemaan jotakin l\u00e4mmint\u00e4 ja ylellist\u00e4? Kevyt pooloneule on ehdoton talvivaate. Ylellinen ja pehme\u00e4 royal-alpakkavilla takaa t\u00e4ydellisen l\u00e4mpimyyden. Neuleen kaksi neutraalia v\u00e4ris\u00e4vy\u00e4 sopivat kaikkeen vaatehuoneestasi l\u00f6ytyv\u00e4\u00e4n, mik\u00e4 tekee pukeutumisesta juhlaa ja antaa hyv\u00e4n mielen koko loppup\u00e4iv\u00e4ksi!<\/span><\/p>\n<p>MATERIAALI<br \/>\n<strong>100% royal alpakka<\/strong><\/p>\n<p>&nbsp;<\/p>\n","protected":false},"featured_media":31672,"template":"","meta":{"_acf_changed":false},"product_brand":[],"product_cat":[63,99],"product_tag":[],"product_shipping_class":[],"pa_soft-wrap-cardigan":[],"class_list":{"0":"post-31636","1":"product","2":"type-product","3":"status-publish","4":"has-post-thumbnail","6":"product_cat-naiset","7":"product_cat-neulepuserot-ja-takit","9":"first","10":"instock","11":"sale","12":"taxable","13":"shipping-taxable","14":"purchasable","15":"product-type-variable","16":"has-default-attributes","17":"wvs-archive-product-wrapper"},"bundled_by":[],"bundle_stock_status":"instock","bundle_stock_quantity":null,"bundle_virtual":false,"bundle_layout":"","bundle_add_to_cart_form_location":"","bundle_editable_in_cart":false,"bundle_sold_individually_context":"","bundle_item_grouping":"","bundle_min_size":"","bundle_max_size":"","bundle_price":[],"bundled_items":[],"bundle_sell_ids":[],"acf":[],"aioseo_notices":[],"_links":{"self":[{"href":"https:\/\/alpaka-shop.com\/fi\/wp-json\/wp\/v2\/product\/31636","targetHints":{"allow":["GET"]}}],"collection":[{"href":"https:\/\/alpaka-shop.com\/fi\/wp-json\/wp\/v2\/product"}],"about":[{"href":"https:\/\/alpaka-shop.com\/fi\/wp-json\/wp\/v2\/types\/product"}],"wp:featuredmedia":[{"embeddable":true,"href":"https:\/\/alpaka-shop.com\/fi\/wp-json\/wp\/v2\/media\/31672"}],"wp:attachment":[{"href":"https:\/\/alpaka-shop.com\/fi\/wp-json\/wp\/v2\/media?parent=31636"}],"wp:term":[{"taxonomy":"product_brand","embeddable":true,"href":"https:\/\/alpaka-shop.com\/fi\/wp-json\/wp\/v2\/product_brand?post=31636"},{"taxonomy":"product_cat","embeddable":true,"href":"https:\/\/alpaka-shop.com\/fi\/wp-json\/wp\/v2\/product_cat?post=31636"},{"taxonomy":"product_tag","embeddable":true,"href":"https:\/\/alpaka-shop.com\/fi\/wp-json\/wp\/v2\/product_tag?post=31636"},{"taxonomy":"product_shipping_class","embeddable":true,"href":"https:\/\/alpaka-shop.com\/fi\/wp-json\/wp\/v2\/product_shipping_class?post=31636"},{"taxonomy":"pa_soft-wrap-cardigan","embeddable":true,"href":"https:\/\/alpaka-shop.com\/fi\/wp-json\/wp\/v2\/pa_soft-wrap-cardigan?post=31636"}],"curies":[{"name":"wp","href":"https:\/\/api.w.org\/{rel}","templated":true}]}}