{"id":33994,"date":"2021-11-14T17:17:17","date_gmt":"2021-11-14T15:17:17","guid":{"rendered":"https:\/\/alpaka-shop.com\/kevyt-neulehuivi\/"},"modified":"2026-03-24T14:20:11","modified_gmt":"2026-03-24T12:20:11","slug":"kevyt-neulehuivi","status":"publish","type":"product","link":"https:\/\/alpaka-shop.com\/fi\/kevyt-neulehuivi\/","title":{"rendered":"Kevyt neulehuivi"},"content":{"rendered":"","protected":false},"excerpt":{"rendered":"<p><span data-sheets-value=\"{&quot;1&quot;:2,&quot;2&quot;:&quot;Kevyt neulehuivi\/ Alpakkavillasekoitehuivi\/ Alpakkavillasekoitteinen neulehuivi \/ Etsitk\u00f6 jotakin ajatonta, johon voisit kietoutua? Kevyt neulehuivi tuo hienostuneisuutta asukokonaisuuksiin ja pit\u00e4\u00e4 niskan l\u00e4mpim\u00e4n\u00e4 ja suojattuna kylmill\u00e4 s\u00e4ill\u00e4. Neuloksen ansiosta huivissa on ainutlaatuinen muotoilu ja tuntuma. Ihanan mukava alpakkavillasekoitehuivi on ehdoton valinta kylmin\u00e4 vuodenaikoina. Huivin pariksi voit ottaa sen s\u00e4vyyn sopivan neulepipomme.. &quot;}\" data-sheets-userformat=\"{&quot;2&quot;:769,&quot;3&quot;:{&quot;1&quot;:0},&quot;11&quot;:4,&quot;12&quot;:0}\" data-sheets-textstyleruns=\"{&quot;1&quot;:0}\uee10{&quot;1&quot;:17,&quot;2&quot;:{&quot;4&quot;:8}}\uee10{&quot;1&quot;:81}\">Etsitk\u00f6 jotakin ajatonta, johon voisit kietoutua? Kevyt neulehuivi tuo hienostuneisuutta asukokonaisuuksiin ja pit\u00e4\u00e4 niskan l\u00e4mpim\u00e4n\u00e4 ja suojattuna kylmill\u00e4 s\u00e4ill\u00e4. Neuloksen ansiosta huivissa on ainutlaatuinen muotoilu ja tuntuma. Ihanan mukava alpakkavillasekoitehuivi on ehdoton valinta kylmin\u00e4 vuodenaikoina. Huivin pariksi voit ottaa sen s\u00e4vyyn sopivan neulepipomme.<\/span><\/p>\n<p>MATERIAALI<br \/>\n<strong>100% baby alpakka<\/strong><\/p>\n<p>&nbsp;<\/p>\n<p>&nbsp;<\/p>\n","protected":false},"featured_media":46398,"template":"","meta":{"_acf_changed":false},"product_brand":[],"product_cat":[64,63],"product_tag":[],"product_shipping_class":[],"pa_soft-wrap-cardigan":[],"class_list":{"0":"post-33994","1":"product","2":"type-product","3":"status-publish","4":"has-post-thumbnail","6":"product_cat-huivit-ja-saalit","7":"product_cat-naiset","9":"first","10":"instock","11":"taxable","12":"shipping-taxable","13":"purchasable","14":"product-type-variable","15":"has-default-attributes","16":"wvs-archive-product-wrapper"},"bundled_by":[],"bundle_stock_status":"instock","bundle_stock_quantity":null,"bundle_virtual":false,"bundle_layout":"","bundle_add_to_cart_form_location":"","bundle_editable_in_cart":false,"bundle_sold_individually_context":"","bundle_item_grouping":"","bundle_min_size":"","bundle_max_size":"","bundle_price":[],"bundled_items":[],"bundle_sell_ids":[],"acf":[],"aioseo_notices":[],"_links":{"self":[{"href":"https:\/\/alpaka-shop.com\/fi\/wp-json\/wp\/v2\/product\/33994","targetHints":{"allow":["GET"]}}],"collection":[{"href":"https:\/\/alpaka-shop.com\/fi\/wp-json\/wp\/v2\/product"}],"about":[{"href":"https:\/\/alpaka-shop.com\/fi\/wp-json\/wp\/v2\/types\/product"}],"wp:featuredmedia":[{"embeddable":true,"href":"https:\/\/alpaka-shop.com\/fi\/wp-json\/wp\/v2\/media\/46398"}],"wp:attachment":[{"href":"https:\/\/alpaka-shop.com\/fi\/wp-json\/wp\/v2\/media?parent=33994"}],"wp:term":[{"taxonomy":"product_brand","embeddable":true,"href":"https:\/\/alpaka-shop.com\/fi\/wp-json\/wp\/v2\/product_brand?post=33994"},{"taxonomy":"product_cat","embeddable":true,"href":"https:\/\/alpaka-shop.com\/fi\/wp-json\/wp\/v2\/product_cat?post=33994"},{"taxonomy":"product_tag","embeddable":true,"href":"https:\/\/alpaka-shop.com\/fi\/wp-json\/wp\/v2\/product_tag?post=33994"},{"taxonomy":"product_shipping_class","embeddable":true,"href":"https:\/\/alpaka-shop.com\/fi\/wp-json\/wp\/v2\/product_shipping_class?post=33994"},{"taxonomy":"pa_soft-wrap-cardigan","embeddable":true,"href":"https:\/\/alpaka-shop.com\/fi\/wp-json\/wp\/v2\/pa_soft-wrap-cardigan?post=33994"}],"curies":[{"name":"wp","href":"https:\/\/api.w.org\/{rel}","templated":true}]}}