{"id":35305,"date":"2022-02-18T22:18:56","date_gmt":"2022-02-18T20:18:56","guid":{"rendered":"https:\/\/alpaka-shop.com\/palmikkokuvioitu-lasten-pipo-pompom\/"},"modified":"2026-02-19T10:00:20","modified_gmt":"2026-02-19T08:00:20","slug":"palmikkokuvioitu-lasten-pipo-pompom","status":"publish","type":"product","link":"https:\/\/alpaka-shop.com\/fi\/palmikkokuvioitu-lasten-pipo-pompom\/","title":{"rendered":"Palmikkokuvioitu lasten pipo POMPOM"},"content":{"rendered":"","protected":false},"excerpt":{"rendered":"<p>Lasten palmikkokuvioitu pipo on tyylik\u00e4s ja trendik\u00e4s. Pipo on valmistettu 100-prosenttisesta alpakan villasta, jota pidet\u00e4\u00e4n maailman parhaana luonnonkuituna ja joka on pehme\u00e4\u00e4 ja kest\u00e4v\u00e4\u00e4 ja sopii t\u00e4ydellisesti kaikille s\u00e4ille. Pid\u00e4 pikkuisesi suojattuina, jotta he voivat nauttia kaikista talven tarjoamista ulkoilumahdollisuuksista. Lasten palmikkokuvioitu pipo on saatavana tupsulla tai ilman tupsua.<\/p>\n","protected":false},"featured_media":44136,"template":"","meta":{"_acf_changed":false},"product_brand":[],"product_cat":[909],"product_tag":[],"product_shipping_class":[],"pa_soft-wrap-cardigan":[],"class_list":{"0":"post-35305","1":"product","2":"type-product","3":"status-publish","4":"has-post-thumbnail","6":"product_cat-lapset","8":"first","9":"instock","10":"taxable","11":"shipping-taxable","12":"purchasable","13":"product-type-variable","14":"has-default-attributes","15":"wvs-archive-product-wrapper"},"bundled_by":[],"bundle_stock_status":"instock","bundle_stock_quantity":null,"bundle_virtual":false,"bundle_layout":"","bundle_add_to_cart_form_location":"","bundle_editable_in_cart":false,"bundle_sold_individually_context":"","bundle_item_grouping":"","bundle_min_size":"","bundle_max_size":"","bundle_price":[],"bundled_items":[],"bundle_sell_ids":[],"acf":[],"aioseo_notices":[],"_links":{"self":[{"href":"https:\/\/alpaka-shop.com\/fi\/wp-json\/wp\/v2\/product\/35305","targetHints":{"allow":["GET"]}}],"collection":[{"href":"https:\/\/alpaka-shop.com\/fi\/wp-json\/wp\/v2\/product"}],"about":[{"href":"https:\/\/alpaka-shop.com\/fi\/wp-json\/wp\/v2\/types\/product"}],"wp:featuredmedia":[{"embeddable":true,"href":"https:\/\/alpaka-shop.com\/fi\/wp-json\/wp\/v2\/media\/44136"}],"wp:attachment":[{"href":"https:\/\/alpaka-shop.com\/fi\/wp-json\/wp\/v2\/media?parent=35305"}],"wp:term":[{"taxonomy":"product_brand","embeddable":true,"href":"https:\/\/alpaka-shop.com\/fi\/wp-json\/wp\/v2\/product_brand?post=35305"},{"taxonomy":"product_cat","embeddable":true,"href":"https:\/\/alpaka-shop.com\/fi\/wp-json\/wp\/v2\/product_cat?post=35305"},{"taxonomy":"product_tag","embeddable":true,"href":"https:\/\/alpaka-shop.com\/fi\/wp-json\/wp\/v2\/product_tag?post=35305"},{"taxonomy":"product_shipping_class","embeddable":true,"href":"https:\/\/alpaka-shop.com\/fi\/wp-json\/wp\/v2\/product_shipping_class?post=35305"},{"taxonomy":"pa_soft-wrap-cardigan","embeddable":true,"href":"https:\/\/alpaka-shop.com\/fi\/wp-json\/wp\/v2\/pa_soft-wrap-cardigan?post=35305"}],"curies":[{"name":"wp","href":"https:\/\/api.w.org\/{rel}","templated":true}]}}