{"id":35319,"date":"2021-12-03T11:33:26","date_gmt":"2021-12-03T09:33:26","guid":{"rendered":"https:\/\/alpaka-shop.com\/gift-set-light-fishermans-rib-hat-neckwarmer-for-kids\/"},"modified":"2021-12-03T11:33:26","modified_gmt":"2021-12-03T09:33:26","slug":"gift-set-light-fishermans-rib-hat-neckwarmer-for-kids","status":"publish","type":"product","link":"https:\/\/alpaka-shop.com\/fi\/gift-set-light-fishermans-rib-hat-neckwarmer-for-kids\/","title":{"rendered":"GIFT SET Light Fisherman\u00b4s Rib Hat &#038; Neckwarmer for kids"},"content":{"rendered":"","protected":false},"excerpt":{"rendered":"<p><span data-sheets-value=\"{&quot;1&quot;:2,&quot;2&quot;:&quot;Valmista pikkuisesi kylmiin s\u00e4ihin uudella l\u00e4mpim\u00e4ll\u00e4 tyylill\u00e4. Lasten neulepipo ja kauluri on t\u00e4ydellinen paketti lapsille, joille ulkoilu on kaikki kaikessa!&quot;}\" data-sheets-userformat=\"{&quot;2&quot;:769,&quot;3&quot;:{&quot;1&quot;:0},&quot;11&quot;:4,&quot;12&quot;:0}\">Valmista pikkuisesi kylmiin s\u00e4ihin uudella l\u00e4mpim\u00e4ll\u00e4 tyylill\u00e4. Lasten neulepipo ja kauluri on t\u00e4ydellinen paketti lapsille, joille ulkoilu on kaikki kaikessa!<\/span><\/p>\n","protected":false},"featured_media":0,"template":"","meta":{"_acf_changed":false},"product_brand":[],"product_cat":[909],"product_tag":[],"product_shipping_class":[],"pa_soft-wrap-cardigan":[],"class_list":{"0":"post-35319","1":"product","2":"type-product","3":"status-publish","5":"product_cat-lapset","7":"first","8":"instock","9":"sale","10":"taxable","11":"shipping-taxable","12":"purchasable","13":"product-type-variable","14":"has-default-attributes","15":"wvs-archive-product-wrapper"},"bundled_by":[],"bundle_stock_status":"instock","bundle_stock_quantity":null,"bundle_virtual":false,"bundle_layout":"","bundle_add_to_cart_form_location":"","bundle_editable_in_cart":false,"bundle_sold_individually_context":"","bundle_item_grouping":"","bundle_min_size":"","bundle_max_size":"","bundle_price":[],"bundled_items":[],"bundle_sell_ids":[],"acf":[],"aioseo_notices":[],"_links":{"self":[{"href":"https:\/\/alpaka-shop.com\/fi\/wp-json\/wp\/v2\/product\/35319","targetHints":{"allow":["GET"]}}],"collection":[{"href":"https:\/\/alpaka-shop.com\/fi\/wp-json\/wp\/v2\/product"}],"about":[{"href":"https:\/\/alpaka-shop.com\/fi\/wp-json\/wp\/v2\/types\/product"}],"wp:attachment":[{"href":"https:\/\/alpaka-shop.com\/fi\/wp-json\/wp\/v2\/media?parent=35319"}],"wp:term":[{"taxonomy":"product_brand","embeddable":true,"href":"https:\/\/alpaka-shop.com\/fi\/wp-json\/wp\/v2\/product_brand?post=35319"},{"taxonomy":"product_cat","embeddable":true,"href":"https:\/\/alpaka-shop.com\/fi\/wp-json\/wp\/v2\/product_cat?post=35319"},{"taxonomy":"product_tag","embeddable":true,"href":"https:\/\/alpaka-shop.com\/fi\/wp-json\/wp\/v2\/product_tag?post=35319"},{"taxonomy":"product_shipping_class","embeddable":true,"href":"https:\/\/alpaka-shop.com\/fi\/wp-json\/wp\/v2\/product_shipping_class?post=35319"},{"taxonomy":"pa_soft-wrap-cardigan","embeddable":true,"href":"https:\/\/alpaka-shop.com\/fi\/wp-json\/wp\/v2\/pa_soft-wrap-cardigan?post=35319"}],"curies":[{"name":"wp","href":"https:\/\/api.w.org\/{rel}","templated":true}]}}