{"id":35842,"date":"2022-04-06T18:06:27","date_gmt":"2022-04-06T15:06:27","guid":{"rendered":"https:\/\/alpaka-shop.com\/?post_type=product&#038;p=35842"},"modified":"2026-03-30T11:30:09","modified_gmt":"2026-03-30T08:30:09","slug":"tartaanikuvioitu-huivi-3","status":"publish","type":"product","link":"https:\/\/alpaka-shop.com\/fi\/tartaanikuvioitu-huivi-3\/","title":{"rendered":"Tartaanikuvioitu huivi"},"content":{"rendered":"","protected":false},"excerpt":{"rendered":"<p><span data-sheets-value=\"{&quot;1&quot;:2,&quot;2&quot;:&quot;Tartaanikuvioitu huivi \/ 100% babyalpakasta valmistettu tartaanikuvioinen huivi \/ Tartaanihuivi tunnetaan parhaiten monipuolisesta v\u00e4rivalikoimastaan. Asusi on uskomattoman helposti sovitettavissa huivimallin kaikkiin klassisiin v\u00e4reihin. Jos haluat her\u00e4tt\u00e4\u00e4 hieman huomiota, kannattaa etsi\u00e4 harmonisia kontrasteja tyylisi ja huivien rohkeampien v\u00e4rien v\u00e4lille, jotta vaikutelma olisi henkil\u00f6kohtaisempi. T\u00e4m\u00e4 kaunotar on valmistettu puhtaasta babyalpakkavillasta, joka tarjoaa ka\u0161mirvillan laadukasta pehmeytt\u00e4, ymp\u00e4rist\u00f6yst\u00e4v\u00e4llisyytt\u00e4, l\u00e4mm\u00f6nkestoa ja tietenkin silkin pehmeytt\u00e4.&quot;}\" data-sheets-userformat=\"{&quot;2&quot;:771,&quot;3&quot;:{&quot;1&quot;:0},&quot;4&quot;:{&quot;1&quot;:3,&quot;3&quot;:8},&quot;11&quot;:4,&quot;12&quot;:0}\" data-sheets-textstyleruns=\"{&quot;1&quot;:0}\uee10{&quot;1&quot;:25,&quot;2&quot;:{&quot;4&quot;:8}}\uee10{&quot;1&quot;:80}\">Tartaanihuivi tunnetaan parhaiten monipuolisesta v\u00e4rivalikoimastaan. Asusi on uskomattoman helposti sovitettavissa huivimallin kaikkiin klassisiin v\u00e4reihin. Jos haluat her\u00e4tt\u00e4\u00e4 hieman huomiota, kannattaa etsi\u00e4 harmonisia kontrasteja tyylisi ja huivien rohkeampien v\u00e4rien v\u00e4lille, jotta vaikutelma olisi henkil\u00f6kohtaisempi. T\u00e4m\u00e4 kaunotar on valmistettu puhtaasta babyalpakkavillasta, joka tarjoaa ka\u0161mirvillan laadukasta pehmeytt\u00e4, ymp\u00e4rist\u00f6yst\u00e4v\u00e4llisyytt\u00e4, l\u00e4mm\u00f6nkestoa ja tietenkin silkin pehmeytt\u00e4.<\/span><\/p>\n<p>MATERIAALI<br \/>\n<strong>100% baby alpakka<\/strong><\/p>\n<p>PAKKAUS<strong><br \/>\nlahjalaatikko<\/strong><\/p>\n","protected":false},"featured_media":49534,"template":"","meta":{"_acf_changed":false},"product_brand":[],"product_cat":[64,63],"product_tag":[],"product_shipping_class":[],"pa_soft-wrap-cardigan":[],"class_list":{"0":"post-35842","1":"product","2":"type-product","3":"status-publish","4":"has-post-thumbnail","6":"product_cat-huivit-ja-saalit","7":"product_cat-naiset","9":"first","10":"outofstock","11":"taxable","12":"shipping-taxable","13":"purchasable","14":"product-type-variable","15":"has-default-attributes","16":"wvs-archive-product-wrapper"},"bundled_by":[],"bundle_stock_status":"outofstock","bundle_stock_quantity":null,"bundle_virtual":false,"bundle_layout":"","bundle_add_to_cart_form_location":"","bundle_editable_in_cart":false,"bundle_sold_individually_context":"","bundle_item_grouping":"","bundle_min_size":"","bundle_max_size":"","bundle_price":[],"bundled_items":[],"bundle_sell_ids":[],"acf":[],"aioseo_notices":[],"_links":{"self":[{"href":"https:\/\/alpaka-shop.com\/fi\/wp-json\/wp\/v2\/product\/35842","targetHints":{"allow":["GET"]}}],"collection":[{"href":"https:\/\/alpaka-shop.com\/fi\/wp-json\/wp\/v2\/product"}],"about":[{"href":"https:\/\/alpaka-shop.com\/fi\/wp-json\/wp\/v2\/types\/product"}],"wp:featuredmedia":[{"embeddable":true,"href":"https:\/\/alpaka-shop.com\/fi\/wp-json\/wp\/v2\/media\/49534"}],"wp:attachment":[{"href":"https:\/\/alpaka-shop.com\/fi\/wp-json\/wp\/v2\/media?parent=35842"}],"wp:term":[{"taxonomy":"product_brand","embeddable":true,"href":"https:\/\/alpaka-shop.com\/fi\/wp-json\/wp\/v2\/product_brand?post=35842"},{"taxonomy":"product_cat","embeddable":true,"href":"https:\/\/alpaka-shop.com\/fi\/wp-json\/wp\/v2\/product_cat?post=35842"},{"taxonomy":"product_tag","embeddable":true,"href":"https:\/\/alpaka-shop.com\/fi\/wp-json\/wp\/v2\/product_tag?post=35842"},{"taxonomy":"product_shipping_class","embeddable":true,"href":"https:\/\/alpaka-shop.com\/fi\/wp-json\/wp\/v2\/product_shipping_class?post=35842"},{"taxonomy":"pa_soft-wrap-cardigan","embeddable":true,"href":"https:\/\/alpaka-shop.com\/fi\/wp-json\/wp\/v2\/pa_soft-wrap-cardigan?post=35842"}],"curies":[{"name":"wp","href":"https:\/\/api.w.org\/{rel}","templated":true}]}}