{"id":36782,"date":"2022-04-06T19:08:18","date_gmt":"2022-04-06T16:08:18","guid":{"rendered":"https:\/\/alpaka-shop.com\/ruutukuvioitu-huivi\/"},"modified":"2026-04-06T10:00:11","modified_gmt":"2026-04-06T07:00:11","slug":"ruutukuvioitu-huivi","status":"publish","type":"product","link":"https:\/\/alpaka-shop.com\/fi\/ruutukuvioitu-huivi\/","title":{"rendered":"Ruutukuvioitu huivi"},"content":{"rendered":"","protected":false},"excerpt":{"rendered":"<p>Ruutukuvioinen huivi on todellinen muotia koskeva mielipiteenilmaus. Ruutukuvioiden ja geometrian ansiosta voit antaa samanaikaisesti sek\u00e4 hieman leikillisen ja ett\u00e4 klassisen vaikutelman. T\u00e4m\u00e4 kest\u00e4v\u00e4, laadukas ja ajattomaksi suunniteltu puhtaasta babyalpakasta valmistettu huivi on niit\u00e4 vaatekappaleita, joita k\u00e4yt\u00e4t yh\u00e4 uudelleen ja uudelleen.<\/p>\n<p>MATERIAALI<br \/>\n<strong>100% Baby Alpakka<\/strong><\/p>\n","protected":false},"featured_media":49464,"template":"","meta":{"_acf_changed":false},"product_brand":[],"product_cat":[64,2813,63],"product_tag":[],"product_shipping_class":[],"pa_soft-wrap-cardigan":[],"class_list":{"0":"post-36782","1":"product","2":"type-product","3":"status-publish","4":"has-post-thumbnail","6":"product_cat-huivit-ja-saalit","7":"product_cat-march-edit-fi","8":"product_cat-naiset","10":"first","11":"instock","12":"taxable","13":"shipping-taxable","14":"purchasable","15":"product-type-variable","16":"has-default-attributes","17":"wvs-archive-product-wrapper"},"bundled_by":[],"bundle_stock_status":"instock","bundle_stock_quantity":null,"bundle_virtual":false,"bundle_layout":"","bundle_add_to_cart_form_location":"","bundle_editable_in_cart":false,"bundle_sold_individually_context":"","bundle_item_grouping":"","bundle_min_size":"","bundle_max_size":"","bundle_price":[],"bundled_items":[],"bundle_sell_ids":[],"acf":[],"aioseo_notices":[],"_links":{"self":[{"href":"https:\/\/alpaka-shop.com\/fi\/wp-json\/wp\/v2\/product\/36782","targetHints":{"allow":["GET"]}}],"collection":[{"href":"https:\/\/alpaka-shop.com\/fi\/wp-json\/wp\/v2\/product"}],"about":[{"href":"https:\/\/alpaka-shop.com\/fi\/wp-json\/wp\/v2\/types\/product"}],"wp:featuredmedia":[{"embeddable":true,"href":"https:\/\/alpaka-shop.com\/fi\/wp-json\/wp\/v2\/media\/49464"}],"wp:attachment":[{"href":"https:\/\/alpaka-shop.com\/fi\/wp-json\/wp\/v2\/media?parent=36782"}],"wp:term":[{"taxonomy":"product_brand","embeddable":true,"href":"https:\/\/alpaka-shop.com\/fi\/wp-json\/wp\/v2\/product_brand?post=36782"},{"taxonomy":"product_cat","embeddable":true,"href":"https:\/\/alpaka-shop.com\/fi\/wp-json\/wp\/v2\/product_cat?post=36782"},{"taxonomy":"product_tag","embeddable":true,"href":"https:\/\/alpaka-shop.com\/fi\/wp-json\/wp\/v2\/product_tag?post=36782"},{"taxonomy":"product_shipping_class","embeddable":true,"href":"https:\/\/alpaka-shop.com\/fi\/wp-json\/wp\/v2\/product_shipping_class?post=36782"},{"taxonomy":"pa_soft-wrap-cardigan","embeddable":true,"href":"https:\/\/alpaka-shop.com\/fi\/wp-json\/wp\/v2\/pa_soft-wrap-cardigan?post=36782"}],"curies":[{"name":"wp","href":"https:\/\/api.w.org\/{rel}","templated":true}]}}