{"id":36926,"date":"2019-09-13T08:11:10","date_gmt":"2019-09-13T08:11:10","guid":{"rendered":"https:\/\/alpaka-shop.com\/exclusive-viitta\/"},"modified":"2026-03-13T13:00:06","modified_gmt":"2026-03-13T11:00:06","slug":"exclusive-viitta","status":"publish","type":"product","link":"https:\/\/alpaka-shop.com\/fi\/exclusive-viitta\/","title":{"rendered":"Exclusive viitta"},"content":{"rendered":"","protected":false},"excerpt":{"rendered":"<p class=\"p1\">T\u00e4m\u00e4 viitta on sijoitus, jota voit k\u00e4ytt\u00e4\u00e4 ja nauttia vaikka ikuisesti. Sopii erinomaisesti niin ilta- kuin p\u00e4iv\u00e4k\u00e4ytt\u00f6\u00f6n. Voit muuntaa ponchoa asusteilla lukemattomin eri tavoin. Valmistettu ylellisest\u00e4, Perun yl\u00e4ng\u00f6ilt\u00e4 per\u00e4isin olevasta baby alpakka villasta, joka l\u00e4mmitt\u00e4\u00e4 kaikissa tilanteissa. Viitta liikkuu ilmavasti askeltesi tahdissa. Yksi koko.<\/p>\n<p class=\"p1\">Jos suosikkiv\u00e4risi on t\u00e4ll\u00e4 hetkell\u00e4 loppu, l\u00e4het\u00e4 meille pyynt\u00f6si, niin otamme sinuun yhteytt\u00e4.<\/p>\n<p class=\"p1\">MATERIAL<br \/>\n100% baby alpakka<\/p>\n","protected":false},"featured_media":54948,"template":"","meta":{"_acf_changed":false},"product_brand":[],"product_cat":[2813,63,100,102],"product_tag":[],"product_shipping_class":[],"pa_soft-wrap-cardigan":[],"class_list":{"0":"post-36926","1":"product","2":"type-product","3":"status-publish","4":"has-post-thumbnail","6":"product_cat-march-edit-fi","7":"product_cat-naiset","8":"product_cat-ponchot","9":"product_cat-vaatteet","11":"first","12":"instock","13":"taxable","14":"shipping-taxable","15":"purchasable","16":"product-type-variable","17":"has-default-attributes","18":"wvs-archive-product-wrapper"},"bundled_by":[],"bundle_stock_status":"instock","bundle_stock_quantity":null,"bundle_virtual":false,"bundle_layout":"","bundle_add_to_cart_form_location":"","bundle_editable_in_cart":false,"bundle_sold_individually_context":"","bundle_item_grouping":"","bundle_min_size":"","bundle_max_size":"","bundle_price":[],"bundled_items":[],"bundle_sell_ids":[],"acf":[],"aioseo_notices":[],"_links":{"self":[{"href":"https:\/\/alpaka-shop.com\/fi\/wp-json\/wp\/v2\/product\/36926","targetHints":{"allow":["GET"]}}],"collection":[{"href":"https:\/\/alpaka-shop.com\/fi\/wp-json\/wp\/v2\/product"}],"about":[{"href":"https:\/\/alpaka-shop.com\/fi\/wp-json\/wp\/v2\/types\/product"}],"wp:featuredmedia":[{"embeddable":true,"href":"https:\/\/alpaka-shop.com\/fi\/wp-json\/wp\/v2\/media\/54948"}],"wp:attachment":[{"href":"https:\/\/alpaka-shop.com\/fi\/wp-json\/wp\/v2\/media?parent=36926"}],"wp:term":[{"taxonomy":"product_brand","embeddable":true,"href":"https:\/\/alpaka-shop.com\/fi\/wp-json\/wp\/v2\/product_brand?post=36926"},{"taxonomy":"product_cat","embeddable":true,"href":"https:\/\/alpaka-shop.com\/fi\/wp-json\/wp\/v2\/product_cat?post=36926"},{"taxonomy":"product_tag","embeddable":true,"href":"https:\/\/alpaka-shop.com\/fi\/wp-json\/wp\/v2\/product_tag?post=36926"},{"taxonomy":"product_shipping_class","embeddable":true,"href":"https:\/\/alpaka-shop.com\/fi\/wp-json\/wp\/v2\/product_shipping_class?post=36926"},{"taxonomy":"pa_soft-wrap-cardigan","embeddable":true,"href":"https:\/\/alpaka-shop.com\/fi\/wp-json\/wp\/v2\/pa_soft-wrap-cardigan?post=36926"}],"curies":[{"name":"wp","href":"https:\/\/api.w.org\/{rel}","templated":true}]}}