{"id":36995,"date":"2022-04-15T17:35:57","date_gmt":"2022-04-15T14:35:57","guid":{"rendered":"https:\/\/alpaka-shop.com\/viitta\/"},"modified":"2026-04-10T10:00:18","modified_gmt":"2026-04-10T07:00:18","slug":"viitta","status":"publish","type":"product","link":"https:\/\/alpaka-shop.com\/fi\/viitta\/","title":{"rendered":"Viitta"},"content":{"rendered":"","protected":false},"excerpt":{"rendered":"<p class=\"p1\">Ajaton viitta, joka on vertaansa vailla olevan tyylik\u00e4s ja mukava. Yksinkertainen ja laskeutuva leikkaus tekee siit\u00e4 jokaiselle sopivan ja l\u00e4mmitt\u00e4v\u00e4n kerroksen. Valmistettu 100 % baby alpakasta, joka erist\u00e4\u00e4 l\u00e4mp\u00f6\u00e4, on silkkisen pehme\u00e4\u00e4, eik\u00e4 aiheuta allergioita. V\u00e4rivalinnat vaihtelevat klassisesta mustasta ja valkoisesta neutraaleihin luonnonv\u00e4reihin kameliin ja vaaleanharmaaseen.<\/p>\n<p class=\"p1\">MATERIAL<br \/>\n100% baby alpakka<\/p>\n","protected":false},"featured_media":45587,"template":"","meta":{"_acf_changed":false},"product_brand":[],"product_cat":[63,100,102],"product_tag":[],"product_shipping_class":[],"pa_soft-wrap-cardigan":[],"class_list":{"0":"post-36995","1":"product","2":"type-product","3":"status-publish","4":"has-post-thumbnail","6":"product_cat-naiset","7":"product_cat-ponchot","8":"product_cat-vaatteet","10":"first","11":"instock","12":"taxable","13":"shipping-taxable","14":"purchasable","15":"product-type-variable","16":"has-default-attributes","17":"wvs-archive-product-wrapper"},"bundled_by":[],"bundle_stock_status":"instock","bundle_stock_quantity":null,"bundle_virtual":false,"bundle_layout":"","bundle_add_to_cart_form_location":"","bundle_editable_in_cart":false,"bundle_sold_individually_context":"","bundle_item_grouping":"","bundle_min_size":"","bundle_max_size":"","bundle_price":[],"bundled_items":[],"bundle_sell_ids":[],"acf":[],"aioseo_notices":[],"_links":{"self":[{"href":"https:\/\/alpaka-shop.com\/fi\/wp-json\/wp\/v2\/product\/36995","targetHints":{"allow":["GET"]}}],"collection":[{"href":"https:\/\/alpaka-shop.com\/fi\/wp-json\/wp\/v2\/product"}],"about":[{"href":"https:\/\/alpaka-shop.com\/fi\/wp-json\/wp\/v2\/types\/product"}],"wp:featuredmedia":[{"embeddable":true,"href":"https:\/\/alpaka-shop.com\/fi\/wp-json\/wp\/v2\/media\/45587"}],"wp:attachment":[{"href":"https:\/\/alpaka-shop.com\/fi\/wp-json\/wp\/v2\/media?parent=36995"}],"wp:term":[{"taxonomy":"product_brand","embeddable":true,"href":"https:\/\/alpaka-shop.com\/fi\/wp-json\/wp\/v2\/product_brand?post=36995"},{"taxonomy":"product_cat","embeddable":true,"href":"https:\/\/alpaka-shop.com\/fi\/wp-json\/wp\/v2\/product_cat?post=36995"},{"taxonomy":"product_tag","embeddable":true,"href":"https:\/\/alpaka-shop.com\/fi\/wp-json\/wp\/v2\/product_tag?post=36995"},{"taxonomy":"product_shipping_class","embeddable":true,"href":"https:\/\/alpaka-shop.com\/fi\/wp-json\/wp\/v2\/product_shipping_class?post=36995"},{"taxonomy":"pa_soft-wrap-cardigan","embeddable":true,"href":"https:\/\/alpaka-shop.com\/fi\/wp-json\/wp\/v2\/pa_soft-wrap-cardigan?post=36995"}],"curies":[{"name":"wp","href":"https:\/\/api.w.org\/{rel}","templated":true}]}}