{"id":37477,"date":"2021-03-09T13:42:04","date_gmt":"2021-03-09T11:42:04","guid":{"rendered":"https:\/\/alpaka-shop.com\/37477\/"},"modified":"2026-03-10T15:07:03","modified_gmt":"2026-03-10T13:07:03","slug":"exclusive-kalanruoto-huivi-midi","status":"publish","type":"product","link":"https:\/\/alpaka-shop.com\/fi\/exclusive-kalanruoto-huivi-midi\/","title":{"rendered":"Exclusive kalanruoto-huivi Midi"},"content":{"rendered":"","protected":false},"excerpt":{"rendered":"<p>Scarf Exclusive Fishbone on valmistettu ylellisest\u00e4 alpakka-villasta Perun yl\u00e4ng\u00f6lt\u00e4. T\u00e4m\u00e4 rauhoittava materiaali tekee huivista paitsi eritt\u00e4in l\u00e4mpim\u00e4n ja pehme\u00e4n, mutta my\u00f6s ihoyst\u00e4v\u00e4llisen, koska puhtaassa alpakkavillassa ei ole lanoliinia ja se on kutittamatonta. Kaunis kalanluun muotoilu t\u00e4ydent\u00e4\u00e4 kaikkia asuja ja on t\u00e4ydellinen valinta nykyajan vaativalle asiakkaalle. Nauti el\u00e4m\u00e4ntyylista, joka on t\u00e4ynn\u00e4 ylellisyytt\u00e4 ja l\u00e4mpimi\u00e4 tunteita.<\/p>\n<p>MATERIAALI<br \/>\n<strong>100% baby alpakka<\/strong><\/p>\n<p>PAKKAUS<strong><br \/>\nlahjalaatikko<\/strong><\/p>\n<p>&nbsp;<\/p>\n","protected":false},"featured_media":16406,"template":"","meta":{"_acf_changed":false},"product_brand":[],"product_cat":[104,68],"product_tag":[],"product_shipping_class":[],"pa_soft-wrap-cardigan":[],"class_list":{"0":"post-37477","1":"product","2":"type-product","3":"status-publish","4":"has-post-thumbnail","6":"product_cat-huivit-ja-saalit-fi","7":"product_cat-miehet","9":"first","10":"outofstock","11":"taxable","12":"shipping-taxable","13":"purchasable","14":"product-type-variable","15":"has-default-attributes","16":"wvs-archive-product-wrapper"},"bundled_by":[],"bundle_stock_status":"outofstock","bundle_stock_quantity":null,"bundle_virtual":false,"bundle_layout":"","bundle_add_to_cart_form_location":"","bundle_editable_in_cart":false,"bundle_sold_individually_context":"","bundle_item_grouping":"","bundle_min_size":"","bundle_max_size":"","bundle_price":[],"bundled_items":[],"bundle_sell_ids":[],"acf":[],"aioseo_notices":[],"_links":{"self":[{"href":"https:\/\/alpaka-shop.com\/fi\/wp-json\/wp\/v2\/product\/37477","targetHints":{"allow":["GET"]}}],"collection":[{"href":"https:\/\/alpaka-shop.com\/fi\/wp-json\/wp\/v2\/product"}],"about":[{"href":"https:\/\/alpaka-shop.com\/fi\/wp-json\/wp\/v2\/types\/product"}],"wp:featuredmedia":[{"embeddable":true,"href":"https:\/\/alpaka-shop.com\/fi\/wp-json\/wp\/v2\/media\/16406"}],"wp:attachment":[{"href":"https:\/\/alpaka-shop.com\/fi\/wp-json\/wp\/v2\/media?parent=37477"}],"wp:term":[{"taxonomy":"product_brand","embeddable":true,"href":"https:\/\/alpaka-shop.com\/fi\/wp-json\/wp\/v2\/product_brand?post=37477"},{"taxonomy":"product_cat","embeddable":true,"href":"https:\/\/alpaka-shop.com\/fi\/wp-json\/wp\/v2\/product_cat?post=37477"},{"taxonomy":"product_tag","embeddable":true,"href":"https:\/\/alpaka-shop.com\/fi\/wp-json\/wp\/v2\/product_tag?post=37477"},{"taxonomy":"product_shipping_class","embeddable":true,"href":"https:\/\/alpaka-shop.com\/fi\/wp-json\/wp\/v2\/product_shipping_class?post=37477"},{"taxonomy":"pa_soft-wrap-cardigan","embeddable":true,"href":"https:\/\/alpaka-shop.com\/fi\/wp-json\/wp\/v2\/pa_soft-wrap-cardigan?post=37477"}],"curies":[{"name":"wp","href":"https:\/\/api.w.org\/{rel}","templated":true}]}}