{"id":38272,"date":"2022-07-11T15:12:56","date_gmt":"2022-07-11T12:12:56","guid":{"rendered":"https:\/\/alpaka-shop.com\/alpaka-rabbit-sami\/"},"modified":"2026-04-10T14:00:08","modified_gmt":"2026-04-10T11:00:08","slug":"alpakasta-valmistettu-sami-pupu-2","status":"publish","type":"product","link":"https:\/\/alpaka-shop.com\/fi\/alpakasta-valmistettu-sami-pupu-2\/","title":{"rendered":"Alpakasta valmistettu Sami-pupu"},"content":{"rendered":"","protected":false},"excerpt":{"rendered":"<p><span data-sheets-value=\"{&quot;1&quot;:2,&quot;2&quot;:&quot;Alpakasta valmistettu Sami-pupu\/Maksikokoinen alpakasta valmistettu, pehme\u00e4, lyhytkarvainen pehmolelu \/nS\u00f6p\u00f6 alpakkapupu on valmistettu luonnonalpakasta, jolle mik\u00e4\u00e4n ei ved\u00e4 vertoja pehmeydess\u00e4. Kaikki pehmolelumme ovat k\u00e4sin tehtyj\u00e4, joten jokainen niist\u00e4 on hyvin persoonallinen. Alpakkakuitu on hypoallergeenist\u00e4 ja on siksi erinomainen valinta lapsille ja aikuisille, joilla on allergioita tai herkk\u00e4 iho. Ne sopivat erinomaisesti lahjaksi sek\u00e4 uniikeiksi ker\u00e4ilyesineiksi kotiin. n&quot;}\" data-sheets-userformat=\"{&quot;2&quot;:769,&quot;3&quot;:{&quot;1&quot;:0},&quot;11&quot;:4,&quot;12&quot;:0}\">S\u00f6p\u00f6 alpakkapupu on valmistettu luonnonalpakasta, jolle mik\u00e4\u00e4n ei ved\u00e4 vertoja pehmeydess\u00e4. Kaikki pehmolelumme ovat k\u00e4sin tehtyj\u00e4, joten jokainen niist\u00e4 on hyvin persoonallinen. Alpakkakuitu on hypoallergeenist\u00e4 ja on siksi erinomainen valinta lapsille ja aikuisille, joilla on allergioita tai herkk\u00e4 iho. Ne sopivat erinomaisesti lahjaksi sek\u00e4 uniikeiksi ker\u00e4ilyesineiksi kotiin.<br \/>\n<\/span><\/p>\n","protected":false},"featured_media":36552,"template":"","meta":{"_acf_changed":false},"product_brand":[],"product_cat":[110],"product_tag":[],"product_shipping_class":[],"pa_soft-wrap-cardigan":[],"class_list":{"0":"post-38272","1":"product","2":"type-product","3":"status-publish","4":"has-post-thumbnail","6":"product_cat-nallekarhut","8":"first","9":"instock","10":"taxable","11":"shipping-taxable","12":"purchasable","13":"product-type-variable","14":"has-default-attributes","15":"wvs-archive-product-wrapper"},"bundled_by":[],"bundle_stock_status":"instock","bundle_stock_quantity":null,"bundle_virtual":false,"bundle_layout":"","bundle_add_to_cart_form_location":"","bundle_editable_in_cart":false,"bundle_sold_individually_context":"","bundle_item_grouping":"","bundle_min_size":"","bundle_max_size":"","bundle_price":[],"bundled_items":[],"bundle_sell_ids":[],"acf":[],"aioseo_notices":[],"_links":{"self":[{"href":"https:\/\/alpaka-shop.com\/fi\/wp-json\/wp\/v2\/product\/38272","targetHints":{"allow":["GET"]}}],"collection":[{"href":"https:\/\/alpaka-shop.com\/fi\/wp-json\/wp\/v2\/product"}],"about":[{"href":"https:\/\/alpaka-shop.com\/fi\/wp-json\/wp\/v2\/types\/product"}],"wp:featuredmedia":[{"embeddable":true,"href":"https:\/\/alpaka-shop.com\/fi\/wp-json\/wp\/v2\/media\/36552"}],"wp:attachment":[{"href":"https:\/\/alpaka-shop.com\/fi\/wp-json\/wp\/v2\/media?parent=38272"}],"wp:term":[{"taxonomy":"product_brand","embeddable":true,"href":"https:\/\/alpaka-shop.com\/fi\/wp-json\/wp\/v2\/product_brand?post=38272"},{"taxonomy":"product_cat","embeddable":true,"href":"https:\/\/alpaka-shop.com\/fi\/wp-json\/wp\/v2\/product_cat?post=38272"},{"taxonomy":"product_tag","embeddable":true,"href":"https:\/\/alpaka-shop.com\/fi\/wp-json\/wp\/v2\/product_tag?post=38272"},{"taxonomy":"product_shipping_class","embeddable":true,"href":"https:\/\/alpaka-shop.com\/fi\/wp-json\/wp\/v2\/product_shipping_class?post=38272"},{"taxonomy":"pa_soft-wrap-cardigan","embeddable":true,"href":"https:\/\/alpaka-shop.com\/fi\/wp-json\/wp\/v2\/pa_soft-wrap-cardigan?post=38272"}],"curies":[{"name":"wp","href":"https:\/\/api.w.org\/{rel}","templated":true}]}}