{"id":39048,"date":"2022-04-11T17:08:44","date_gmt":"2022-04-11T14:08:44","guid":{"rendered":"https:\/\/alpaka-shop.com\/pyorea-sami-matto\/"},"modified":"2026-03-11T11:00:08","modified_gmt":"2026-03-11T09:00:08","slug":"pyorea-sami-matto","status":"publish","type":"product","link":"https:\/\/alpaka-shop.com\/fi\/pyorea-sami-matto\/","title":{"rendered":"Py\u00f6re\u00e4 Sami-matto"},"content":{"rendered":"","protected":false},"excerpt":{"rendered":"<p><span data-sheets-value=\"{&quot;1&quot;:2,&quot;2&quot;:&quot;Py\u00f6re\u00e4 Sami-matto \/ Py\u00f6re\u00e4 turkismatto liukuestepohjalla \/ P\u00f6rr\u00f6isyytens\u00e4 ansiosta Sami-matot ovat todellinen ilo jaloille ja kaunistus mille tahansa lattialle. Sen pilvenpehme\u00e4 olemus saa haluamaan samanlaisen jokaiseen huoneeseen! Valitsemme perulaisten paikallisyhteis\u00f6jen pehmeimm\u00e4t ja hienoimmat turkikset valmistaaksemme mahdollisimman korkealaatuisia mattoja. K\u00e4yt\u00e4mme kaikissa matoissamme erityist\u00e4 liukumista est\u00e4v\u00e4\u00e4 pohjaa ja aitoa nahkap\u00e4\u00e4rm\u00e4yst\u00e4, joka tekee niist\u00e4 lujempia ja kest\u00e4v\u00e4mpi\u00e4. Kaikki turkistuotteemme ovat eettisesti tuotettuja.&quot;}\" data-sheets-userformat=\"{&quot;2&quot;:769,&quot;3&quot;:{&quot;1&quot;:0},&quot;11&quot;:4,&quot;12&quot;:0}\">P\u00f6rr\u00f6isyytens\u00e4 ansiosta Sami-matot ovat todellinen ilo jaloille ja kaunistus mille tahansa lattialle. Sen pilvenpehme\u00e4 olemus saa haluamaan samanlaisen jokaiseen huoneeseen! Valitsemme perulaisten paikallisyhteis\u00f6jen pehmeimm\u00e4t ja hienoimmat turkikset valmistaaksemme mahdollisimman korkealaatuisia mattoja. K\u00e4yt\u00e4mme kaikissa matoissamme erityist\u00e4 liukumista est\u00e4v\u00e4\u00e4 pohjaa ja aitoa nahkap\u00e4\u00e4rm\u00e4yst\u00e4, joka tekee niist\u00e4 lujempia ja kest\u00e4v\u00e4mpi\u00e4. Kaikki turkistuotteemme ovat eettisesti tuotettuja.<\/span><\/p>\n","protected":false},"featured_media":36405,"template":"","meta":{"_acf_changed":false},"product_brand":[],"product_cat":[109,124],"product_tag":[],"product_shipping_class":[],"pa_soft-wrap-cardigan":[],"class_list":{"0":"post-39048","1":"product","2":"type-product","3":"status-publish","4":"has-post-thumbnail","6":"product_cat-koti","7":"product_cat-matot","9":"first","10":"instock","11":"taxable","12":"shipping-taxable","13":"purchasable","14":"product-type-variable","15":"has-default-attributes","16":"wvs-archive-product-wrapper"},"bundled_by":[],"bundle_stock_status":"instock","bundle_stock_quantity":null,"bundle_virtual":false,"bundle_layout":"","bundle_add_to_cart_form_location":"","bundle_editable_in_cart":false,"bundle_sold_individually_context":"","bundle_item_grouping":"","bundle_min_size":"","bundle_max_size":"","bundle_price":[],"bundled_items":[],"bundle_sell_ids":[],"acf":[],"aioseo_notices":[],"_links":{"self":[{"href":"https:\/\/alpaka-shop.com\/fi\/wp-json\/wp\/v2\/product\/39048","targetHints":{"allow":["GET"]}}],"collection":[{"href":"https:\/\/alpaka-shop.com\/fi\/wp-json\/wp\/v2\/product"}],"about":[{"href":"https:\/\/alpaka-shop.com\/fi\/wp-json\/wp\/v2\/types\/product"}],"wp:featuredmedia":[{"embeddable":true,"href":"https:\/\/alpaka-shop.com\/fi\/wp-json\/wp\/v2\/media\/36405"}],"wp:attachment":[{"href":"https:\/\/alpaka-shop.com\/fi\/wp-json\/wp\/v2\/media?parent=39048"}],"wp:term":[{"taxonomy":"product_brand","embeddable":true,"href":"https:\/\/alpaka-shop.com\/fi\/wp-json\/wp\/v2\/product_brand?post=39048"},{"taxonomy":"product_cat","embeddable":true,"href":"https:\/\/alpaka-shop.com\/fi\/wp-json\/wp\/v2\/product_cat?post=39048"},{"taxonomy":"product_tag","embeddable":true,"href":"https:\/\/alpaka-shop.com\/fi\/wp-json\/wp\/v2\/product_tag?post=39048"},{"taxonomy":"product_shipping_class","embeddable":true,"href":"https:\/\/alpaka-shop.com\/fi\/wp-json\/wp\/v2\/product_shipping_class?post=39048"},{"taxonomy":"pa_soft-wrap-cardigan","embeddable":true,"href":"https:\/\/alpaka-shop.com\/fi\/wp-json\/wp\/v2\/pa_soft-wrap-cardigan?post=39048"}],"curies":[{"name":"wp","href":"https:\/\/api.w.org\/{rel}","templated":true}]}}