{"id":39060,"date":"2022-04-11T17:06:05","date_gmt":"2022-04-11T14:06:05","guid":{"rendered":"https:\/\/alpaka-shop.com\/sami-matto\/"},"modified":"2025-10-24T11:00:16","modified_gmt":"2025-10-24T08:00:16","slug":"sami-matto","status":"publish","type":"product","link":"https:\/\/alpaka-shop.com\/fi\/sami-matto\/","title":{"rendered":"Sami-matto"},"content":{"rendered":"","protected":false},"excerpt":{"rendered":"<p><span data-sheets-value=\"{&quot;1&quot;:2,&quot;2&quot;:&quot;Sami-matto \/ Turkismatto liukuestepohjalla \/ Eettisesti tuotettu lyhytkarvainen turkismatto\/ Ihastuttavan pehme\u00e4t ja jalkoja helliv\u00e4t alpakkamattomme ovat dekadentti lis\u00e4 mihin tahansa tilaan. Sami-matot on valmistettu aidosta alpakantaljasta, joka on eritt\u00e4in paksu ja pehme\u00e4 koskettaa. Sami tarkoittaa voimaa ket\u0161uan kielell\u00e4. Sami-turkis onkin eritt\u00e4in paksua ja lujaa, turkis pid\u00e4tt\u00e4\u00e4 v\u00e4hemm\u00e4n ilmaa kuin Yaku, mutta siin\u00e4 on enemm\u00e4n pehmeytt\u00e4, kest\u00e4vyytt\u00e4 ja l\u00e4mp\u00f6\u00e4. Jokaisella Sami-matolla on ainutlaatuinen ulkon\u00e4k\u00f6 johtuen alpakan turkin v\u00e4rivaihteluista ja fyysisist\u00e4 eroista. Pieni\u00e4 eroja v\u00e4ris\u00e4vyiss\u00e4 ja kuidun pituudessa voi esiinty\u00e4, koska kyseess\u00e4 on luonnonmateriaali. Kuitu on luonnostaan vett\u00e4 ja likaa hylkiv\u00e4, mik\u00e4 helpottaa turkismaton hoitoa. Turkistemme tuotantoketju on kokonaisuudessaan el\u00e4inyst\u00e4v\u00e4llinen ja eettinen. Lue lis\u00e4tietoja ja yksityiskohtia tuotteen hoito-ohjeista.&quot;}\" data-sheets-userformat=\"{&quot;2&quot;:769,&quot;3&quot;:{&quot;1&quot;:0},&quot;11&quot;:4,&quot;12&quot;:0}\">Ihastuttavan pehme\u00e4t ja jalkoja helliv\u00e4t alpakkamattomme ovat dekadentti lis\u00e4 mihin tahansa tilaan. Sami-matot on valmistettu aidosta alpakantaljasta, joka on eritt\u00e4in paksu ja pehme\u00e4 koskettaa. Sami tarkoittaa voimaa ket\u0161uan kielell\u00e4. Sami-turkis onkin eritt\u00e4in paksua ja lujaa, turkis pid\u00e4tt\u00e4\u00e4 v\u00e4hemm\u00e4n ilmaa kuin Yaku, mutta siin\u00e4 on enemm\u00e4n pehmeytt\u00e4, kest\u00e4vyytt\u00e4 ja l\u00e4mp\u00f6\u00e4. Jokaisella Sami-matolla on ainutlaatuinen ulkon\u00e4k\u00f6 johtuen alpakan turkin v\u00e4rivaihteluista ja fyysisist\u00e4 eroista. Pieni\u00e4 eroja v\u00e4ris\u00e4vyiss\u00e4 ja kuidun pituudessa voi esiinty\u00e4, koska kyseess\u00e4 on luonnonmateriaali. Kuitu on luonnostaan vett\u00e4 ja likaa hylkiv\u00e4, mik\u00e4 helpottaa turkismaton hoitoa. Turkistemme tuotantoketju on kokonaisuudessaan el\u00e4inyst\u00e4v\u00e4llinen ja eettinen. Lue lis\u00e4tietoja ja yksityiskohtia tuotteen hoito-ohjeista.<\/span><\/p>\n","protected":false},"featured_media":36318,"template":"","meta":{"_acf_changed":false},"product_brand":[],"product_cat":[109,124],"product_tag":[],"product_shipping_class":[],"pa_soft-wrap-cardigan":[],"class_list":{"0":"post-39060","1":"product","2":"type-product","3":"status-publish","4":"has-post-thumbnail","6":"product_cat-koti","7":"product_cat-matot","9":"first","10":"instock","11":"taxable","12":"shipping-taxable","13":"purchasable","14":"product-type-variable","15":"has-default-attributes","16":"wvs-archive-product-wrapper"},"bundled_by":[],"bundle_stock_status":"instock","bundle_stock_quantity":null,"bundle_virtual":false,"bundle_layout":"","bundle_add_to_cart_form_location":"","bundle_editable_in_cart":false,"bundle_sold_individually_context":"","bundle_item_grouping":"","bundle_min_size":"","bundle_max_size":"","bundle_price":[],"bundled_items":[],"bundle_sell_ids":[],"acf":[],"aioseo_notices":[],"_links":{"self":[{"href":"https:\/\/alpaka-shop.com\/fi\/wp-json\/wp\/v2\/product\/39060","targetHints":{"allow":["GET"]}}],"collection":[{"href":"https:\/\/alpaka-shop.com\/fi\/wp-json\/wp\/v2\/product"}],"about":[{"href":"https:\/\/alpaka-shop.com\/fi\/wp-json\/wp\/v2\/types\/product"}],"wp:featuredmedia":[{"embeddable":true,"href":"https:\/\/alpaka-shop.com\/fi\/wp-json\/wp\/v2\/media\/36318"}],"wp:attachment":[{"href":"https:\/\/alpaka-shop.com\/fi\/wp-json\/wp\/v2\/media?parent=39060"}],"wp:term":[{"taxonomy":"product_brand","embeddable":true,"href":"https:\/\/alpaka-shop.com\/fi\/wp-json\/wp\/v2\/product_brand?post=39060"},{"taxonomy":"product_cat","embeddable":true,"href":"https:\/\/alpaka-shop.com\/fi\/wp-json\/wp\/v2\/product_cat?post=39060"},{"taxonomy":"product_tag","embeddable":true,"href":"https:\/\/alpaka-shop.com\/fi\/wp-json\/wp\/v2\/product_tag?post=39060"},{"taxonomy":"product_shipping_class","embeddable":true,"href":"https:\/\/alpaka-shop.com\/fi\/wp-json\/wp\/v2\/product_shipping_class?post=39060"},{"taxonomy":"pa_soft-wrap-cardigan","embeddable":true,"href":"https:\/\/alpaka-shop.com\/fi\/wp-json\/wp\/v2\/pa_soft-wrap-cardigan?post=39060"}],"curies":[{"name":"wp","href":"https:\/\/api.w.org\/{rel}","templated":true}]}}