{"id":39077,"date":"2022-04-11T17:18:19","date_gmt":"2022-04-11T14:18:19","guid":{"rendered":"https:\/\/alpaka-shop.com\/sami-tyynyt\/"},"modified":"2026-03-27T17:20:04","modified_gmt":"2026-03-27T15:20:04","slug":"sami-tyynyt","status":"publish","type":"product","link":"https:\/\/alpaka-shop.com\/fi\/sami-tyynyt\/","title":{"rendered":"Sami-tyynyt"},"content":{"rendered":"","protected":false},"excerpt":{"rendered":"<p><span data-sheets-value=\"{&quot;1&quot;:2,&quot;2&quot;:&quot;Sami-tyynyt \/ Lyhytkarvainen turkisp\u00e4\u00e4llinen \/ Sami tyynymallisto t\u00e4ydent\u00e4\u00e4 s\u00e4nky\u00e4si, sohvaasi tai lempituoliasi. Tyynyt luovat kotiisi aistikkaan pehme\u00e4n ja ylellisen ilmeen. Luonnonv\u00e4risi\u00e4 tyynyj\u00e4 on helppo yhdistell\u00e4 erilaisiin sisustustyyleihin. Aidosta alpakanturkista valmistetun Sami-tyynynp\u00e4\u00e4llisen takaosa on sataprosenttista baby alpakkaa. Kaikki materiaalit on tuotettu eettisesti. Siksi voit nauttia tuotteistamme turvallisin mielin tiet\u00e4en, ettei el\u00e4imi\u00e4 ole vahingoitettu tai kohdeltu mill\u00e4\u00e4n tavalla kaltoin.&quot;}\" data-sheets-userformat=\"{&quot;2&quot;:769,&quot;3&quot;:{&quot;1&quot;:0},&quot;11&quot;:4,&quot;12&quot;:0}\">Sami tyynymallisto t\u00e4ydent\u00e4\u00e4 s\u00e4nky\u00e4si, sohvaasi tai lempituoliasi. Tyynyt luovat kotiisi aistikkaan pehme\u00e4n ja ylellisen ilmeen. Luonnonv\u00e4risi\u00e4 tyynyj\u00e4 on helppo yhdistell\u00e4 erilaisiin sisustustyyleihin. Aidosta alpakanturkista valmistetun Sami-tyynynp\u00e4\u00e4llisen takaosa on sataprosenttista baby alpakkaa. Kaikki materiaalit on tuotettu eettisesti. Siksi voit nauttia tuotteistamme turvallisin mielin tiet\u00e4en, ettei el\u00e4imi\u00e4 ole vahingoitettu tai kohdeltu mill\u00e4\u00e4n tavalla kaltoin.<\/span><\/p>\n","protected":false},"featured_media":36254,"template":"","meta":{"_acf_changed":false},"product_brand":[],"product_cat":[109,107],"product_tag":[],"product_shipping_class":[],"pa_soft-wrap-cardigan":[],"class_list":{"0":"post-39077","1":"product","2":"type-product","3":"status-publish","4":"has-post-thumbnail","6":"product_cat-koti","7":"product_cat-tyynyt","9":"first","10":"instock","11":"taxable","12":"shipping-taxable","13":"purchasable","14":"product-type-variable","15":"has-default-attributes","16":"wvs-archive-product-wrapper"},"bundled_by":[],"bundle_stock_status":"instock","bundle_stock_quantity":null,"bundle_virtual":false,"bundle_layout":"","bundle_add_to_cart_form_location":"","bundle_editable_in_cart":false,"bundle_sold_individually_context":"","bundle_item_grouping":"","bundle_min_size":"","bundle_max_size":"","bundle_price":[],"bundled_items":[],"bundle_sell_ids":[],"acf":[],"aioseo_notices":[],"_links":{"self":[{"href":"https:\/\/alpaka-shop.com\/fi\/wp-json\/wp\/v2\/product\/39077","targetHints":{"allow":["GET"]}}],"collection":[{"href":"https:\/\/alpaka-shop.com\/fi\/wp-json\/wp\/v2\/product"}],"about":[{"href":"https:\/\/alpaka-shop.com\/fi\/wp-json\/wp\/v2\/types\/product"}],"wp:featuredmedia":[{"embeddable":true,"href":"https:\/\/alpaka-shop.com\/fi\/wp-json\/wp\/v2\/media\/36254"}],"wp:attachment":[{"href":"https:\/\/alpaka-shop.com\/fi\/wp-json\/wp\/v2\/media?parent=39077"}],"wp:term":[{"taxonomy":"product_brand","embeddable":true,"href":"https:\/\/alpaka-shop.com\/fi\/wp-json\/wp\/v2\/product_brand?post=39077"},{"taxonomy":"product_cat","embeddable":true,"href":"https:\/\/alpaka-shop.com\/fi\/wp-json\/wp\/v2\/product_cat?post=39077"},{"taxonomy":"product_tag","embeddable":true,"href":"https:\/\/alpaka-shop.com\/fi\/wp-json\/wp\/v2\/product_tag?post=39077"},{"taxonomy":"product_shipping_class","embeddable":true,"href":"https:\/\/alpaka-shop.com\/fi\/wp-json\/wp\/v2\/product_shipping_class?post=39077"},{"taxonomy":"pa_soft-wrap-cardigan","embeddable":true,"href":"https:\/\/alpaka-shop.com\/fi\/wp-json\/wp\/v2\/pa_soft-wrap-cardigan?post=39077"}],"curies":[{"name":"wp","href":"https:\/\/api.w.org\/{rel}","templated":true}]}}