{"id":40097,"date":"2022-09-29T13:55:28","date_gmt":"2022-09-30T09:29:53","guid":{"rendered":"https:\/\/alpaka-shop.com\/?post_type=product&#038;p=40097"},"modified":"2025-07-01T09:00:26","modified_gmt":"2025-07-01T06:00:26","slug":"paksut-sukat-fi","status":"publish","type":"product","link":"https:\/\/alpaka-shop.com\/fi\/paksut-sukat-fi\/","title":{"rendered":"Paksut sukat"},"content":{"rendered":"","protected":false},"excerpt":{"rendered":"<p><span data-sheets-value=\"{&quot;1&quot;:2,&quot;2&quot;:&quot;Paksut sukat \/ Kest\u00e4v\u00e4t ja l\u00e4mpim\u00e4t paksusti neulotut alpakan villaiset sukat \/ N\u00e4m\u00e4 paksusti neulotut alpakan sukat ovat t\u00e4ydellisi\u00e4 ulkoiluun, ne on vahvistettu sek\u00e4 kantap\u00e4\u00e4ss\u00e4 ett\u00e4 varpaissa erinomaisen istuvuuden takaamiseksi. Alpakan ylellist\u00e4 pehmeytt\u00e4 t\u00e4ydent\u00e4v\u00e4t merinovilla ja akryyli, jotta ne s\u00e4ilytt\u00e4v\u00e4t muotonsa ja takaavat pidemm\u00e4n k\u00e4ytt\u00f6i\u00e4n. Jalkasi eiv\u00e4t ole koskaan tuntuneet niin hyv\u00e4lt\u00e4 ja l\u00e4mpim\u00e4lt\u00e4.&quot;}\" data-sheets-userformat=\"{&quot;2&quot;:769,&quot;3&quot;:{&quot;1&quot;:0},&quot;11&quot;:4,&quot;12&quot;:0}\" data-sheets-textstyleruns=\"{&quot;1&quot;:0,&quot;2&quot;:{&quot;5&quot;:1}}\uee10{&quot;1&quot;:12}\uee10{&quot;1&quot;:15,&quot;2&quot;:{&quot;4&quot;:9,&quot;6&quot;:1}}\uee10{&quot;1&quot;:77}\">N\u00e4m\u00e4 paksusti neulotut alpakan sukat ovat t\u00e4ydellisi\u00e4 ulkoiluun, ne on vahvistettu sek\u00e4 kantap\u00e4\u00e4ss\u00e4 ett\u00e4 varpaissa erinomaisen istuvuuden takaamiseksi. Alpakan ylellist\u00e4 pehmeytt\u00e4 t\u00e4ydent\u00e4v\u00e4t merinovilla ja akryyli, jotta ne s\u00e4ilytt\u00e4v\u00e4t muotonsa ja takaavat pidemm\u00e4n k\u00e4ytt\u00f6i\u00e4n. Jalkasi eiv\u00e4t ole koskaan tuntuneet niin hyv\u00e4lt\u00e4 ja l\u00e4mpim\u00e4lt\u00e4.<\/span><\/p>\n<p>MATERIAL<br \/>\n<strong>50% alpaca, 45% acrylic, 5% merino wool<\/strong><\/p>\n","protected":false},"featured_media":44832,"template":"","meta":{"_acf_changed":false},"product_brand":[],"product_cat":[87],"product_tag":[],"product_shipping_class":[],"pa_soft-wrap-cardigan":[],"class_list":{"0":"post-40097","1":"product","2":"type-product","3":"status-publish","4":"has-post-thumbnail","6":"product_cat-uncategorized-fi","8":"first","9":"outofstock","10":"taxable","11":"shipping-taxable","12":"product-type-variable","13":"has-default-attributes","14":"wvs-archive-product-wrapper"},"bundled_by":[],"bundle_stock_status":"outofstock","bundle_stock_quantity":null,"bundle_virtual":false,"bundle_layout":"","bundle_add_to_cart_form_location":"","bundle_editable_in_cart":false,"bundle_sold_individually_context":"","bundle_item_grouping":"","bundle_min_size":"","bundle_max_size":"","bundle_price":[],"bundled_items":[],"bundle_sell_ids":[],"acf":[],"aioseo_notices":[],"_links":{"self":[{"href":"https:\/\/alpaka-shop.com\/fi\/wp-json\/wp\/v2\/product\/40097","targetHints":{"allow":["GET"]}}],"collection":[{"href":"https:\/\/alpaka-shop.com\/fi\/wp-json\/wp\/v2\/product"}],"about":[{"href":"https:\/\/alpaka-shop.com\/fi\/wp-json\/wp\/v2\/types\/product"}],"wp:featuredmedia":[{"embeddable":true,"href":"https:\/\/alpaka-shop.com\/fi\/wp-json\/wp\/v2\/media\/44832"}],"wp:attachment":[{"href":"https:\/\/alpaka-shop.com\/fi\/wp-json\/wp\/v2\/media?parent=40097"}],"wp:term":[{"taxonomy":"product_brand","embeddable":true,"href":"https:\/\/alpaka-shop.com\/fi\/wp-json\/wp\/v2\/product_brand?post=40097"},{"taxonomy":"product_cat","embeddable":true,"href":"https:\/\/alpaka-shop.com\/fi\/wp-json\/wp\/v2\/product_cat?post=40097"},{"taxonomy":"product_tag","embeddable":true,"href":"https:\/\/alpaka-shop.com\/fi\/wp-json\/wp\/v2\/product_tag?post=40097"},{"taxonomy":"product_shipping_class","embeddable":true,"href":"https:\/\/alpaka-shop.com\/fi\/wp-json\/wp\/v2\/product_shipping_class?post=40097"},{"taxonomy":"pa_soft-wrap-cardigan","embeddable":true,"href":"https:\/\/alpaka-shop.com\/fi\/wp-json\/wp\/v2\/pa_soft-wrap-cardigan?post=40097"}],"curies":[{"name":"wp","href":"https:\/\/api.w.org\/{rel}","templated":true}]}}