{"id":40301,"date":"2022-11-17T11:28:58","date_gmt":"2022-11-17T09:28:58","guid":{"rendered":"https:\/\/alpaka-shop.com\/?post_type=product&#038;p=40301"},"modified":"2026-03-17T20:07:02","modified_gmt":"2026-03-17T18:07:02","slug":"klassinen-pyoreakauluksinen-pusero","status":"publish","type":"product","link":"https:\/\/alpaka-shop.com\/fi\/klassinen-pyoreakauluksinen-pusero\/","title":{"rendered":"Klassinen Py\u00f6re\u00e4kauluksinen Pusero"},"content":{"rendered":"","protected":false},"excerpt":{"rendered":"<p><span data-sheets-value=\"{&quot;1&quot;:2,&quot;2&quot;:&quot;GRM57 KLASSINEN PY\u00d6RE\u00c4KAULUKSINEN PUSEROnnSHORT DESCRIPTIONn100 % babyalpakkavillasta valmistettu py\u00f6re\u00e4kauluksinen klassinen puseronDESCRIPTION FInT\u00e4m\u00e4 100 % babyalpakkavillainen py\u00f6re\u00e4kauluksinen pusero on klassikko, jossa on joustinneulotut hihansuut, kaulus ja helma. Pusero on suunniteltu sopimaan yhteen jokaisen vaatekappaleen kanssa ja sen t\u00e4ydellisen yksinkertainen ja ajaton istuvuus tarjoaa erinomaista mukavuutta ja loputtomasti tyylivaihtoehtoja. Materiaalina babyalpakkavillalla on erinomaiset l\u00e4mm\u00f6ns\u00e4\u00e4telyominaisuudet, joten se ohjaa l\u00e4mp\u00f6\u00e4 ja pit\u00e4\u00e4 sinut mukavana koko p\u00e4iv\u00e4n. Erinomainen neule niin bisnesymp\u00e4rist\u00f6\u00f6n kuin kasuaalisiin ja sosiaalisiin tilaisuuksiin\/ARKIP\u00c4IVIIN.nMETA DESCRIPTIONnKlassinen babyalpakkapusero jokap\u00e4iv\u00e4iseen k\u00e4ytt\u00f6\u00f6n, joka tarjoaa useita tyylivaihtoehtoja.&quot;}\" data-sheets-userformat=\"{&quot;2&quot;:8961,&quot;3&quot;:{&quot;1&quot;:0},&quot;11&quot;:4,&quot;12&quot;:0,&quot;16&quot;:10}\" data-sheets-textstyleruns=\"{&quot;1&quot;:0}\uee10{&quot;1&quot;:42,&quot;2&quot;:{&quot;5&quot;:1}}\uee10{&quot;1&quot;:60}\uee10{&quot;1&quot;:133,&quot;2&quot;:{&quot;5&quot;:1}}\uee10{&quot;1&quot;:148}\uee10{&quot;1&quot;:696,&quot;2&quot;:{&quot;5&quot;:1}}\uee10{&quot;1&quot;:713}\">T\u00e4m\u00e4 100 % babyalpakkavillainen py\u00f6re\u00e4kauluksinen pusero on klassikko, jossa on joustinneulotut hihansuut, kaulus ja helma. Pusero on suunniteltu sopimaan yhteen jokaisen vaatekappaleen kanssa ja sen t\u00e4ydellisen yksinkertainen ja ajaton istuvuus tarjoaa erinomaista mukavuutta ja loputtomasti tyylivaihtoehtoja. Materiaalina babyalpakkavillalla on erinomaiset l\u00e4mm\u00f6ns\u00e4\u00e4telyominaisuudet, joten se ohjaa l\u00e4mp\u00f6\u00e4 ja pit\u00e4\u00e4 sinut mukavana koko p\u00e4iv\u00e4n. Erinomainen neule niin bisnesymp\u00e4rist\u00f6\u00f6n kuin kasuaalisiin ja sosiaalisiin arkip\u00e4iviin.<\/span><\/p>\n<p>MATERIAL<br \/>\n<strong>100% Baby Alpakka<\/strong><\/p>\n","protected":false},"featured_media":48027,"template":"","meta":{"_acf_changed":false},"product_brand":[],"product_cat":[68,103],"product_tag":[],"product_shipping_class":[],"pa_soft-wrap-cardigan":[],"class_list":{"0":"post-40301","1":"product","2":"type-product","3":"status-publish","4":"has-post-thumbnail","6":"product_cat-miehet","7":"product_cat-neulepuserot-ja-taki","9":"first","10":"instock","11":"taxable","12":"shipping-taxable","13":"purchasable","14":"product-type-variable","15":"has-default-attributes","16":"wvs-archive-product-wrapper"},"bundled_by":[],"bundle_stock_status":"instock","bundle_stock_quantity":null,"bundle_virtual":false,"bundle_layout":"","bundle_add_to_cart_form_location":"","bundle_editable_in_cart":false,"bundle_sold_individually_context":"","bundle_item_grouping":"","bundle_min_size":"","bundle_max_size":"","bundle_price":[],"bundled_items":[],"bundle_sell_ids":[],"acf":[],"aioseo_notices":[],"_links":{"self":[{"href":"https:\/\/alpaka-shop.com\/fi\/wp-json\/wp\/v2\/product\/40301","targetHints":{"allow":["GET"]}}],"collection":[{"href":"https:\/\/alpaka-shop.com\/fi\/wp-json\/wp\/v2\/product"}],"about":[{"href":"https:\/\/alpaka-shop.com\/fi\/wp-json\/wp\/v2\/types\/product"}],"wp:featuredmedia":[{"embeddable":true,"href":"https:\/\/alpaka-shop.com\/fi\/wp-json\/wp\/v2\/media\/48027"}],"wp:attachment":[{"href":"https:\/\/alpaka-shop.com\/fi\/wp-json\/wp\/v2\/media?parent=40301"}],"wp:term":[{"taxonomy":"product_brand","embeddable":true,"href":"https:\/\/alpaka-shop.com\/fi\/wp-json\/wp\/v2\/product_brand?post=40301"},{"taxonomy":"product_cat","embeddable":true,"href":"https:\/\/alpaka-shop.com\/fi\/wp-json\/wp\/v2\/product_cat?post=40301"},{"taxonomy":"product_tag","embeddable":true,"href":"https:\/\/alpaka-shop.com\/fi\/wp-json\/wp\/v2\/product_tag?post=40301"},{"taxonomy":"product_shipping_class","embeddable":true,"href":"https:\/\/alpaka-shop.com\/fi\/wp-json\/wp\/v2\/product_shipping_class?post=40301"},{"taxonomy":"pa_soft-wrap-cardigan","embeddable":true,"href":"https:\/\/alpaka-shop.com\/fi\/wp-json\/wp\/v2\/pa_soft-wrap-cardigan?post=40301"}],"curies":[{"name":"wp","href":"https:\/\/api.w.org\/{rel}","templated":true}]}}