{"id":40305,"date":"2022-11-03T12:55:36","date_gmt":"2022-11-03T10:55:36","guid":{"rendered":"https:\/\/alpaka-shop.com\/?post_type=product&#038;p=40305"},"modified":"2026-04-05T13:30:03","modified_gmt":"2026-04-05T10:30:03","slug":"matkasaali","status":"publish","type":"product","link":"https:\/\/alpaka-shop.com\/fi\/matkasaali\/","title":{"rendered":"Matkasaali"},"content":{"rendered":"","protected":false},"excerpt":{"rendered":"<p><span data-sheets-value=\"{&quot;1&quot;:2,&quot;2&quot;:&quot;GRM38 - MATKASAALInnSHORT DESCRIPTIONn100 % babyalpakka-matkasaali k\u00e4yt\u00e4nn\u00f6llisill\u00e4 taskuilla nDESCRIPTION FInMinne ikin\u00e4 menetkin, muista nauttia matkasta. T\u00e4ss\u00e4 babyalpakkalangasta valmistetussa nerokkaassa saalissa on pehme\u00e4 pinta, joka on yht\u00e4 tyylik\u00e4s kuin k\u00e4yt\u00e4nn\u00f6llinen. Klassinen muotoilu mahdollistaa lukemattomia tapoja kerrostaa ja k\u00e4ytt\u00e4\u00e4 sit\u00e4 eritavoin. T\u00e4m\u00e4 on monipuolinen asuste, joka tarjoaa erinomaista mukavuutta matkoilla. Vaikka se on hyv\u00e4 matkakumppani, ymm\u00e4rr\u00e4mme, jos et voi vastustaa sit\u00e4 kotona katsoessasi suosikkiohjelmiasi. T\u00c4M\u00c4 ON AINOA SAALI MEID\u00c4N KOKOELMASSA, JOLLA ON TASKUT.nMETA DESCRIPTIONnT\u00e4m\u00e4 on ylellinen asuste asiakkaille, jotka arvostavat huippulaatua ja maksimaalista mukavuutta matkustaessaan.&quot;}\" data-sheets-userformat=\"{&quot;2&quot;:8961,&quot;3&quot;:{&quot;1&quot;:0},&quot;11&quot;:4,&quot;12&quot;:0,&quot;16&quot;:10}\" data-sheets-textstyleruns=\"{&quot;1&quot;:0}\uee10{&quot;1&quot;:20,&quot;2&quot;:{&quot;5&quot;:1}}\uee10{&quot;1&quot;:37}\uee10{&quot;1&quot;:95,&quot;2&quot;:{&quot;5&quot;:1}}\uee10{&quot;1&quot;:109}\uee10{&quot;1&quot;:610,&quot;2&quot;:{&quot;5&quot;:1}}\uee10{&quot;1&quot;:626}\">Minne ikin\u00e4 menetkin, muista nauttia matkasta. T\u00e4ss\u00e4 babyalpakkalangasta valmistetussa nerokkaassa saalissa on pehme\u00e4 pinta, joka on yht\u00e4 tyylik\u00e4s kuin k\u00e4yt\u00e4nn\u00f6llinen. Klassinen muotoilu mahdollistaa lukemattomia tapoja kerrostaa ja k\u00e4ytt\u00e4\u00e4 sit\u00e4 eritavoin. T\u00e4m\u00e4 on monipuolinen asuste, joka tarjoaa erinomaista mukavuutta matkoilla. Vaikka se on hyv\u00e4 matkakumppani, ymm\u00e4rr\u00e4mme, jos et voi vastustaa sit\u00e4 kotona katsoessasi suosikkiohjelmiasi. T\u00e4m\u00e4 on ainoa saali meid\u00e4n kokoelmassa jolla on taskut.<\/span><\/p>\n<p>MATERIAALI<br \/>\n<b>100% Baby-alpakka<\/b><\/p>\n","protected":false},"featured_media":44760,"template":"","meta":{"_acf_changed":false},"product_brand":[],"product_cat":[64,63,100],"product_tag":[],"product_shipping_class":[],"pa_soft-wrap-cardigan":[],"class_list":{"0":"post-40305","1":"product","2":"type-product","3":"status-publish","4":"has-post-thumbnail","6":"product_cat-huivit-ja-saalit","7":"product_cat-naiset","8":"product_cat-ponchot","10":"first","11":"instock","12":"taxable","13":"shipping-taxable","14":"purchasable","15":"product-type-variable","16":"has-default-attributes","17":"wvs-archive-product-wrapper"},"bundled_by":[],"bundle_stock_status":"instock","bundle_stock_quantity":null,"bundle_virtual":false,"bundle_layout":"","bundle_add_to_cart_form_location":"","bundle_editable_in_cart":false,"bundle_sold_individually_context":"","bundle_item_grouping":"","bundle_min_size":"","bundle_max_size":"","bundle_price":[],"bundled_items":[],"bundle_sell_ids":[],"acf":[],"aioseo_notices":[],"_links":{"self":[{"href":"https:\/\/alpaka-shop.com\/fi\/wp-json\/wp\/v2\/product\/40305","targetHints":{"allow":["GET"]}}],"collection":[{"href":"https:\/\/alpaka-shop.com\/fi\/wp-json\/wp\/v2\/product"}],"about":[{"href":"https:\/\/alpaka-shop.com\/fi\/wp-json\/wp\/v2\/types\/product"}],"wp:featuredmedia":[{"embeddable":true,"href":"https:\/\/alpaka-shop.com\/fi\/wp-json\/wp\/v2\/media\/44760"}],"wp:attachment":[{"href":"https:\/\/alpaka-shop.com\/fi\/wp-json\/wp\/v2\/media?parent=40305"}],"wp:term":[{"taxonomy":"product_brand","embeddable":true,"href":"https:\/\/alpaka-shop.com\/fi\/wp-json\/wp\/v2\/product_brand?post=40305"},{"taxonomy":"product_cat","embeddable":true,"href":"https:\/\/alpaka-shop.com\/fi\/wp-json\/wp\/v2\/product_cat?post=40305"},{"taxonomy":"product_tag","embeddable":true,"href":"https:\/\/alpaka-shop.com\/fi\/wp-json\/wp\/v2\/product_tag?post=40305"},{"taxonomy":"product_shipping_class","embeddable":true,"href":"https:\/\/alpaka-shop.com\/fi\/wp-json\/wp\/v2\/product_shipping_class?post=40305"},{"taxonomy":"pa_soft-wrap-cardigan","embeddable":true,"href":"https:\/\/alpaka-shop.com\/fi\/wp-json\/wp\/v2\/pa_soft-wrap-cardigan?post=40305"}],"curies":[{"name":"wp","href":"https:\/\/api.w.org\/{rel}","templated":true}]}}