{"id":40308,"date":"2022-11-24T11:57:01","date_gmt":"2022-11-24T09:57:01","guid":{"rendered":"https:\/\/alpaka-shop.com\/?post_type=product&#038;p=40308"},"modified":"2025-12-30T21:00:06","modified_gmt":"2025-12-30T19:00:06","slug":"unisex-villatakki","status":"publish","type":"product","link":"https:\/\/alpaka-shop.com\/fi\/unisex-villatakki\/","title":{"rendered":"Unisex Villatakki"},"content":{"rendered":"","protected":false},"excerpt":{"rendered":"<p><span data-sheets-value=\"{&quot;1&quot;:2,&quot;2&quot;:&quot;GRM56 \u2013 UNISEX-VILLATAKKInnSHORT DESCRIPTIONnBabyalpakka- ja pima-puuvillainen unisex-villatakki vy\u00f6ll\u00e4 ja irrotettavalla hupullanDESCRIPTION FInAlpakka-unisex-villatakki on suojasi pohjanmaiselta s\u00e4\u00e4lta ja se tarjoaa helppoa ja vaivatonta pukeutumista. T\u00e4m\u00e4 toiminnallinen p\u00e4\u00e4llysvaate\/NEULETAKKI on valmistettu babyalpakka- ja pima-puuvillaseoksesta paremman mukavuuden varmistamiseksi. Se on iso, l\u00e4mmin ja monipuolinen. T\u00e4m\u00e4 unisex-villatakki tarjoaa useita tyylivaihtoehtoja, se sopii erinomaisesti suosikkivaatteidesi kanssa ja sen istuvuutta voidaan s\u00e4\u00e4dell\u00e4 vy\u00f6ll\u00e4 ja modernilla irrotettavalla hupulla. Se on vaatekaapin kohokohta, kun ty\u00f6skentelet kotona, matkustat, tapaat yst\u00e4vi\u00e4 tai etsit jotain mukavaa, jossa vain oleskella. Huppu on kiinnitetty kaulukseen biohartsinapeilla, joiden hiilijalanj\u00e4lki on 25 % pienempi kuin tavallisilla napeilla.nMETA DESCRIPTIONnT\u00e4m\u00e4 on tyylik\u00e4s babyalpakka-villatakki biohartsinapeilla, joka on ihanteellinen niille, jotka arvostavat pehmeytt\u00e4 ja helppok\u00e4ytt\u00f6isyytt\u00e4.&quot;}\" data-sheets-userformat=\"{&quot;2&quot;:8961,&quot;3&quot;:{&quot;1&quot;:0},&quot;11&quot;:4,&quot;12&quot;:0,&quot;16&quot;:10}\" data-sheets-textstyleruns=\"{&quot;1&quot;:0}\uee10{&quot;1&quot;:27,&quot;2&quot;:{&quot;5&quot;:1}}\uee10{&quot;1&quot;:45}\uee10{&quot;1&quot;:130,&quot;2&quot;:{&quot;5&quot;:1}}\uee10{&quot;1&quot;:145}\uee10{&quot;1&quot;:259,&quot;2&quot;:{&quot;5&quot;:1}}\uee10{&quot;1&quot;:297}\uee10{&quot;1&quot;:538,&quot;2&quot;:{&quot;5&quot;:1}}\uee10{&quot;1&quot;:609}\uee10{&quot;1&quot;:858,&quot;2&quot;:{&quot;5&quot;:1}}\uee10{&quot;1&quot;:875}\">Alpakka-unisex-villatakki on suojasi pohjanmaiselta s\u00e4\u00e4lta ja se tarjoaa helppoa ja vaivatonta pukeutumista. T\u00e4m\u00e4 toiminnallinen neuletakki on valmistettu babyalpakka- ja pima-puuvillaseoksesta paremman mukavuuden varmistamiseksi. Se on iso, l\u00e4mmin ja monipuolinen. T\u00e4m\u00e4 unisex-villatakki tarjoaa useita tyylivaihtoehtoja, se sopii erinomaisesti suosikkivaatteidesi kanssa ja sen istuvuutta voidaan s\u00e4\u00e4dell\u00e4 vy\u00f6ll\u00e4 ja modernilla irrotettavalla hupulla. Se on vaatekaapin kohokohta, kun ty\u00f6skentelet kotona, matkustat, tapaat yst\u00e4vi\u00e4 tai etsit jotain mukavaa, jossa vain oleskella. Huppu on kiinnitetty kaulukseen biohartsinapeilla, joiden hiilijalanj\u00e4lki on 25 % pienempi kuin tavallisilla napeilla.<br \/>\n<\/span><\/p>\n<p>MATERIAALI<br \/>\n<strong>56% Baby Alpakka, 44% Pima Puuvilla<\/strong><\/p>\n","protected":false},"featured_media":48781,"template":"","meta":{"_acf_changed":false},"product_brand":[],"product_cat":[68,63,99,103],"product_tag":[],"product_shipping_class":[],"pa_soft-wrap-cardigan":[],"class_list":{"0":"post-40308","1":"product","2":"type-product","3":"status-publish","4":"has-post-thumbnail","6":"product_cat-miehet","7":"product_cat-naiset","8":"product_cat-neulepuserot-ja-takit","9":"product_cat-neulepuserot-ja-taki","11":"first","12":"outofstock","13":"taxable","14":"shipping-taxable","15":"purchasable","16":"product-type-variable","17":"has-default-attributes","18":"wvs-archive-product-wrapper"},"bundled_by":[],"bundle_stock_status":"outofstock","bundle_stock_quantity":null,"bundle_virtual":false,"bundle_layout":"","bundle_add_to_cart_form_location":"","bundle_editable_in_cart":false,"bundle_sold_individually_context":"","bundle_item_grouping":"","bundle_min_size":"","bundle_max_size":"","bundle_price":[],"bundled_items":[],"bundle_sell_ids":[],"acf":[],"aioseo_notices":[],"_links":{"self":[{"href":"https:\/\/alpaka-shop.com\/fi\/wp-json\/wp\/v2\/product\/40308","targetHints":{"allow":["GET"]}}],"collection":[{"href":"https:\/\/alpaka-shop.com\/fi\/wp-json\/wp\/v2\/product"}],"about":[{"href":"https:\/\/alpaka-shop.com\/fi\/wp-json\/wp\/v2\/types\/product"}],"wp:featuredmedia":[{"embeddable":true,"href":"https:\/\/alpaka-shop.com\/fi\/wp-json\/wp\/v2\/media\/48781"}],"wp:attachment":[{"href":"https:\/\/alpaka-shop.com\/fi\/wp-json\/wp\/v2\/media?parent=40308"}],"wp:term":[{"taxonomy":"product_brand","embeddable":true,"href":"https:\/\/alpaka-shop.com\/fi\/wp-json\/wp\/v2\/product_brand?post=40308"},{"taxonomy":"product_cat","embeddable":true,"href":"https:\/\/alpaka-shop.com\/fi\/wp-json\/wp\/v2\/product_cat?post=40308"},{"taxonomy":"product_tag","embeddable":true,"href":"https:\/\/alpaka-shop.com\/fi\/wp-json\/wp\/v2\/product_tag?post=40308"},{"taxonomy":"product_shipping_class","embeddable":true,"href":"https:\/\/alpaka-shop.com\/fi\/wp-json\/wp\/v2\/product_shipping_class?post=40308"},{"taxonomy":"pa_soft-wrap-cardigan","embeddable":true,"href":"https:\/\/alpaka-shop.com\/fi\/wp-json\/wp\/v2\/pa_soft-wrap-cardigan?post=40308"}],"curies":[{"name":"wp","href":"https:\/\/api.w.org\/{rel}","templated":true}]}}