{"id":40312,"date":"2022-11-03T12:51:44","date_gmt":"2022-11-03T10:51:44","guid":{"rendered":"https:\/\/alpaka-shop.com\/?post_type=product&#038;p=40312"},"modified":"2026-04-13T10:30:04","modified_gmt":"2026-04-13T07:30:04","slug":"lyhythihainen-pusero","status":"publish","type":"product","link":"https:\/\/alpaka-shop.com\/fi\/lyhythihainen-pusero\/","title":{"rendered":"Lyhythihainen Pusero"},"content":{"rendered":"","protected":false},"excerpt":{"rendered":"<p><span data-sheets-value=\"{&quot;1&quot;:2,&quot;2&quot;:&quot;GRM47 -nLYHYTHIHAINENnPUSEROnnSHORT DESCRIPTIONn100 % babyalpakasta valmistettu lyhythihainen pusero py\u00f6re\u00e4ll\u00e4 p\u00e4\u00e4ntiell\u00e4\/KALULUKSELLAnDESCRIPTION FInEritt\u00e4in pehme\u00e4 babyalpakasta valmistettu lyhythihainen pusero minimalistisella muotoilulla ja py\u00f6re\u00e4ll\u00e4 p\u00e4\u00e4ntiell\u00e4\/KAULUKSELLA. T\u00e4m\u00e4 rennon istuvuuden tarjoava tihe\u00e4silmukkainen pusero on yksinkertainen, tyylik\u00e4s versio t-paidasta. Se on valmistettu 100 % babyalpakasta, ja alpakkavillan luonnolliset ominaisuudet tekev\u00e4t t\u00e4st\u00e4 tuotteesta erityisen mukavan ja monipuolisen. Lyhythihainen puseromme sopii t\u00e4ydellisesti jokap\u00e4iv\u00e4iseen k\u00e4ytt\u00f6\u00f6n takin tai bleiserin alle ja yhdistettyn\u00e4 silkkiseen midihameeseen erikoistilaisuuksissa.nMETA DESCRIPTIONnKlassinen lyhythihainen babyalpakasta valmistettu pusero on tyylik\u00e4s vaihtoehto t-paidalle.&quot;}\" data-sheets-userformat=\"{&quot;2&quot;:8961,&quot;3&quot;:{&quot;1&quot;:0},&quot;11&quot;:4,&quot;12&quot;:0,&quot;16&quot;:10}\" data-sheets-textstyleruns=\"{&quot;1&quot;:0}\uee10{&quot;1&quot;:30,&quot;2&quot;:{&quot;5&quot;:1}}\uee10{&quot;1&quot;:48}\uee10{&quot;1&quot;:135,&quot;2&quot;:{&quot;5&quot;:1}}\uee10{&quot;1&quot;:150}\uee10{&quot;1&quot;:682,&quot;2&quot;:{&quot;5&quot;:1}}\uee10{&quot;1&quot;:699}\">Eritt\u00e4in pehme\u00e4 babyalpakasta valmistettu lyhythihainen pusero minimalistisella muotoilulla ja py\u00f6re\u00e4ll\u00e4 kauluksella. T\u00e4m\u00e4 rennon istuvuuden tarjoava tihe\u00e4silmukkainen pusero on yksinkertainen, tyylik\u00e4s versio t-paidasta. Se on valmistettu 100 % babyalpakasta, ja alpakkavillan luonnolliset ominaisuudet tekev\u00e4t t\u00e4st\u00e4 tuotteesta erityisen mukavan ja monipuolisen. Lyhythihainen puseromme sopii t\u00e4ydellisesti jokap\u00e4iv\u00e4iseen k\u00e4ytt\u00f6\u00f6n takin tai bleiserin alle ja yhdistettyn\u00e4 silkkiseen midihameeseen erikoistilaisuuksissa.<br \/>\n<\/span><\/p>\n<div class=\"woocommerce-product-details__short-description\">\n<p>MATERIAALI<br \/>\n<strong>100% baby alpakka<\/strong><\/p>\n<\/div>\n","protected":false},"featured_media":43322,"template":"","meta":{"_acf_changed":false},"product_brand":[],"product_cat":[63,99],"product_tag":[],"product_shipping_class":[],"pa_soft-wrap-cardigan":[],"class_list":{"0":"post-40312","1":"product","2":"type-product","3":"status-publish","4":"has-post-thumbnail","6":"product_cat-naiset","7":"product_cat-neulepuserot-ja-takit","9":"first","10":"instock","11":"taxable","12":"shipping-taxable","13":"purchasable","14":"product-type-variable","15":"has-default-attributes","16":"wvs-archive-product-wrapper"},"bundled_by":[],"bundle_stock_status":"instock","bundle_stock_quantity":null,"bundle_virtual":false,"bundle_layout":"","bundle_add_to_cart_form_location":"","bundle_editable_in_cart":false,"bundle_sold_individually_context":"","bundle_item_grouping":"","bundle_min_size":"","bundle_max_size":"","bundle_price":[],"bundled_items":[],"bundle_sell_ids":[],"acf":[],"aioseo_notices":[],"_links":{"self":[{"href":"https:\/\/alpaka-shop.com\/fi\/wp-json\/wp\/v2\/product\/40312","targetHints":{"allow":["GET"]}}],"collection":[{"href":"https:\/\/alpaka-shop.com\/fi\/wp-json\/wp\/v2\/product"}],"about":[{"href":"https:\/\/alpaka-shop.com\/fi\/wp-json\/wp\/v2\/types\/product"}],"wp:featuredmedia":[{"embeddable":true,"href":"https:\/\/alpaka-shop.com\/fi\/wp-json\/wp\/v2\/media\/43322"}],"wp:attachment":[{"href":"https:\/\/alpaka-shop.com\/fi\/wp-json\/wp\/v2\/media?parent=40312"}],"wp:term":[{"taxonomy":"product_brand","embeddable":true,"href":"https:\/\/alpaka-shop.com\/fi\/wp-json\/wp\/v2\/product_brand?post=40312"},{"taxonomy":"product_cat","embeddable":true,"href":"https:\/\/alpaka-shop.com\/fi\/wp-json\/wp\/v2\/product_cat?post=40312"},{"taxonomy":"product_tag","embeddable":true,"href":"https:\/\/alpaka-shop.com\/fi\/wp-json\/wp\/v2\/product_tag?post=40312"},{"taxonomy":"product_shipping_class","embeddable":true,"href":"https:\/\/alpaka-shop.com\/fi\/wp-json\/wp\/v2\/product_shipping_class?post=40312"},{"taxonomy":"pa_soft-wrap-cardigan","embeddable":true,"href":"https:\/\/alpaka-shop.com\/fi\/wp-json\/wp\/v2\/pa_soft-wrap-cardigan?post=40312"}],"curies":[{"name":"wp","href":"https:\/\/api.w.org\/{rel}","templated":true}]}}