{"id":40315,"date":"2022-11-03T13:59:19","date_gmt":"2022-11-03T11:59:19","guid":{"rendered":"https:\/\/alpaka-shop.com\/?post_type=product&#038;p=40315"},"modified":"2026-03-15T12:00:05","modified_gmt":"2026-03-15T10:00:05","slug":"okapaivainen-pusero-pyorealla-kauluksella","status":"publish","type":"product","link":"https:\/\/alpaka-shop.com\/fi\/okapaivainen-pusero-pyorealla-kauluksella\/","title":{"rendered":"Okap\u00e4iv\u00e4inen Pusero Py\u00f6re\u00e4ll\u00e4 Kauluksella"},"content":{"rendered":"","protected":false},"excerpt":{"rendered":"<p><span data-sheets-value=\"{&quot;1&quot;:2,&quot;2&quot;:&quot;GRM51 JOKAP\u00c4IV\u00c4INEN PUSERO PY\u00d6RE\u00c4LL\u00c4 P\u00c4\u00c4NTIELL\u00c4nnSHORT DESCRIPTIONnBabyalpakkavillasta ja pima-puuvillasta valmistettu jokap\u00e4iv\u00e4inen neulepusero py\u00f6re\u00e4ll\u00e4 p\u00e4\u00e4ntiell\u00e4\/KAULUKSELLAnDESCRIPTION FInT\u00e4m\u00e4 mukava py\u00f6re\u00e4ll\u00e4 p\u00e4\u00e4ntiell\u00e4\/KAULUKSELLA varustettu pusero on todellinen talven esikuva, joka pit\u00e4\u00e4 sinut l\u00e4mpim\u00e4n\u00e4 s\u00e4\u00e4st\u00e4 riippumatta. Siisti ilme ja sivuhalkiomuotoilu tekev\u00e4t siit\u00e4 erinomaisen arjen neuleen. T\u00e4t\u00e4 v\u00e4ltt\u00e4m\u00e4t\u00f6nt\u00e4 perustuotetta voidaan k\u00e4ytt\u00e4\u00e4 v\u00e4likausivaatteena tai kerrostamaan takin alle. Babyalpakan ja pima-puuvillan johdosta t\u00e4m\u00e4 neule on hengitt\u00e4v\u00e4, l\u00e4mmin ja mukava k\u00e4ytt\u00e4\u00e4. Se on todellinen ajaton lis\u00e4 vaatekaappiisi.nMETA DESCRIPTIONnBabyalpakasta ja pima-puuvillasta neulottu monipuolinen arkinen pusero on v\u00e4ltt\u00e4m\u00e4t\u00f6n v\u00e4likausivaate.&quot;}\" data-sheets-userformat=\"{&quot;2&quot;:8961,&quot;3&quot;:{&quot;1&quot;:0},&quot;11&quot;:4,&quot;12&quot;:0,&quot;16&quot;:10}\" data-sheets-textstyleruns=\"{&quot;1&quot;:0}\uee10{&quot;1&quot;:49,&quot;2&quot;:{&quot;5&quot;:1}}\uee10{&quot;1&quot;:67}\uee10{&quot;1&quot;:178,&quot;2&quot;:{&quot;5&quot;:1}}\uee10{&quot;1&quot;:193}\uee10{&quot;1&quot;:641,&quot;2&quot;:{&quot;5&quot;:1}}\uee10{&quot;1&quot;:658}\">T\u00e4m\u00e4 mukava py\u00f6re\u00e4ll\u00e4 kauluksella varustettu pusero on todellinen talven esikuva, joka pit\u00e4\u00e4 sinut l\u00e4mpim\u00e4n\u00e4 s\u00e4\u00e4st\u00e4 riippumatta. Siisti ilme ja sivuhalkiomuotoilu tekev\u00e4t siit\u00e4 erinomaisen arjen neuleen. T\u00e4t\u00e4 v\u00e4ltt\u00e4m\u00e4t\u00f6nt\u00e4 perustuotetta voidaan k\u00e4ytt\u00e4\u00e4 v\u00e4likausivaatteena tai kerrostamaan takin alle. Babyalpakan ja pima-puuvillan johdosta t\u00e4m\u00e4 neule on hengitt\u00e4v\u00e4, l\u00e4mmin ja mukava k\u00e4ytt\u00e4\u00e4. Se on todellinen ajaton lis\u00e4 vaatekaappiisi.<br \/>\n<\/span><\/p>\n<p>MATERIAALI<br \/>\n<strong>56% baby alpakka, 44% orgaaninen Pima-puuvilla<\/strong><\/p>\n","protected":false},"featured_media":43664,"template":"","meta":{"_acf_changed":false},"product_brand":[],"product_cat":[63,99],"product_tag":[],"product_shipping_class":[],"pa_soft-wrap-cardigan":[],"class_list":{"0":"post-40315","1":"product","2":"type-product","3":"status-publish","4":"has-post-thumbnail","6":"product_cat-naiset","7":"product_cat-neulepuserot-ja-takit","9":"first","10":"instock","11":"taxable","12":"shipping-taxable","13":"purchasable","14":"product-type-variable","15":"has-default-attributes","16":"wvs-archive-product-wrapper"},"bundled_by":[],"bundle_stock_status":"instock","bundle_stock_quantity":null,"bundle_virtual":false,"bundle_layout":"","bundle_add_to_cart_form_location":"","bundle_editable_in_cart":false,"bundle_sold_individually_context":"","bundle_item_grouping":"","bundle_min_size":"","bundle_max_size":"","bundle_price":[],"bundled_items":[],"bundle_sell_ids":[],"acf":[],"aioseo_notices":[],"_links":{"self":[{"href":"https:\/\/alpaka-shop.com\/fi\/wp-json\/wp\/v2\/product\/40315","targetHints":{"allow":["GET"]}}],"collection":[{"href":"https:\/\/alpaka-shop.com\/fi\/wp-json\/wp\/v2\/product"}],"about":[{"href":"https:\/\/alpaka-shop.com\/fi\/wp-json\/wp\/v2\/types\/product"}],"wp:featuredmedia":[{"embeddable":true,"href":"https:\/\/alpaka-shop.com\/fi\/wp-json\/wp\/v2\/media\/43664"}],"wp:attachment":[{"href":"https:\/\/alpaka-shop.com\/fi\/wp-json\/wp\/v2\/media?parent=40315"}],"wp:term":[{"taxonomy":"product_brand","embeddable":true,"href":"https:\/\/alpaka-shop.com\/fi\/wp-json\/wp\/v2\/product_brand?post=40315"},{"taxonomy":"product_cat","embeddable":true,"href":"https:\/\/alpaka-shop.com\/fi\/wp-json\/wp\/v2\/product_cat?post=40315"},{"taxonomy":"product_tag","embeddable":true,"href":"https:\/\/alpaka-shop.com\/fi\/wp-json\/wp\/v2\/product_tag?post=40315"},{"taxonomy":"product_shipping_class","embeddable":true,"href":"https:\/\/alpaka-shop.com\/fi\/wp-json\/wp\/v2\/product_shipping_class?post=40315"},{"taxonomy":"pa_soft-wrap-cardigan","embeddable":true,"href":"https:\/\/alpaka-shop.com\/fi\/wp-json\/wp\/v2\/pa_soft-wrap-cardigan?post=40315"}],"curies":[{"name":"wp","href":"https:\/\/api.w.org\/{rel}","templated":true}]}}