{"id":40318,"date":"2022-11-03T12:50:33","date_gmt":"2022-11-03T10:50:33","guid":{"rendered":"https:\/\/alpaka-shop.com\/?post_type=product&#038;p=40318"},"modified":"2026-03-11T15:18:33","modified_gmt":"2026-03-11T13:18:33","slug":"hienostunut-pusero-pitsihihoilla","status":"publish","type":"product","link":"https:\/\/alpaka-shop.com\/fi\/hienostunut-pusero-pitsihihoilla\/","title":{"rendered":"Hienostunut Pusero Pitsihihoilla"},"content":{"rendered":"<p><span data-sheets-value=\"{&quot;1&quot;:2,&quot;2&quot;:&quot;GRM48 HIENOSTUNUT PUSERO PITSIHIHOILLAnnSHORT DESCRIPTIONn100 % babyalpakkapusero hienostuneilla pitsihihoillanDESCRIPTION FInT\u00e4m\u00e4 kaunis ja hienostunut pusero on luotu virolaisen kulttuuriperinn\u00f6n innoittamana. P\u00f6yhe\u00e4t pitsihihat ovat saaneet inspiraationsa ainutlaatuisista Haapsalun huiveista, jotka on neulottu niin hienoksi, ett\u00e4 koko huivi mahtuu naisen vihkisormuksen l\u00e4pi. T\u00e4m\u00e4 elegantti pusero, jossa yhdistyv\u00e4t hienovaraiset pitsihihat ja naisellinen, muotoon istuva neulos, sopii t\u00e4ydellisesti kev\u00e4t- ja kes\u00e4-iltoihin ja yhteen tyylikk\u00e4iden housujen tai satiinihameen kanssa.nMETA DESCRIPTIONnT\u00e4m\u00e4 on hienostunut neule kauniilla neulotuilla volyymihihoilla jokap\u00e4iv\u00e4iseen k\u00e4ytt\u00f6\u00f6n ja elegantteihin tilaisuuksiin.&quot;}\" data-sheets-userformat=\"{&quot;2&quot;:8961,&quot;3&quot;:{&quot;1&quot;:0},&quot;11&quot;:4,&quot;12&quot;:0,&quot;16&quot;:10}\" data-sheets-textstyleruns=\"{&quot;1&quot;:0}\uee10{&quot;1&quot;:40,&quot;2&quot;:{&quot;5&quot;:1}}\uee10{&quot;1&quot;:58}\uee10{&quot;1&quot;:111,&quot;2&quot;:{&quot;5&quot;:1}}\uee10{&quot;1&quot;:126}\uee10{&quot;1&quot;:587,&quot;2&quot;:{&quot;5&quot;:1}}\uee10{&quot;1&quot;:604}\">\u00a0<\/span><\/p>\n","protected":false},"excerpt":{"rendered":"<p><span data-sheets-value=\"{&quot;1&quot;:2,&quot;2&quot;:&quot;GRM48 HIENOSTUNUT PUSERO PITSIHIHOILLAnnSHORT DESCRIPTIONn100 % babyalpakkapusero hienostuneilla pitsihihoillanDESCRIPTION FInT\u00e4m\u00e4 kaunis ja hienostunut pusero on luotu virolaisen kulttuuriperinn\u00f6n innoittamana. P\u00f6yhe\u00e4t pitsihihat ovat saaneet inspiraationsa ainutlaatuisista Haapsalun huiveista, jotka on neulottu niin hienoksi, ett\u00e4 koko huivi mahtuu naisen vihkisormuksen l\u00e4pi. T\u00e4m\u00e4 elegantti pusero, jossa yhdistyv\u00e4t hienovaraiset pitsihihat ja naisellinen, muotoon istuva neulos, sopii t\u00e4ydellisesti kev\u00e4t- ja kes\u00e4-iltoihin ja yhteen tyylikk\u00e4iden housujen tai satiinihameen kanssa.nMETA DESCRIPTIONnT\u00e4m\u00e4 on hienostunut neule kauniilla neulotuilla volyymihihoilla jokap\u00e4iv\u00e4iseen k\u00e4ytt\u00f6\u00f6n ja elegantteihin tilaisuuksiin.&quot;}\" data-sheets-userformat=\"{&quot;2&quot;:8961,&quot;3&quot;:{&quot;1&quot;:0},&quot;11&quot;:4,&quot;12&quot;:0,&quot;16&quot;:10}\" data-sheets-textstyleruns=\"{&quot;1&quot;:0}\uee10{&quot;1&quot;:40,&quot;2&quot;:{&quot;5&quot;:1}}\uee10{&quot;1&quot;:58}\uee10{&quot;1&quot;:111,&quot;2&quot;:{&quot;5&quot;:1}}\uee10{&quot;1&quot;:126}\uee10{&quot;1&quot;:587,&quot;2&quot;:{&quot;5&quot;:1}}\uee10{&quot;1&quot;:604}\">T\u00e4m\u00e4 kaunis ja hienostunut pusero on luotu virolaisen kulttuuriperinn\u00f6n innoittamana. P\u00f6yhe\u00e4t pitsihihat ovat saaneet inspiraationsa ainutlaatuisista Haapsalun huiveista, jotka on neulottu niin hienoksi, ett\u00e4 koko huivi mahtuu naisen vihkisormuksen l\u00e4pi. T\u00e4m\u00e4 elegantti pusero, jossa yhdistyv\u00e4t hienovaraiset pitsihihat ja naisellinen, muotoon istuva neulos, sopii t\u00e4ydellisesti kev\u00e4t- ja kes\u00e4-iltoihin ja yhteen tyylikk\u00e4iden housujen tai satiinihameen kanssa.<br \/>\n<\/span><\/p>\n<p>MATERIAALI<br \/>\n<strong>100% baby alpakka<\/strong><\/p>\n<p>&nbsp;<\/p>\n","protected":false},"featured_media":43614,"template":"","meta":{"_acf_changed":false},"product_brand":[],"product_cat":[63,99],"product_tag":[],"product_shipping_class":[],"pa_soft-wrap-cardigan":[],"class_list":{"0":"post-40318","1":"product","2":"type-product","3":"status-publish","4":"has-post-thumbnail","6":"product_cat-naiset","7":"product_cat-neulepuserot-ja-takit","9":"first","10":"instock","11":"taxable","12":"shipping-taxable","13":"purchasable","14":"product-type-variable","15":"has-default-attributes","16":"wvs-archive-product-wrapper"},"bundled_by":[],"bundle_stock_status":"instock","bundle_stock_quantity":null,"bundle_virtual":false,"bundle_layout":"","bundle_add_to_cart_form_location":"","bundle_editable_in_cart":false,"bundle_sold_individually_context":"","bundle_item_grouping":"","bundle_min_size":"","bundle_max_size":"","bundle_price":[],"bundled_items":[],"bundle_sell_ids":[],"acf":[],"aioseo_notices":[],"_links":{"self":[{"href":"https:\/\/alpaka-shop.com\/fi\/wp-json\/wp\/v2\/product\/40318","targetHints":{"allow":["GET"]}}],"collection":[{"href":"https:\/\/alpaka-shop.com\/fi\/wp-json\/wp\/v2\/product"}],"about":[{"href":"https:\/\/alpaka-shop.com\/fi\/wp-json\/wp\/v2\/types\/product"}],"wp:featuredmedia":[{"embeddable":true,"href":"https:\/\/alpaka-shop.com\/fi\/wp-json\/wp\/v2\/media\/43614"}],"wp:attachment":[{"href":"https:\/\/alpaka-shop.com\/fi\/wp-json\/wp\/v2\/media?parent=40318"}],"wp:term":[{"taxonomy":"product_brand","embeddable":true,"href":"https:\/\/alpaka-shop.com\/fi\/wp-json\/wp\/v2\/product_brand?post=40318"},{"taxonomy":"product_cat","embeddable":true,"href":"https:\/\/alpaka-shop.com\/fi\/wp-json\/wp\/v2\/product_cat?post=40318"},{"taxonomy":"product_tag","embeddable":true,"href":"https:\/\/alpaka-shop.com\/fi\/wp-json\/wp\/v2\/product_tag?post=40318"},{"taxonomy":"product_shipping_class","embeddable":true,"href":"https:\/\/alpaka-shop.com\/fi\/wp-json\/wp\/v2\/product_shipping_class?post=40318"},{"taxonomy":"pa_soft-wrap-cardigan","embeddable":true,"href":"https:\/\/alpaka-shop.com\/fi\/wp-json\/wp\/v2\/pa_soft-wrap-cardigan?post=40318"}],"curies":[{"name":"wp","href":"https:\/\/api.w.org\/{rel}","templated":true}]}}