{"id":40902,"date":"2022-09-16T12:47:39","date_gmt":"2022-09-16T09:47:39","guid":{"rendered":"https:\/\/alpaka-shop.com\/valja-vesiputouspaantiellinen-pusero\/"},"modified":"2026-04-07T11:00:04","modified_gmt":"2026-04-07T08:00:04","slug":"valja-vesiputouspaantiellinen-pusero","status":"publish","type":"product","link":"https:\/\/alpaka-shop.com\/fi\/valja-vesiputouspaantiellinen-pusero\/","title":{"rendered":"V\u00e4lj\u00e4 vesiputousp\u00e4\u00e4ntiellinen pusero"},"content":{"rendered":"","protected":false},"excerpt":{"rendered":"<p><span data-sheets-value=\"{&quot;1&quot;:2,&quot;2&quot;:&quot;V\u00e4lj\u00e4 vesiputousp\u00e4\u00e4ntiellinen pusero \/ 100% surialpakkapusero \/ 100% surialpakkapusero, jossa vesiputousp\u00e4\u00e4ntie \/ V\u00e4lj\u00e4, 100-prosentttisesta surialpakkavillasta valmistettu neulepusero, joka takaa t\u00e4ydellisen mukavuuden koko p\u00e4iv\u00e4ksi. Kest\u00e4v\u00e4n ja eettisen muodin edist\u00e4minen on meille t\u00e4rke\u00e4\u00e4, ja siksi surialpakkalankamme on per\u00e4isin luomusertifioidulta maatilalta. T\u00e4m\u00e4 v\u00e4lj\u00e4 neulos tuo asusi uudelle tasolle ja on eritt\u00e4in miellytt\u00e4v\u00e4 k\u00e4ytt\u00e4\u00e4. Noudata vaatetuksessasi yksinkertaista linjaa ja luo mukava kylm\u00e4n s\u00e4\u00e4n yhdistelm\u00e4 klassisilla farkuilla ja nilkkureilla. n&quot;}\" data-sheets-userformat=\"{&quot;2&quot;:771,&quot;3&quot;:{&quot;1&quot;:0},&quot;4&quot;:{&quot;1&quot;:2,&quot;2&quot;:65535},&quot;11&quot;:4,&quot;12&quot;:0}\" data-sheets-textstyleruns=\"{&quot;1&quot;:0}\uee10{&quot;1&quot;:36,&quot;2&quot;:{&quot;4&quot;:8}}\uee10{&quot;1&quot;:114}\">V\u00e4lj\u00e4, alpakkavillasta valmistettu neulepusero, joka takaa t\u00e4ydellisen mukavuuden koko p\u00e4iv\u00e4ksi. T\u00e4m\u00e4 v\u00e4lj\u00e4 neulos tuo asusi uudelle tasolle ja on eritt\u00e4in miellytt\u00e4v\u00e4 k\u00e4ytt\u00e4\u00e4. Noudata vaatetuksessasi yksinkertaista linjaa ja luo mukava kylm\u00e4n s\u00e4\u00e4n yhdistelm\u00e4 klassisilla farkuilla ja nilkkureilla.<br \/>\n<\/span><\/p>\n<p>MATERIAALI<br \/>\n<strong>100% Baby alpakka<\/strong><\/p>\n","protected":false},"featured_media":40161,"template":"","meta":{"_acf_changed":false},"product_brand":[],"product_cat":[63,99],"product_tag":[],"product_shipping_class":[],"pa_soft-wrap-cardigan":[],"class_list":{"0":"post-40902","1":"product","2":"type-product","3":"status-publish","4":"has-post-thumbnail","6":"product_cat-naiset","7":"product_cat-neulepuserot-ja-takit","9":"first","10":"instock","11":"sale","12":"taxable","13":"shipping-taxable","14":"purchasable","15":"product-type-variable","16":"has-default-attributes","17":"wvs-archive-product-wrapper"},"bundled_by":[],"bundle_stock_status":"instock","bundle_stock_quantity":null,"bundle_virtual":false,"bundle_layout":"","bundle_add_to_cart_form_location":"","bundle_editable_in_cart":false,"bundle_sold_individually_context":"","bundle_item_grouping":"","bundle_min_size":"","bundle_max_size":"","bundle_price":[],"bundled_items":[],"bundle_sell_ids":[],"acf":[],"aioseo_notices":[],"_links":{"self":[{"href":"https:\/\/alpaka-shop.com\/fi\/wp-json\/wp\/v2\/product\/40902","targetHints":{"allow":["GET"]}}],"collection":[{"href":"https:\/\/alpaka-shop.com\/fi\/wp-json\/wp\/v2\/product"}],"about":[{"href":"https:\/\/alpaka-shop.com\/fi\/wp-json\/wp\/v2\/types\/product"}],"wp:featuredmedia":[{"embeddable":true,"href":"https:\/\/alpaka-shop.com\/fi\/wp-json\/wp\/v2\/media\/40161"}],"wp:attachment":[{"href":"https:\/\/alpaka-shop.com\/fi\/wp-json\/wp\/v2\/media?parent=40902"}],"wp:term":[{"taxonomy":"product_brand","embeddable":true,"href":"https:\/\/alpaka-shop.com\/fi\/wp-json\/wp\/v2\/product_brand?post=40902"},{"taxonomy":"product_cat","embeddable":true,"href":"https:\/\/alpaka-shop.com\/fi\/wp-json\/wp\/v2\/product_cat?post=40902"},{"taxonomy":"product_tag","embeddable":true,"href":"https:\/\/alpaka-shop.com\/fi\/wp-json\/wp\/v2\/product_tag?post=40902"},{"taxonomy":"product_shipping_class","embeddable":true,"href":"https:\/\/alpaka-shop.com\/fi\/wp-json\/wp\/v2\/product_shipping_class?post=40902"},{"taxonomy":"pa_soft-wrap-cardigan","embeddable":true,"href":"https:\/\/alpaka-shop.com\/fi\/wp-json\/wp\/v2\/pa_soft-wrap-cardigan?post=40902"}],"curies":[{"name":"wp","href":"https:\/\/api.w.org\/{rel}","templated":true}]}}