{"id":40944,"date":"2022-09-16T12:46:27","date_gmt":"2022-09-16T09:46:27","guid":{"rendered":"https:\/\/alpaka-shop.com\/trapetsimekko\/"},"modified":"2026-03-09T11:30:08","modified_gmt":"2026-03-09T09:30:08","slug":"trapetsimekko","status":"publish","type":"product","link":"https:\/\/alpaka-shop.com\/fi\/trapetsimekko\/","title":{"rendered":"Trapetsimekko"},"content":{"rendered":"","protected":false},"excerpt":{"rendered":"<p><span data-sheets-value=\"{&quot;1&quot;:2,&quot;2&quot;:&quot;Trapetsimekko\/ 100% surialpakasta valmistettu midimittainen trapetsimekko \/ Trapetsimekko on liikkuvan, nykyaikaista ja keve\u00e4\u00e4 ilmett\u00e4 kaipaavan naisen ehdoton kylm\u00e4n s\u00e4\u00e4n asu. Mekossa on kapeat hihat, jotka tekev\u00e4t siit\u00e4 rennon oloisen mutta silti siron, ja midimittaisuutensa ansiosta se sopii t\u00e4ydellisesti talvik\u00e4ytt\u00f6\u00f6n. Lis\u00e4\u00e4m\u00e4ll\u00e4 vy\u00f6n saat vartalonmy\u00f6t\u00e4isen siluetin, ja saapikkailla ja minilaukulla voit stailata trapetsimekkosi. Tuote on valmistettu luonnollisen hengitt\u00e4v\u00e4st\u00e4 ja pehme\u00e4st\u00e4 surialpakkavillasta, joten se on eritt\u00e4in mukava!&quot;}\" data-sheets-userformat=\"{&quot;2&quot;:771,&quot;3&quot;:{&quot;1&quot;:0},&quot;4&quot;:{&quot;1&quot;:2,&quot;2&quot;:65535},&quot;11&quot;:4,&quot;12&quot;:0}\" data-sheets-textstyleruns=\"{&quot;1&quot;:0}\uee10{&quot;1&quot;:15,&quot;2&quot;:{&quot;4&quot;:8}}\uee10{&quot;1&quot;:73}\">Trapetsimekko on liikkuvan, nykyaikaista ja keve\u00e4\u00e4 ilmett\u00e4 kaipaavan naisen ehdoton kylm\u00e4n s\u00e4\u00e4n asu. Mekossa on kapeat hihat, jotka tekev\u00e4t siit\u00e4 rennon oloisen mutta silti siron, ja midimittaisuutensa ansiosta se sopii t\u00e4ydellisesti talvik\u00e4ytt\u00f6\u00f6n. Lis\u00e4\u00e4m\u00e4ll\u00e4 vy\u00f6n saat vartalonmy\u00f6t\u00e4isen siluetin, ja saapikkailla ja minilaukulla voit stailata trapetsimekkosi. Tuote on valmistettu luonnollisen hengitt\u00e4v\u00e4st\u00e4 ja pehme\u00e4st\u00e4 surialpakkavillasta, joten se on eritt\u00e4in mukava!<\/span><\/p>\n<p>MATERIAALI<\/p>\n<p><strong>100% harjattu baby-alpakka<\/strong><\/p>\n","protected":false},"featured_media":48806,"template":"","meta":{"_acf_changed":false},"product_brand":[],"product_cat":[2813,63,102],"product_tag":[],"product_shipping_class":[],"pa_soft-wrap-cardigan":[],"class_list":{"0":"post-40944","1":"product","2":"type-product","3":"status-publish","4":"has-post-thumbnail","6":"product_cat-march-edit-fi","7":"product_cat-naiset","8":"product_cat-vaatteet","10":"first","11":"instock","12":"sale","13":"taxable","14":"shipping-taxable","15":"purchasable","16":"product-type-variable","17":"has-default-attributes","18":"wvs-archive-product-wrapper"},"bundled_by":[],"bundle_stock_status":"instock","bundle_stock_quantity":null,"bundle_virtual":false,"bundle_layout":"","bundle_add_to_cart_form_location":"","bundle_editable_in_cart":false,"bundle_sold_individually_context":"","bundle_item_grouping":"","bundle_min_size":"","bundle_max_size":"","bundle_price":[],"bundled_items":[],"bundle_sell_ids":[],"acf":[],"aioseo_notices":[],"_links":{"self":[{"href":"https:\/\/alpaka-shop.com\/fi\/wp-json\/wp\/v2\/product\/40944","targetHints":{"allow":["GET"]}}],"collection":[{"href":"https:\/\/alpaka-shop.com\/fi\/wp-json\/wp\/v2\/product"}],"about":[{"href":"https:\/\/alpaka-shop.com\/fi\/wp-json\/wp\/v2\/types\/product"}],"wp:featuredmedia":[{"embeddable":true,"href":"https:\/\/alpaka-shop.com\/fi\/wp-json\/wp\/v2\/media\/48806"}],"wp:attachment":[{"href":"https:\/\/alpaka-shop.com\/fi\/wp-json\/wp\/v2\/media?parent=40944"}],"wp:term":[{"taxonomy":"product_brand","embeddable":true,"href":"https:\/\/alpaka-shop.com\/fi\/wp-json\/wp\/v2\/product_brand?post=40944"},{"taxonomy":"product_cat","embeddable":true,"href":"https:\/\/alpaka-shop.com\/fi\/wp-json\/wp\/v2\/product_cat?post=40944"},{"taxonomy":"product_tag","embeddable":true,"href":"https:\/\/alpaka-shop.com\/fi\/wp-json\/wp\/v2\/product_tag?post=40944"},{"taxonomy":"product_shipping_class","embeddable":true,"href":"https:\/\/alpaka-shop.com\/fi\/wp-json\/wp\/v2\/product_shipping_class?post=40944"},{"taxonomy":"pa_soft-wrap-cardigan","embeddable":true,"href":"https:\/\/alpaka-shop.com\/fi\/wp-json\/wp\/v2\/pa_soft-wrap-cardigan?post=40944"}],"curies":[{"name":"wp","href":"https:\/\/api.w.org\/{rel}","templated":true}]}}