{"id":41379,"date":"2022-09-29T13:53:45","date_gmt":"2022-09-30T09:30:11","guid":{"rendered":"https:\/\/alpaka-shop.com\/?post_type=product&#038;p=41379"},"modified":"2026-02-12T13:00:08","modified_gmt":"2026-02-12T11:00:08","slug":"hienot-sukat-fi-2","status":"publish","type":"product","link":"https:\/\/alpaka-shop.com\/fi\/hienot-sukat-fi-2\/","title":{"rendered":"Hienot sukat"},"content":{"rendered":"","protected":false},"excerpt":{"rendered":"<p><span data-sheets-value=\"{&quot;1&quot;:2,&quot;2&quot;:&quot;Hienot sukat \/ Pehme\u00e4t ja hienot sukat alpakan ja merinovillan sekoituksella \/ Hienot sukat ovat ehdottoman v\u00e4ltt\u00e4m\u00e4tt\u00f6mi\u00e4 kylm\u00e4n\u00e4 vuodenaikana. Ne ovat ihanteellisia viileisiin p\u00e4iviin ja pit\u00e4v\u00e4t jalat l\u00e4mpim\u00e4n\u00e4 s\u00e4ngyss\u00e4 talvella. N\u00e4m\u00e4 eritt\u00e4in pehme\u00e4t ja kest\u00e4v\u00e4t alpakka-sukat tuntuvat silkkisilt\u00e4 ihoa vasten ja sopivat ihanasti kaikkiin vaatetyyleihin. Alpakan- ja merinovillakoostumus akryylin lis\u00e4m\u00e4n\u00e4 antaa hyv\u00e4n kest\u00e4vyyden ja takaa mukavan k\u00e4yt\u00f6n.&quot;}\" data-sheets-userformat=\"{&quot;2&quot;:769,&quot;3&quot;:{&quot;1&quot;:0},&quot;11&quot;:4,&quot;12&quot;:0}\" data-sheets-textstyleruns=\"{&quot;1&quot;:0,&quot;2&quot;:{&quot;5&quot;:1}}\uee10{&quot;1&quot;:12}\uee10{&quot;1&quot;:15,&quot;2&quot;:{&quot;4&quot;:9,&quot;6&quot;:1}}\uee10{&quot;1&quot;:76}\">Hienot sukat ovat ehdottoman v\u00e4ltt\u00e4m\u00e4tt\u00f6mi\u00e4 kylm\u00e4n\u00e4 vuodenaikana. Ne ovat ihanteellisia viileisiin p\u00e4iviin ja pit\u00e4v\u00e4t jalat l\u00e4mpim\u00e4n\u00e4 s\u00e4ngyss\u00e4 talvella. N\u00e4m\u00e4 eritt\u00e4in pehme\u00e4t ja kest\u00e4v\u00e4t alpakka-sukat tuntuvat silkkisilt\u00e4 ihoa vasten ja sopivat ihanasti kaikkiin vaatetyyleihin. Alpakan- ja merinovillakoostumus akryylin lis\u00e4m\u00e4n\u00e4 antaa hyv\u00e4n kest\u00e4vyyden ja takaa mukavan k\u00e4yt\u00f6n.<\/span><\/p>\n<p>MATERIAL<br \/>\n<strong>50% alpaca, 45% acrylic, 5% merino wool<\/strong><\/p>\n","protected":false},"featured_media":41431,"template":"","meta":{"_acf_changed":false},"product_brand":[],"product_cat":[87],"product_tag":[],"product_shipping_class":[],"pa_soft-wrap-cardigan":[],"class_list":{"0":"post-41379","1":"product","2":"type-product","3":"status-publish","4":"has-post-thumbnail","6":"product_cat-uncategorized-fi","8":"first","9":"instock","10":"taxable","11":"shipping-taxable","12":"purchasable","13":"product-type-variable","14":"has-default-attributes","15":"wvs-archive-product-wrapper"},"bundled_by":[],"bundle_stock_status":"instock","bundle_stock_quantity":null,"bundle_virtual":false,"bundle_layout":"","bundle_add_to_cart_form_location":"","bundle_editable_in_cart":false,"bundle_sold_individually_context":"","bundle_item_grouping":"","bundle_min_size":"","bundle_max_size":"","bundle_price":[],"bundled_items":[],"bundle_sell_ids":[],"acf":[],"aioseo_notices":[],"_links":{"self":[{"href":"https:\/\/alpaka-shop.com\/fi\/wp-json\/wp\/v2\/product\/41379","targetHints":{"allow":["GET"]}}],"collection":[{"href":"https:\/\/alpaka-shop.com\/fi\/wp-json\/wp\/v2\/product"}],"about":[{"href":"https:\/\/alpaka-shop.com\/fi\/wp-json\/wp\/v2\/types\/product"}],"wp:featuredmedia":[{"embeddable":true,"href":"https:\/\/alpaka-shop.com\/fi\/wp-json\/wp\/v2\/media\/41431"}],"wp:attachment":[{"href":"https:\/\/alpaka-shop.com\/fi\/wp-json\/wp\/v2\/media?parent=41379"}],"wp:term":[{"taxonomy":"product_brand","embeddable":true,"href":"https:\/\/alpaka-shop.com\/fi\/wp-json\/wp\/v2\/product_brand?post=41379"},{"taxonomy":"product_cat","embeddable":true,"href":"https:\/\/alpaka-shop.com\/fi\/wp-json\/wp\/v2\/product_cat?post=41379"},{"taxonomy":"product_tag","embeddable":true,"href":"https:\/\/alpaka-shop.com\/fi\/wp-json\/wp\/v2\/product_tag?post=41379"},{"taxonomy":"product_shipping_class","embeddable":true,"href":"https:\/\/alpaka-shop.com\/fi\/wp-json\/wp\/v2\/product_shipping_class?post=41379"},{"taxonomy":"pa_soft-wrap-cardigan","embeddable":true,"href":"https:\/\/alpaka-shop.com\/fi\/wp-json\/wp\/v2\/pa_soft-wrap-cardigan?post=41379"}],"curies":[{"name":"wp","href":"https:\/\/api.w.org\/{rel}","templated":true}]}}