{"id":42297,"date":"2022-10-06T13:48:29","date_gmt":"2022-10-06T10:48:29","guid":{"rendered":"https:\/\/alpaka-shop.com\/?post_type=product&#038;p=42297"},"modified":"2026-03-30T11:00:08","modified_gmt":"2026-03-30T08:00:08","slug":"lasten-kevyt-neulepipo","status":"publish","type":"product","link":"https:\/\/alpaka-shop.com\/fi\/lasten-kevyt-neulepipo\/","title":{"rendered":"Lasten kevyt neulepipo"},"content":{"rendered":"","protected":false},"excerpt":{"rendered":"<p><span data-sheets-value=\"{&quot;1&quot;:2,&quot;2&quot;:&quot;Lasten kevyt neulepipo \/ Babyalpakkavillasekoituksesta valmistettu lasten pipo \/ Babyalpakkavillasekoituksesta valmistettu neulepipo\/rnEtsitk\u00f6 kaunista pipoa pikkuiselle muotiharrastajillesi? Kevyess\u00e4 lasten neulepipossamme on kaikki tarvittavat ominaisuudet. Se on valmistettu pehme\u00e4st\u00e4, kevytt\u00e4kin kevyemm\u00e4st\u00e4 babyalpakan ja villan sekoituksesta. Pipon trendik\u00e4s neulos takaa mukavan istuvuuden ja auttaa p\u00e4\u00e4hinett\u00e4 s\u00e4ilytt\u00e4m\u00e4\u00e4n muotonsa ajan kuluessa. Lasten neulepipo on saatavana tupsulla tai ilman tupsua. Tupsu on valmistettu el\u00e4inkokeettomasti valmistetusta babyalpakkaturkista.rn&quot;}\" data-sheets-userformat=\"{&quot;2&quot;:769,&quot;3&quot;:{&quot;1&quot;:0},&quot;11&quot;:4,&quot;12&quot;:0}\" data-sheets-textstyleruns=\"{&quot;1&quot;:0}\uee10{&quot;1&quot;:25,&quot;2&quot;:{&quot;4&quot;:8}}\uee10{&quot;1&quot;:133}\">\u00a0Etsitk\u00f6 kaunista pipoa pikkuiselle muotiharrastajillesi? Kevyess\u00e4 lasten neulepipossamme on kaikki tarvittavat ominaisuudet. Se on valmistettu pehme\u00e4st\u00e4, kevytt\u00e4kin kevyemm\u00e4st\u00e4 babyalpakan ja villan sekoituksesta. Pipon trendik\u00e4s neulos takaa mukavan istuvuuden ja auttaa p\u00e4\u00e4hinett\u00e4 s\u00e4ilytt\u00e4m\u00e4\u00e4n muotonsa ajan kuluessa. Lasten neulepipo on saatavana tupsulla tai ilman tupsua. Tupsu on valmistettu el\u00e4inkokeettomasti valmistetusta babyalpakkaturkista.<br \/>\n<\/span><\/p>\n<p>MATERIAALI<br \/>\n<strong>60% Baby alpakka, 5% Merinovilla, 35% Polyamidi<\/strong><\/p>\n<p>&nbsp;<\/p>\n","protected":false},"featured_media":42570,"template":"","meta":{"_acf_changed":false},"product_brand":[],"product_cat":[909],"product_tag":[],"product_shipping_class":[],"pa_soft-wrap-cardigan":[],"class_list":{"0":"post-42297","1":"product","2":"type-product","3":"status-publish","4":"has-post-thumbnail","6":"product_cat-lapset","8":"first","9":"instock","10":"taxable","11":"shipping-taxable","12":"purchasable","13":"product-type-variable","14":"has-default-attributes","15":"wvs-archive-product-wrapper"},"bundled_by":[],"bundle_stock_status":"instock","bundle_stock_quantity":null,"bundle_virtual":false,"bundle_layout":"","bundle_add_to_cart_form_location":"","bundle_editable_in_cart":false,"bundle_sold_individually_context":"","bundle_item_grouping":"","bundle_min_size":"","bundle_max_size":"","bundle_price":[],"bundled_items":[],"bundle_sell_ids":[],"acf":[],"aioseo_notices":[],"_links":{"self":[{"href":"https:\/\/alpaka-shop.com\/fi\/wp-json\/wp\/v2\/product\/42297","targetHints":{"allow":["GET"]}}],"collection":[{"href":"https:\/\/alpaka-shop.com\/fi\/wp-json\/wp\/v2\/product"}],"about":[{"href":"https:\/\/alpaka-shop.com\/fi\/wp-json\/wp\/v2\/types\/product"}],"wp:featuredmedia":[{"embeddable":true,"href":"https:\/\/alpaka-shop.com\/fi\/wp-json\/wp\/v2\/media\/42570"}],"wp:attachment":[{"href":"https:\/\/alpaka-shop.com\/fi\/wp-json\/wp\/v2\/media?parent=42297"}],"wp:term":[{"taxonomy":"product_brand","embeddable":true,"href":"https:\/\/alpaka-shop.com\/fi\/wp-json\/wp\/v2\/product_brand?post=42297"},{"taxonomy":"product_cat","embeddable":true,"href":"https:\/\/alpaka-shop.com\/fi\/wp-json\/wp\/v2\/product_cat?post=42297"},{"taxonomy":"product_tag","embeddable":true,"href":"https:\/\/alpaka-shop.com\/fi\/wp-json\/wp\/v2\/product_tag?post=42297"},{"taxonomy":"product_shipping_class","embeddable":true,"href":"https:\/\/alpaka-shop.com\/fi\/wp-json\/wp\/v2\/product_shipping_class?post=42297"},{"taxonomy":"pa_soft-wrap-cardigan","embeddable":true,"href":"https:\/\/alpaka-shop.com\/fi\/wp-json\/wp\/v2\/pa_soft-wrap-cardigan?post=42297"}],"curies":[{"name":"wp","href":"https:\/\/api.w.org\/{rel}","templated":true}]}}