{"id":42432,"date":"2022-10-06T12:54:50","date_gmt":"2022-10-06T09:54:50","guid":{"rendered":"https:\/\/alpaka-shop.com\/?post_type=product&#038;p=42432"},"modified":"2026-03-11T09:45:52","modified_gmt":"2026-03-11T07:45:52","slug":"tupsullinen-lapset-beret","status":"publish","type":"product","link":"https:\/\/alpaka-shop.com\/fi\/tupsullinen-lapset-beret\/","title":{"rendered":"Tupsullinen Lapset Beret"},"content":{"rendered":"","protected":false},"excerpt":{"rendered":"<p>Vanhemmasta on kiehtovaa seurata, miten lapset kasvavat ja alkavat kehitt\u00e4\u00e4 omaa tyylitajuaan. Lasten baskeri on eritt\u00e4in hauska ja muodikas valinta pikkuiselle muotiharrastajalle.<\/p>\n<p>Tyylikk\u00e4\u00e4n ulkon\u00e4k\u00f6ns\u00e4 lis\u00e4ksi t\u00e4m\u00e4 eritt\u00e4in pehme\u00e4 alpakkavillasekoitteinen p\u00e4\u00e4hine on suunniteltu asiantuntevasti niin, ett\u00e4 se on eritt\u00e4in mukava kylmiss\u00e4 olosuhteissa.<\/p>\n<p>MATERIAALI<br \/>\n<strong>60% Baby alpakka, 5% Merinovilla, 35% Polyamidi<\/strong><\/p>\n<p>&nbsp;<\/p>\n","protected":false},"featured_media":30284,"template":"","meta":{"_acf_changed":false},"product_brand":[],"product_cat":[909],"product_tag":[],"product_shipping_class":[],"pa_soft-wrap-cardigan":[],"class_list":{"0":"post-42432","1":"product","2":"type-product","3":"status-publish","4":"has-post-thumbnail","6":"product_cat-lapset","8":"first","9":"instock","10":"taxable","11":"shipping-taxable","12":"purchasable","13":"product-type-variable","14":"has-default-attributes","15":"wvs-archive-product-wrapper"},"bundled_by":[],"bundle_stock_status":"instock","bundle_stock_quantity":null,"bundle_virtual":false,"bundle_layout":"","bundle_add_to_cart_form_location":"","bundle_editable_in_cart":false,"bundle_sold_individually_context":"","bundle_item_grouping":"","bundle_min_size":"","bundle_max_size":"","bundle_price":[],"bundled_items":[],"bundle_sell_ids":[],"acf":[],"aioseo_notices":[],"_links":{"self":[{"href":"https:\/\/alpaka-shop.com\/fi\/wp-json\/wp\/v2\/product\/42432","targetHints":{"allow":["GET"]}}],"collection":[{"href":"https:\/\/alpaka-shop.com\/fi\/wp-json\/wp\/v2\/product"}],"about":[{"href":"https:\/\/alpaka-shop.com\/fi\/wp-json\/wp\/v2\/types\/product"}],"wp:featuredmedia":[{"embeddable":true,"href":"https:\/\/alpaka-shop.com\/fi\/wp-json\/wp\/v2\/media\/30284"}],"wp:attachment":[{"href":"https:\/\/alpaka-shop.com\/fi\/wp-json\/wp\/v2\/media?parent=42432"}],"wp:term":[{"taxonomy":"product_brand","embeddable":true,"href":"https:\/\/alpaka-shop.com\/fi\/wp-json\/wp\/v2\/product_brand?post=42432"},{"taxonomy":"product_cat","embeddable":true,"href":"https:\/\/alpaka-shop.com\/fi\/wp-json\/wp\/v2\/product_cat?post=42432"},{"taxonomy":"product_tag","embeddable":true,"href":"https:\/\/alpaka-shop.com\/fi\/wp-json\/wp\/v2\/product_tag?post=42432"},{"taxonomy":"product_shipping_class","embeddable":true,"href":"https:\/\/alpaka-shop.com\/fi\/wp-json\/wp\/v2\/product_shipping_class?post=42432"},{"taxonomy":"pa_soft-wrap-cardigan","embeddable":true,"href":"https:\/\/alpaka-shop.com\/fi\/wp-json\/wp\/v2\/pa_soft-wrap-cardigan?post=42432"}],"curies":[{"name":"wp","href":"https:\/\/api.w.org\/{rel}","templated":true}]}}