{"id":43459,"date":"2022-10-24T13:42:40","date_gmt":"2022-10-24T10:42:40","guid":{"rendered":"https:\/\/alpaka-shop.com\/?post_type=product&#038;p=43459"},"modified":"2026-04-10T10:00:16","modified_gmt":"2026-04-10T07:00:16","slug":"teksturoitu-hattu-f","status":"publish","type":"product","link":"https:\/\/alpaka-shop.com\/fi\/teksturoitu-hattu-f\/","title":{"rendered":"Teksturoitu hattu"},"content":{"rendered":"","protected":false},"excerpt":{"rendered":"<p><span data-sheets-value=\"{&quot;1&quot;:2,&quot;2&quot;:&quot;ACS25 \u2013 Teksturoitu hattunnSHORT DESCRIPTIONn100 % babyalpakkavillainen vohvelineulottu kuvioitu hattunDESCRIPTION FInT\u00e4ss\u00e4 kevyess\u00e4 neulotussa lippiksess\u00e4 on rohkea vohvelineulos ja k\u00e4\u00e4nnett\u00e4v\u00e4 resori. Tee asustasi hieman mielenkiintoisempi teksturoidulla muotoilulla. Hattu on valmistettu babyalpakkavillasta, joten se on hypoallergeeninen ja uskomattoman pehme\u00e4.nMETA DESCRIPTIONnTeksturoitu babyalpakkahattu vohvelineuloksella ja k\u00e4\u00e4nnett\u00e4v\u00e4ll\u00e4 resorilla.&quot;}\" data-sheets-userformat=\"{&quot;2&quot;:8961,&quot;3&quot;:{&quot;1&quot;:0},&quot;11&quot;:4,&quot;12&quot;:0,&quot;16&quot;:10}\" data-sheets-textstyleruns=\"{&quot;1&quot;:0}\uee10{&quot;1&quot;:27,&quot;2&quot;:{&quot;5&quot;:1}}\uee10{&quot;1&quot;:45}\uee10{&quot;1&quot;:103,&quot;2&quot;:{&quot;5&quot;:1}}\uee10{&quot;1&quot;:118}\uee10{&quot;1&quot;:366,&quot;2&quot;:{&quot;5&quot;:1}}\uee10{&quot;1&quot;:383}\">T\u00e4ss\u00e4 kevyess\u00e4 neulotussa lippiksess\u00e4 on rohkea vohvelineulos ja k\u00e4\u00e4nnett\u00e4v\u00e4 resori. Tee asustasi hieman mielenkiintoisempi teksturoidulla muotoilulla. Hattu on valmistettu babyalpakkavillasta, joten se on hypoallergeeninen ja uskomattoman pehme\u00e4.<\/span><\/p>\n<p>MATERIAL<br \/>\n<strong>100% baby alpakka<\/strong><\/p>\n","protected":false},"featured_media":43208,"template":"","meta":{"_acf_changed":false},"product_brand":[],"product_cat":[63,101],"product_tag":[],"product_shipping_class":[],"pa_soft-wrap-cardigan":[],"class_list":{"0":"post-43459","1":"product","2":"type-product","3":"status-publish","4":"has-post-thumbnail","6":"product_cat-naiset","7":"product_cat-paahineet","9":"first","10":"instock","11":"taxable","12":"shipping-taxable","13":"purchasable","14":"product-type-variable","15":"has-default-attributes","16":"wvs-archive-product-wrapper"},"bundled_by":[],"bundle_stock_status":"instock","bundle_stock_quantity":null,"bundle_virtual":false,"bundle_layout":"","bundle_add_to_cart_form_location":"","bundle_editable_in_cart":false,"bundle_sold_individually_context":"","bundle_item_grouping":"","bundle_min_size":"","bundle_max_size":"","bundle_price":[],"bundled_items":[],"bundle_sell_ids":[],"acf":[],"aioseo_notices":[],"_links":{"self":[{"href":"https:\/\/alpaka-shop.com\/fi\/wp-json\/wp\/v2\/product\/43459","targetHints":{"allow":["GET"]}}],"collection":[{"href":"https:\/\/alpaka-shop.com\/fi\/wp-json\/wp\/v2\/product"}],"about":[{"href":"https:\/\/alpaka-shop.com\/fi\/wp-json\/wp\/v2\/types\/product"}],"wp:featuredmedia":[{"embeddable":true,"href":"https:\/\/alpaka-shop.com\/fi\/wp-json\/wp\/v2\/media\/43208"}],"wp:attachment":[{"href":"https:\/\/alpaka-shop.com\/fi\/wp-json\/wp\/v2\/media?parent=43459"}],"wp:term":[{"taxonomy":"product_brand","embeddable":true,"href":"https:\/\/alpaka-shop.com\/fi\/wp-json\/wp\/v2\/product_brand?post=43459"},{"taxonomy":"product_cat","embeddable":true,"href":"https:\/\/alpaka-shop.com\/fi\/wp-json\/wp\/v2\/product_cat?post=43459"},{"taxonomy":"product_tag","embeddable":true,"href":"https:\/\/alpaka-shop.com\/fi\/wp-json\/wp\/v2\/product_tag?post=43459"},{"taxonomy":"product_shipping_class","embeddable":true,"href":"https:\/\/alpaka-shop.com\/fi\/wp-json\/wp\/v2\/product_shipping_class?post=43459"},{"taxonomy":"pa_soft-wrap-cardigan","embeddable":true,"href":"https:\/\/alpaka-shop.com\/fi\/wp-json\/wp\/v2\/pa_soft-wrap-cardigan?post=43459"}],"curies":[{"name":"wp","href":"https:\/\/api.w.org\/{rel}","templated":true}]}}