{"id":44030,"date":"2022-10-25T13:02:16","date_gmt":"2022-10-25T10:02:22","guid":{"rendered":"https:\/\/alpaka-shop.com\/?post_type=product&#038;p=44030"},"modified":"2026-02-17T16:00:09","modified_gmt":"2026-02-17T14:00:09","slug":"tupsullinen-kevyt-fishermans-m","status":"publish","type":"product","link":"https:\/\/alpaka-shop.com\/fi\/tupsullinen-kevyt-fishermans-m\/","title":{"rendered":"Tupsullinen kevyt Fisherman\u00b4s"},"content":{"rendered":"","protected":false},"excerpt":{"rendered":"<p>Pukeutumalla kaduille tai ly\u00f6m\u00e4ll\u00e4 rinteisiin, t\u00e4m\u00e4 tyylik\u00e4s pipo pit\u00e4\u00e4 sinut tyylikk\u00e4\u00e4sti l\u00e4mpim\u00e4n\u00e4.<\/p>\n<p>Se on valmistettu pehme\u00e4st\u00e4 baby alpakanvillan sekoituksesta, joka on kest\u00e4v\u00e4, samettisen pehme\u00e4 ja ajattomasti suunniteltu &#8211; moderni lis\u00e4varuste, jota rakastetaan monien talvien ajan.<\/p>\n","protected":false},"featured_media":45411,"template":"","meta":{"_acf_changed":false},"product_brand":[],"product_cat":[68,105],"product_tag":[],"product_shipping_class":[],"pa_soft-wrap-cardigan":[],"class_list":{"0":"post-44030","1":"product","2":"type-product","3":"status-publish","4":"has-post-thumbnail","6":"product_cat-miehet","7":"product_cat-paahineet-miehet","9":"first","10":"instock","11":"taxable","12":"shipping-taxable","13":"purchasable","14":"product-type-variable","15":"has-default-attributes","16":"wvs-archive-product-wrapper"},"bundled_by":[],"bundle_stock_status":"instock","bundle_stock_quantity":null,"bundle_virtual":false,"bundle_layout":"","bundle_add_to_cart_form_location":"","bundle_editable_in_cart":false,"bundle_sold_individually_context":"","bundle_item_grouping":"","bundle_min_size":"","bundle_max_size":"","bundle_price":[],"bundled_items":[],"bundle_sell_ids":[],"acf":[],"aioseo_notices":[],"_links":{"self":[{"href":"https:\/\/alpaka-shop.com\/fi\/wp-json\/wp\/v2\/product\/44030","targetHints":{"allow":["GET"]}}],"collection":[{"href":"https:\/\/alpaka-shop.com\/fi\/wp-json\/wp\/v2\/product"}],"about":[{"href":"https:\/\/alpaka-shop.com\/fi\/wp-json\/wp\/v2\/types\/product"}],"wp:featuredmedia":[{"embeddable":true,"href":"https:\/\/alpaka-shop.com\/fi\/wp-json\/wp\/v2\/media\/45411"}],"wp:attachment":[{"href":"https:\/\/alpaka-shop.com\/fi\/wp-json\/wp\/v2\/media?parent=44030"}],"wp:term":[{"taxonomy":"product_brand","embeddable":true,"href":"https:\/\/alpaka-shop.com\/fi\/wp-json\/wp\/v2\/product_brand?post=44030"},{"taxonomy":"product_cat","embeddable":true,"href":"https:\/\/alpaka-shop.com\/fi\/wp-json\/wp\/v2\/product_cat?post=44030"},{"taxonomy":"product_tag","embeddable":true,"href":"https:\/\/alpaka-shop.com\/fi\/wp-json\/wp\/v2\/product_tag?post=44030"},{"taxonomy":"product_shipping_class","embeddable":true,"href":"https:\/\/alpaka-shop.com\/fi\/wp-json\/wp\/v2\/product_shipping_class?post=44030"},{"taxonomy":"pa_soft-wrap-cardigan","embeddable":true,"href":"https:\/\/alpaka-shop.com\/fi\/wp-json\/wp\/v2\/pa_soft-wrap-cardigan?post=44030"}],"curies":[{"name":"wp","href":"https:\/\/api.w.org\/{rel}","templated":true}]}}