{"id":44987,"date":"2022-11-03T13:16:40","date_gmt":"2022-11-03T11:16:40","guid":{"rendered":"https:\/\/alpaka-shop.com\/?post_type=product&#038;p=44987"},"modified":"2026-03-19T10:07:03","modified_gmt":"2026-03-19T08:07:03","slug":"muhkea-boyfriend-neuletakki","status":"publish","type":"product","link":"https:\/\/alpaka-shop.com\/fi\/muhkea-boyfriend-neuletakki\/","title":{"rendered":"Muhkea Boyfriend-Neuletakki"},"content":{"rendered":"","protected":false},"excerpt":{"rendered":"<p><span data-sheets-value=\"{&quot;1&quot;:2,&quot;2&quot;:&quot;GRM55 - KEVYT MUHKEA BOYFRIEND-NEULETAKKInnSHORT DESCRIPTIONnBabyalpakasta ja pima-puuvillasta valmistettu muhkea boyfriend-neuletakki biohartsinapeillanDESCRIPTION FInTyylik\u00e4s ja ajaton alpakka- ja pima-puuvillasta valmistettu kerrosvaate, joka antaa eritt\u00e4in pehme\u00e4n tunteen. Kevyt ja l\u00e4mmin alpakkakuitu tarjoaa k\u00e4ytt\u00e4j\u00e4lle mukavuutta ymp\u00e4ri vuoden. Halusitpa sitten muodollisemman tai rennomman lookin, muhkea boyfriend-neuletakki on vaatekaappisi kohokohta. Voit k\u00e4ytt\u00e4\u00e4 sit\u00e4 paitana, vartalonmy\u00f6t\u00e4isen mekon p\u00e4\u00e4ll\u00e4 tai suosikkifarkkujen ja hihattoman paidan kanssa - boyfriend-neuletakin monipuolisuutta ei voi kiist\u00e4\u00e4. Neuletakissa k\u00e4ytet\u00e4\u00e4n biohartsinappeja, jotka on valmistettu k\u00e4ytt\u00e4en yli 25 % hedelm\u00e4- ja vihannesj\u00e4tett\u00e4, mik\u00e4 v\u00e4hent\u00e4\u00e4 hiilijalanj\u00e4lke\u00e4 noin 25 %:lla tavallisiin nappeihin verrattuna.nMETA DESCRIPTIONnAjaton neuletakki biohartsinapeilla tarjoaa todellista mukavuutta ja erilaisia k\u00e4ytt\u00f6kohteita.n&quot;}\" data-sheets-userformat=\"{&quot;2&quot;:8961,&quot;3&quot;:{&quot;1&quot;:0},&quot;11&quot;:4,&quot;12&quot;:0,&quot;16&quot;:10}\" data-sheets-textstyleruns=\"{&quot;1&quot;:0}\uee10{&quot;1&quot;:43,&quot;2&quot;:{&quot;5&quot;:1}}\uee10{&quot;1&quot;:61}\uee10{&quot;1&quot;:153,&quot;2&quot;:{&quot;5&quot;:1}}\uee10{&quot;1&quot;:168}\uee10{&quot;1&quot;:814,&quot;2&quot;:{&quot;5&quot;:1}}\uee10{&quot;1&quot;:831}\">Tyylik\u00e4s ja ajaton alpakka- ja pima-puuvillasta valmistettu kerrosvaate, joka antaa eritt\u00e4in pehme\u00e4n tunteen. Kevyt ja l\u00e4mmin alpakkakuitu tarjoaa k\u00e4ytt\u00e4j\u00e4lle mukavuutta ymp\u00e4ri vuoden. Halusitpa sitten muodollisemman tai rennomman lookin, muhkea boyfriend-neuletakki on vaatekaappisi kohokohta. Voit k\u00e4ytt\u00e4\u00e4 sit\u00e4 paitana, vartalonmy\u00f6t\u00e4isen mekon p\u00e4\u00e4ll\u00e4 tai suosikkifarkkujen ja hihattoman paidan kanssa &#8211; boyfriend-neuletakin monipuolisuutta ei voi kiist\u00e4\u00e4. Neuletakissa k\u00e4ytet\u00e4\u00e4n biohartsinappeja, jotka on valmistettu k\u00e4ytt\u00e4en yli 25 % hedelm\u00e4- ja vihannesj\u00e4tett\u00e4, mik\u00e4 v\u00e4hent\u00e4\u00e4 hiilijalanj\u00e4lke\u00e4 noin 25 %:lla tavallisiin nappeihin verrattuna.<br \/>\n<\/span><\/p>\n<p>MATERIAALI<br \/>\n<strong>56% Baby Alpakka, 44% Pima Puuvilla<\/strong><\/p>\n<p>PACKAGING<br \/>\n<b>Lahjalaatikko<\/b><\/p>\n","protected":false},"featured_media":48736,"template":"","meta":{"_acf_changed":false},"product_brand":[],"product_cat":[63,99],"product_tag":[],"product_shipping_class":[],"pa_soft-wrap-cardigan":[],"class_list":{"0":"post-44987","1":"product","2":"type-product","3":"status-publish","4":"has-post-thumbnail","6":"product_cat-naiset","7":"product_cat-neulepuserot-ja-takit","9":"first","10":"instock","11":"taxable","12":"shipping-taxable","13":"purchasable","14":"product-type-variable","15":"has-default-attributes","16":"wvs-archive-product-wrapper"},"bundled_by":[],"bundle_stock_status":"instock","bundle_stock_quantity":null,"bundle_virtual":false,"bundle_layout":"","bundle_add_to_cart_form_location":"","bundle_editable_in_cart":false,"bundle_sold_individually_context":"","bundle_item_grouping":"","bundle_min_size":"","bundle_max_size":"","bundle_price":[],"bundled_items":[],"bundle_sell_ids":[],"acf":[],"aioseo_notices":[],"_links":{"self":[{"href":"https:\/\/alpaka-shop.com\/fi\/wp-json\/wp\/v2\/product\/44987","targetHints":{"allow":["GET"]}}],"collection":[{"href":"https:\/\/alpaka-shop.com\/fi\/wp-json\/wp\/v2\/product"}],"about":[{"href":"https:\/\/alpaka-shop.com\/fi\/wp-json\/wp\/v2\/types\/product"}],"wp:featuredmedia":[{"embeddable":true,"href":"https:\/\/alpaka-shop.com\/fi\/wp-json\/wp\/v2\/media\/48736"}],"wp:attachment":[{"href":"https:\/\/alpaka-shop.com\/fi\/wp-json\/wp\/v2\/media?parent=44987"}],"wp:term":[{"taxonomy":"product_brand","embeddable":true,"href":"https:\/\/alpaka-shop.com\/fi\/wp-json\/wp\/v2\/product_brand?post=44987"},{"taxonomy":"product_cat","embeddable":true,"href":"https:\/\/alpaka-shop.com\/fi\/wp-json\/wp\/v2\/product_cat?post=44987"},{"taxonomy":"product_tag","embeddable":true,"href":"https:\/\/alpaka-shop.com\/fi\/wp-json\/wp\/v2\/product_tag?post=44987"},{"taxonomy":"product_shipping_class","embeddable":true,"href":"https:\/\/alpaka-shop.com\/fi\/wp-json\/wp\/v2\/product_shipping_class?post=44987"},{"taxonomy":"pa_soft-wrap-cardigan","embeddable":true,"href":"https:\/\/alpaka-shop.com\/fi\/wp-json\/wp\/v2\/pa_soft-wrap-cardigan?post=44987"}],"curies":[{"name":"wp","href":"https:\/\/api.w.org\/{rel}","templated":true}]}}