{"id":4879,"date":"2019-10-24T13:58:55","date_gmt":"2019-10-24T13:58:55","guid":{"rendered":"https:\/\/uus.alpaka-shop.com\/product\/pitka-laskeutuva-neuletakki\/"},"modified":"2026-03-05T18:20:03","modified_gmt":"2026-03-05T16:20:03","slug":"pitka-laskeutuva-neuletakki","status":"publish","type":"product","link":"https:\/\/alpaka-shop.com\/fi\/pitka-laskeutuva-neuletakki\/","title":{"rendered":"Pitk\u00e4 laskeutuva neuletakki"},"content":{"rendered":"","protected":false},"excerpt":{"rendered":"<p>Hienostunut mutta rento neuletakki, jonka huolitellun nykyaikainen ilme sopii monipuoliseen el\u00e4m\u00e4ntyyliisi. Huovutettu baby alpakka -lanka antaa neuleelle hieman p\u00f6rr\u00f6isen pinnan ja lis\u00e4\u00e4 siihen naisellisuutta. Voit tehd\u00e4 asukokonaisuudestasi helposti huolitellun tai rennon haluamillasi asusteilla. Pitk\u00e4n linjansa ja tyylikk\u00e4\u00e4n siluettinsa ansiosta t\u00e4m\u00e4 neuletakki on t\u00e4ydellinen midi-mekkojen, hameiden tai kapeiden housujen kanssa, ja se pit\u00e4\u00e4 olosi mukavana my\u00f6s matalassa l\u00e4mp\u00f6tilassa. Malli sopii erinomaisesti toimistoon, viikonlopun viettoon tai matkoille, ja pit\u00e4\u00e4 sinut l\u00e4mpim\u00e4n\u00e4 tyylikk\u00e4\u00e4sti. V\u00e4rivalikoima vaihtelee neutraalista harmaasta trendikk\u00e4isiin pastelleihin.<\/p>\n<p>MATERIAALI<br \/>\n<strong>89% alpakka, 11% nylon<\/strong><\/p>\n","protected":false},"featured_media":42834,"template":"","meta":{"_acf_changed":false},"product_brand":[],"product_cat":[63,99],"product_tag":[],"product_shipping_class":[],"pa_soft-wrap-cardigan":[],"class_list":{"0":"post-4879","1":"product","2":"type-product","3":"status-publish","4":"has-post-thumbnail","6":"product_cat-naiset","7":"product_cat-neulepuserot-ja-takit","9":"first","10":"instock","11":"taxable","12":"shipping-taxable","13":"purchasable","14":"product-type-variable","15":"has-default-attributes","16":"wvs-archive-product-wrapper"},"bundled_by":[],"bundle_stock_status":"instock","bundle_stock_quantity":null,"bundle_virtual":false,"bundle_layout":"","bundle_add_to_cart_form_location":"","bundle_editable_in_cart":false,"bundle_sold_individually_context":"","bundle_item_grouping":"","bundle_min_size":"","bundle_max_size":"","bundle_price":[],"bundled_items":[],"bundle_sell_ids":[],"acf":[],"aioseo_notices":[],"_links":{"self":[{"href":"https:\/\/alpaka-shop.com\/fi\/wp-json\/wp\/v2\/product\/4879","targetHints":{"allow":["GET"]}}],"collection":[{"href":"https:\/\/alpaka-shop.com\/fi\/wp-json\/wp\/v2\/product"}],"about":[{"href":"https:\/\/alpaka-shop.com\/fi\/wp-json\/wp\/v2\/types\/product"}],"wp:featuredmedia":[{"embeddable":true,"href":"https:\/\/alpaka-shop.com\/fi\/wp-json\/wp\/v2\/media\/42834"}],"wp:attachment":[{"href":"https:\/\/alpaka-shop.com\/fi\/wp-json\/wp\/v2\/media?parent=4879"}],"wp:term":[{"taxonomy":"product_brand","embeddable":true,"href":"https:\/\/alpaka-shop.com\/fi\/wp-json\/wp\/v2\/product_brand?post=4879"},{"taxonomy":"product_cat","embeddable":true,"href":"https:\/\/alpaka-shop.com\/fi\/wp-json\/wp\/v2\/product_cat?post=4879"},{"taxonomy":"product_tag","embeddable":true,"href":"https:\/\/alpaka-shop.com\/fi\/wp-json\/wp\/v2\/product_tag?post=4879"},{"taxonomy":"product_shipping_class","embeddable":true,"href":"https:\/\/alpaka-shop.com\/fi\/wp-json\/wp\/v2\/product_shipping_class?post=4879"},{"taxonomy":"pa_soft-wrap-cardigan","embeddable":true,"href":"https:\/\/alpaka-shop.com\/fi\/wp-json\/wp\/v2\/pa_soft-wrap-cardigan?post=4879"}],"curies":[{"name":"wp","href":"https:\/\/api.w.org\/{rel}","templated":true}]}}