{"id":5011,"date":"2019-08-22T12:04:57","date_gmt":"2019-08-22T09:04:57","guid":{"rendered":"https:\/\/uus.alpaka-shop.com\/product\/exclusive-huivi\/"},"modified":"2026-04-14T16:20:04","modified_gmt":"2026-04-14T13:20:04","slug":"exclusive-huivi","status":"publish","type":"product","link":"https:\/\/alpaka-shop.com\/fi\/exclusive-huivi\/","title":{"rendered":"Exclusive huivi 180"},"content":{"rendered":"","protected":false},"excerpt":{"rendered":"<p>Baby alpakka huivit l\u00e4mmitt\u00e4v\u00e4t ja saavat sinut s\u00e4teilem\u00e4\u00e4n. Yksinkertaisen muotonsa ja v\u00e4rivalikoimansa ansiosta erinomainen valinta niille, jotka pit\u00e4v\u00e4t hillityst\u00e4 tyylist\u00e4. Baby alpakka tunnetaan silkinpehmeydest\u00e4\u00e4n, l\u00e4mp\u00f6isyydest\u00e4\u00e4n ja ihoyst\u00e4v\u00e4llisyydest\u00e4\u00e4n. Ota vastaan l\u00e4mpim\u00e4t tunteet, joita luonnonkuidun pehme\u00e4 hyv\u00e4ily ja mukavuus sinulle tuovat.<\/p>\n<p>MATERIAALI<br \/>\n<strong>100% baby alpakka<\/strong><\/p>\n<p>PAKKAUS<br \/>\n<strong>lahjalaatikko<\/strong><\/p>\n","protected":false},"featured_media":5017,"template":"","meta":{"_acf_changed":false},"product_brand":[],"product_cat":[64,63],"product_tag":[],"product_shipping_class":[],"pa_soft-wrap-cardigan":[],"class_list":{"0":"post-5011","1":"product","2":"type-product","3":"status-publish","4":"has-post-thumbnail","6":"product_cat-huivit-ja-saalit","7":"product_cat-naiset","9":"first","10":"instock","11":"taxable","12":"shipping-taxable","13":"purchasable","14":"product-type-variable","15":"has-default-attributes","16":"wvs-archive-product-wrapper"},"bundled_by":[],"bundle_stock_status":"instock","bundle_stock_quantity":null,"bundle_virtual":false,"bundle_layout":"","bundle_add_to_cart_form_location":"","bundle_editable_in_cart":false,"bundle_sold_individually_context":"","bundle_item_grouping":"","bundle_min_size":"","bundle_max_size":"","bundle_price":[],"bundled_items":[],"bundle_sell_ids":[],"acf":[],"aioseo_notices":[],"_links":{"self":[{"href":"https:\/\/alpaka-shop.com\/fi\/wp-json\/wp\/v2\/product\/5011","targetHints":{"allow":["GET"]}}],"collection":[{"href":"https:\/\/alpaka-shop.com\/fi\/wp-json\/wp\/v2\/product"}],"about":[{"href":"https:\/\/alpaka-shop.com\/fi\/wp-json\/wp\/v2\/types\/product"}],"wp:featuredmedia":[{"embeddable":true,"href":"https:\/\/alpaka-shop.com\/fi\/wp-json\/wp\/v2\/media\/5017"}],"wp:attachment":[{"href":"https:\/\/alpaka-shop.com\/fi\/wp-json\/wp\/v2\/media?parent=5011"}],"wp:term":[{"taxonomy":"product_brand","embeddable":true,"href":"https:\/\/alpaka-shop.com\/fi\/wp-json\/wp\/v2\/product_brand?post=5011"},{"taxonomy":"product_cat","embeddable":true,"href":"https:\/\/alpaka-shop.com\/fi\/wp-json\/wp\/v2\/product_cat?post=5011"},{"taxonomy":"product_tag","embeddable":true,"href":"https:\/\/alpaka-shop.com\/fi\/wp-json\/wp\/v2\/product_tag?post=5011"},{"taxonomy":"product_shipping_class","embeddable":true,"href":"https:\/\/alpaka-shop.com\/fi\/wp-json\/wp\/v2\/product_shipping_class?post=5011"},{"taxonomy":"pa_soft-wrap-cardigan","embeddable":true,"href":"https:\/\/alpaka-shop.com\/fi\/wp-json\/wp\/v2\/pa_soft-wrap-cardigan?post=5011"}],"curies":[{"name":"wp","href":"https:\/\/api.w.org\/{rel}","templated":true}]}}