{"id":51230,"date":"2023-06-21T14:16:30","date_gmt":"2023-06-21T11:16:30","guid":{"rendered":"https:\/\/alpaka-shop.com\/wrap-exclusive-fishbone\/"},"modified":"2025-11-18T10:30:14","modified_gmt":"2025-11-18T08:30:14","slug":"wrap-exclusive-fishbone","status":"publish","type":"product","link":"https:\/\/alpaka-shop.com\/fi\/wrap-exclusive-fishbone\/","title":{"rendered":"Wrap Exclusive Fishbone"},"content":{"rendered":"","protected":false},"excerpt":{"rendered":"<p>Wrap on monipuolinen vaatekappale, joka ylitt\u00e4\u00e4 muodin k\u00e4sitelm\u00e4n ja tulee v\u00e4ltt\u00e4m\u00e4tt\u00f6m\u00e4ksi osaksi vaatekaappiasi. T\u00e4m\u00e4 poikkeuksellinen viitta ei ole sidottu ohimenevien trendien rajoituksiin &#8211; pikemminkin se ilment\u00e4\u00e4 ajatonta vieh\u00e4tyst\u00e4, jonka on m\u00e4\u00e4r\u00e4 valloittaa ohikulkijoiden katsot. Valmistettu puhtaasta baby-alpakan villasta, sen syleily on vastustamattoman silkkinen ja poikkeuksellisen pehme\u00e4, joka kaipaa kosketusta. Allergikoille\u00a0 t\u00e4m\u00e4 hienostunut kappale on kuin houkutteleva kauneuden turvasatama, kutitamatonta mukavuutta yli eri vuodenaikoja.<\/p>\n<p class=\"p1\">MATERIAL<br \/>\n100% baby alpakka<\/p>\n","protected":false},"featured_media":52263,"template":"","meta":{"_acf_changed":false},"product_brand":[],"product_cat":[2813,63,100,102],"product_tag":[],"product_shipping_class":[],"pa_soft-wrap-cardigan":[],"class_list":{"0":"post-51230","1":"product","2":"type-product","3":"status-publish","4":"has-post-thumbnail","6":"product_cat-march-edit-fi","7":"product_cat-naiset","8":"product_cat-ponchot","9":"product_cat-vaatteet","11":"first","12":"instock","13":"taxable","14":"shipping-taxable","15":"purchasable","16":"product-type-variable","17":"has-default-attributes","18":"wvs-archive-product-wrapper"},"bundled_by":[],"bundle_stock_status":"instock","bundle_stock_quantity":null,"bundle_virtual":false,"bundle_layout":"","bundle_add_to_cart_form_location":"","bundle_editable_in_cart":false,"bundle_sold_individually_context":"","bundle_item_grouping":"","bundle_min_size":"","bundle_max_size":"","bundle_price":[],"bundled_items":[],"bundle_sell_ids":[],"acf":[],"aioseo_notices":[],"_links":{"self":[{"href":"https:\/\/alpaka-shop.com\/fi\/wp-json\/wp\/v2\/product\/51230","targetHints":{"allow":["GET"]}}],"collection":[{"href":"https:\/\/alpaka-shop.com\/fi\/wp-json\/wp\/v2\/product"}],"about":[{"href":"https:\/\/alpaka-shop.com\/fi\/wp-json\/wp\/v2\/types\/product"}],"wp:featuredmedia":[{"embeddable":true,"href":"https:\/\/alpaka-shop.com\/fi\/wp-json\/wp\/v2\/media\/52263"}],"wp:attachment":[{"href":"https:\/\/alpaka-shop.com\/fi\/wp-json\/wp\/v2\/media?parent=51230"}],"wp:term":[{"taxonomy":"product_brand","embeddable":true,"href":"https:\/\/alpaka-shop.com\/fi\/wp-json\/wp\/v2\/product_brand?post=51230"},{"taxonomy":"product_cat","embeddable":true,"href":"https:\/\/alpaka-shop.com\/fi\/wp-json\/wp\/v2\/product_cat?post=51230"},{"taxonomy":"product_tag","embeddable":true,"href":"https:\/\/alpaka-shop.com\/fi\/wp-json\/wp\/v2\/product_tag?post=51230"},{"taxonomy":"product_shipping_class","embeddable":true,"href":"https:\/\/alpaka-shop.com\/fi\/wp-json\/wp\/v2\/product_shipping_class?post=51230"},{"taxonomy":"pa_soft-wrap-cardigan","embeddable":true,"href":"https:\/\/alpaka-shop.com\/fi\/wp-json\/wp\/v2\/pa_soft-wrap-cardigan?post=51230"}],"curies":[{"name":"wp","href":"https:\/\/api.w.org\/{rel}","templated":true}]}}