{"id":5196,"date":"2019-08-23T10:39:15","date_gmt":"2019-08-23T10:39:15","guid":{"rendered":"https:\/\/uus.alpaka-shop.com\/product\/exclusive-saali-2\/"},"modified":"2026-04-06T10:00:12","modified_gmt":"2026-04-06T07:00:12","slug":"exclusive-saali-naiset","status":"publish","type":"product","link":"https:\/\/alpaka-shop.com\/fi\/exclusive-saali-naiset\/","title":{"rendered":"Exclusive saali"},"content":{"rendered":"","protected":false},"excerpt":{"rendered":"<p>Silkinpehme\u00e4 ja suurikokoinen baby alpakka huivi, joka pit\u00e4\u00e4 sinut l\u00e4mpim\u00e4n\u00e4 ja tyytyv\u00e4isen\u00e4 koko p\u00e4iv\u00e4n. Exclusive saali on saatavissa klassisissa v\u00e4reiss\u00e4, jotka sopivat hyvin yhteen kaikkien vaatteittesi kanssa. Lis\u00e4\u00e4 ylellisyytt\u00e4 ja l\u00e4mp\u00f6\u00e4 el\u00e4m\u00e4\u00e4si!<\/p>\n<p>MATERIAL<strong><br \/>\n100% baby alpakka<\/strong><\/p>\n<p>&nbsp;<\/p>\n","protected":false},"featured_media":45401,"template":"","meta":{"_acf_changed":false},"product_brand":[],"product_cat":[64,2813,63],"product_tag":[],"product_shipping_class":[],"pa_soft-wrap-cardigan":[],"class_list":{"0":"post-5196","1":"product","2":"type-product","3":"status-publish","4":"has-post-thumbnail","6":"product_cat-huivit-ja-saalit","7":"product_cat-march-edit-fi","8":"product_cat-naiset","10":"first","11":"instock","12":"taxable","13":"shipping-taxable","14":"purchasable","15":"product-type-variable","16":"has-default-attributes","17":"wvs-archive-product-wrapper"},"bundled_by":[],"bundle_stock_status":"instock","bundle_stock_quantity":null,"bundle_virtual":false,"bundle_layout":"","bundle_add_to_cart_form_location":"","bundle_editable_in_cart":false,"bundle_sold_individually_context":"","bundle_item_grouping":"","bundle_min_size":"","bundle_max_size":"","bundle_price":[],"bundled_items":[],"bundle_sell_ids":[],"acf":[],"aioseo_notices":[],"_links":{"self":[{"href":"https:\/\/alpaka-shop.com\/fi\/wp-json\/wp\/v2\/product\/5196","targetHints":{"allow":["GET"]}}],"collection":[{"href":"https:\/\/alpaka-shop.com\/fi\/wp-json\/wp\/v2\/product"}],"about":[{"href":"https:\/\/alpaka-shop.com\/fi\/wp-json\/wp\/v2\/types\/product"}],"wp:featuredmedia":[{"embeddable":true,"href":"https:\/\/alpaka-shop.com\/fi\/wp-json\/wp\/v2\/media\/45401"}],"wp:attachment":[{"href":"https:\/\/alpaka-shop.com\/fi\/wp-json\/wp\/v2\/media?parent=5196"}],"wp:term":[{"taxonomy":"product_brand","embeddable":true,"href":"https:\/\/alpaka-shop.com\/fi\/wp-json\/wp\/v2\/product_brand?post=5196"},{"taxonomy":"product_cat","embeddable":true,"href":"https:\/\/alpaka-shop.com\/fi\/wp-json\/wp\/v2\/product_cat?post=5196"},{"taxonomy":"product_tag","embeddable":true,"href":"https:\/\/alpaka-shop.com\/fi\/wp-json\/wp\/v2\/product_tag?post=5196"},{"taxonomy":"product_shipping_class","embeddable":true,"href":"https:\/\/alpaka-shop.com\/fi\/wp-json\/wp\/v2\/product_shipping_class?post=5196"},{"taxonomy":"pa_soft-wrap-cardigan","embeddable":true,"href":"https:\/\/alpaka-shop.com\/fi\/wp-json\/wp\/v2\/pa_soft-wrap-cardigan?post=5196"}],"curies":[{"name":"wp","href":"https:\/\/api.w.org\/{rel}","templated":true}]}}