{"id":5256,"date":"2019-11-24T12:42:39","date_gmt":"2019-11-24T12:42:39","guid":{"rendered":"https:\/\/uus.alpaka-shop.com\/product\/exclusive-kalanruotoneulesaali\/"},"modified":"2026-04-18T18:00:09","modified_gmt":"2026-04-18T15:00:09","slug":"exclusive-kalanruotoneulesaali","status":"publish","type":"product","link":"https:\/\/alpaka-shop.com\/fi\/exclusive-kalanruotoneulesaali\/","title":{"rendered":"Exclusive kalanruotoneulesaali"},"content":{"rendered":"","protected":false},"excerpt":{"rendered":"<p>Suurikokoinen baby alpakka -huivi antaa ihanaa l\u00e4mp\u00f6\u00e4 koko p\u00e4iv\u00e4ksi. Baby alpakka -villassa yhdistyv\u00e4t paras l\u00e4mp\u00f6, pehmeys ja kest\u00e4vyys. Kalanruotoneule antaa huiville ylellisen kosketuksen ja sopii hyvin kaikkiin asukokonaisuuksiin. Pohjoismaista luontoa heijastava v\u00e4rivalikoima kattaa kaiken neutraaleista rohkeisiin v\u00e4ris\u00e4vyihin. T\u00e4yt\u00e4 el\u00e4m\u00e4si sanoinkuvaamattomalla pehmeydell\u00e4 ja l\u00e4mm\u00f6ll\u00e4.<\/p>\n<p>MATERIAALI<strong><br \/>\n100% baby alpakka<\/strong><\/p>\n","protected":false},"featured_media":5257,"template":"","meta":{"_acf_changed":false},"product_brand":[],"product_cat":[104,68],"product_tag":[],"product_shipping_class":[],"pa_soft-wrap-cardigan":[],"class_list":{"0":"post-5256","1":"product","2":"type-product","3":"status-publish","4":"has-post-thumbnail","6":"product_cat-huivit-ja-saalit-fi","7":"product_cat-miehet","9":"first","10":"instock","11":"taxable","12":"shipping-taxable","13":"purchasable","14":"product-type-variable","15":"has-default-attributes","16":"wvs-archive-product-wrapper"},"bundled_by":[],"bundle_stock_status":"instock","bundle_stock_quantity":null,"bundle_virtual":false,"bundle_layout":"","bundle_add_to_cart_form_location":"","bundle_editable_in_cart":false,"bundle_sold_individually_context":"","bundle_item_grouping":"","bundle_min_size":"","bundle_max_size":"","bundle_price":[],"bundled_items":[],"bundle_sell_ids":[],"acf":[],"aioseo_notices":[],"_links":{"self":[{"href":"https:\/\/alpaka-shop.com\/fi\/wp-json\/wp\/v2\/product\/5256","targetHints":{"allow":["GET"]}}],"collection":[{"href":"https:\/\/alpaka-shop.com\/fi\/wp-json\/wp\/v2\/product"}],"about":[{"href":"https:\/\/alpaka-shop.com\/fi\/wp-json\/wp\/v2\/types\/product"}],"wp:featuredmedia":[{"embeddable":true,"href":"https:\/\/alpaka-shop.com\/fi\/wp-json\/wp\/v2\/media\/5257"}],"wp:attachment":[{"href":"https:\/\/alpaka-shop.com\/fi\/wp-json\/wp\/v2\/media?parent=5256"}],"wp:term":[{"taxonomy":"product_brand","embeddable":true,"href":"https:\/\/alpaka-shop.com\/fi\/wp-json\/wp\/v2\/product_brand?post=5256"},{"taxonomy":"product_cat","embeddable":true,"href":"https:\/\/alpaka-shop.com\/fi\/wp-json\/wp\/v2\/product_cat?post=5256"},{"taxonomy":"product_tag","embeddable":true,"href":"https:\/\/alpaka-shop.com\/fi\/wp-json\/wp\/v2\/product_tag?post=5256"},{"taxonomy":"product_shipping_class","embeddable":true,"href":"https:\/\/alpaka-shop.com\/fi\/wp-json\/wp\/v2\/product_shipping_class?post=5256"},{"taxonomy":"pa_soft-wrap-cardigan","embeddable":true,"href":"https:\/\/alpaka-shop.com\/fi\/wp-json\/wp\/v2\/pa_soft-wrap-cardigan?post=5256"}],"curies":[{"name":"wp","href":"https:\/\/api.w.org\/{rel}","templated":true}]}}