{"id":5422,"date":"2019-11-24T12:46:26","date_gmt":"2019-11-24T12:46:26","guid":{"rendered":"https:\/\/uus.alpaka-shop.com\/product\/skotlantilainen-silkkisaali-2\/"},"modified":"2025-03-07T11:00:55","modified_gmt":"2025-03-07T09:00:55","slug":"skotlantilainen-silkkisaali-2","status":"publish","type":"product","link":"https:\/\/alpaka-shop.com\/fi\/skotlantilainen-silkkisaali-2\/","title":{"rendered":"Skotlantilainen silkkisaali"},"content":{"rendered":"","protected":false},"excerpt":{"rendered":"<p dir=\"ltr\">Baby alpakan ja silkin parhaat puolet yhdess\u00e4. Perun yl\u00e4ng\u00f6ilt\u00e4 per\u00e4isin oleva baby alpakka ja luonnonsilkki muodostavat yhdistelm\u00e4n, joka on tyylik\u00e4s, pehme\u00e4 ja hienon silkkisen tuntuinen. Kaikki v\u00e4rivaihtoehdot on valmistettu luontoyst\u00e4v\u00e4llisest\u00e4 ja v\u00e4rj\u00e4\u00e4m\u00e4tt\u00f6m\u00e4st\u00e4 langasta. N\u00e4it\u00e4 luonnollisia ja maanl\u00e4heisi\u00e4 v\u00e4rej\u00e4 on helppo yhdistell\u00e4.<\/p>\n<p dir=\"ltr\">Skotlantilainen silkkisaali tuo tyylikk\u00e4\u00e4n lis\u00e4n kaikkiin asukokonaisuuksiin ja mukavuutta vuoden ymp\u00e4ri. Se on erinomainen jokap\u00e4iv\u00e4iseen kerrospukeutumiseen tai jopa erityistilaisuuksiin!<\/p>\n<p>MATERIAALI<br \/>\n<strong>70% baby alpakka \/ 30% silkki<\/strong><\/p>\n<p>PAKKAUS<br \/>\n<strong>lahjalaatikko<\/strong><\/p>\n","protected":false},"featured_media":5413,"template":"","meta":{"_acf_changed":false},"product_brand":[],"product_cat":[104,68],"product_tag":[],"product_shipping_class":[],"pa_soft-wrap-cardigan":[],"class_list":{"0":"post-5422","1":"product","2":"type-product","3":"status-publish","4":"has-post-thumbnail","6":"product_cat-huivit-ja-saalit-fi","7":"product_cat-miehet","9":"first","10":"outofstock","11":"taxable","12":"shipping-taxable","13":"purchasable","14":"product-type-variable","15":"has-default-attributes","16":"wvs-archive-product-wrapper"},"bundled_by":[],"bundle_stock_status":"outofstock","bundle_stock_quantity":null,"bundle_virtual":false,"bundle_layout":"","bundle_add_to_cart_form_location":"","bundle_editable_in_cart":false,"bundle_sold_individually_context":"","bundle_item_grouping":"","bundle_min_size":"","bundle_max_size":"","bundle_price":[],"bundled_items":[],"bundle_sell_ids":[],"acf":[],"aioseo_notices":[],"_links":{"self":[{"href":"https:\/\/alpaka-shop.com\/fi\/wp-json\/wp\/v2\/product\/5422","targetHints":{"allow":["GET"]}}],"collection":[{"href":"https:\/\/alpaka-shop.com\/fi\/wp-json\/wp\/v2\/product"}],"about":[{"href":"https:\/\/alpaka-shop.com\/fi\/wp-json\/wp\/v2\/types\/product"}],"wp:featuredmedia":[{"embeddable":true,"href":"https:\/\/alpaka-shop.com\/fi\/wp-json\/wp\/v2\/media\/5413"}],"wp:attachment":[{"href":"https:\/\/alpaka-shop.com\/fi\/wp-json\/wp\/v2\/media?parent=5422"}],"wp:term":[{"taxonomy":"product_brand","embeddable":true,"href":"https:\/\/alpaka-shop.com\/fi\/wp-json\/wp\/v2\/product_brand?post=5422"},{"taxonomy":"product_cat","embeddable":true,"href":"https:\/\/alpaka-shop.com\/fi\/wp-json\/wp\/v2\/product_cat?post=5422"},{"taxonomy":"product_tag","embeddable":true,"href":"https:\/\/alpaka-shop.com\/fi\/wp-json\/wp\/v2\/product_tag?post=5422"},{"taxonomy":"product_shipping_class","embeddable":true,"href":"https:\/\/alpaka-shop.com\/fi\/wp-json\/wp\/v2\/product_shipping_class?post=5422"},{"taxonomy":"pa_soft-wrap-cardigan","embeddable":true,"href":"https:\/\/alpaka-shop.com\/fi\/wp-json\/wp\/v2\/pa_soft-wrap-cardigan?post=5422"}],"curies":[{"name":"wp","href":"https:\/\/api.w.org\/{rel}","templated":true}]}}