{"id":5454,"date":"2019-10-08T07:31:21","date_gmt":"2019-10-08T07:31:21","guid":{"rendered":"https:\/\/uus.alpaka-shop.com\/product\/suorakulmioviitta\/"},"modified":"2025-07-01T10:20:26","modified_gmt":"2025-07-01T07:20:26","slug":"suorakulmioviitta","status":"publish","type":"product","link":"https:\/\/alpaka-shop.com\/fi\/suorakulmioviitta\/","title":{"rendered":"Suorakulmioviitta"},"content":{"rendered":"","protected":false},"excerpt":{"rendered":"<p>T\u00e4m\u00e4 viitta on klassisenmuotoinen ja helppok\u00e4ytt\u00f6inen, mutta pieni leikkis\u00e4 joustinneulekuvio tuo siihen omaleimaisuutta. Voit kerrostaa sen pikkumekon tai hameen ylle tai k\u00e4ytt\u00e4\u00e4 sit\u00e4 ohuen neuleen p\u00e4\u00e4ll\u00e4 farkkujen kanssa toimistossa tai matkoilla pit\u00e4\u00e4ksesi itsesi l\u00e4mpim\u00e4n\u00e4 ja kevyen\u00e4. Alpakka antaa t\u00e4lle mallille l\u00e4mp\u00f6\u00e4 ja pehmeytt\u00e4, ja merino muotoa ja keveytt\u00e4 sek\u00e4 pitk\u00e4n k\u00e4ytt\u00f6i\u00e4n. V\u00e4ripaletti vaihtelee muodikkaasta sinisens\u00e4vyst\u00e4 neutraaleihin luonnonv\u00e4reihin.<\/p>\n<p>MATERIAALI<strong><br \/>\n50% baby alpakka, 50% merinovilla<\/strong><\/p>\n<p>PAKKAUS<br \/>\n<strong>lahjalaatikko<\/strong><\/p>\n","protected":false},"featured_media":4115,"template":"","meta":{"_acf_changed":false},"product_brand":[],"product_cat":[63,100,280],"product_tag":[],"product_shipping_class":[],"pa_soft-wrap-cardigan":[],"class_list":{"0":"post-5454","1":"product","2":"type-product","3":"status-publish","4":"has-post-thumbnail","6":"product_cat-naiset","7":"product_cat-ponchot","8":"product_cat-sale-30-fin","10":"first","11":"instock","12":"sale","13":"taxable","14":"shipping-taxable","15":"purchasable","16":"product-type-variable","17":"has-default-attributes","18":"wvs-archive-product-wrapper"},"bundled_by":[],"bundle_stock_status":"instock","bundle_stock_quantity":null,"bundle_virtual":false,"bundle_layout":"","bundle_add_to_cart_form_location":"","bundle_editable_in_cart":false,"bundle_sold_individually_context":"","bundle_item_grouping":"","bundle_min_size":"","bundle_max_size":"","bundle_price":[],"bundled_items":[],"bundle_sell_ids":[],"acf":[],"aioseo_notices":[],"_links":{"self":[{"href":"https:\/\/alpaka-shop.com\/fi\/wp-json\/wp\/v2\/product\/5454","targetHints":{"allow":["GET"]}}],"collection":[{"href":"https:\/\/alpaka-shop.com\/fi\/wp-json\/wp\/v2\/product"}],"about":[{"href":"https:\/\/alpaka-shop.com\/fi\/wp-json\/wp\/v2\/types\/product"}],"wp:featuredmedia":[{"embeddable":true,"href":"https:\/\/alpaka-shop.com\/fi\/wp-json\/wp\/v2\/media\/4115"}],"wp:attachment":[{"href":"https:\/\/alpaka-shop.com\/fi\/wp-json\/wp\/v2\/media?parent=5454"}],"wp:term":[{"taxonomy":"product_brand","embeddable":true,"href":"https:\/\/alpaka-shop.com\/fi\/wp-json\/wp\/v2\/product_brand?post=5454"},{"taxonomy":"product_cat","embeddable":true,"href":"https:\/\/alpaka-shop.com\/fi\/wp-json\/wp\/v2\/product_cat?post=5454"},{"taxonomy":"product_tag","embeddable":true,"href":"https:\/\/alpaka-shop.com\/fi\/wp-json\/wp\/v2\/product_tag?post=5454"},{"taxonomy":"product_shipping_class","embeddable":true,"href":"https:\/\/alpaka-shop.com\/fi\/wp-json\/wp\/v2\/product_shipping_class?post=5454"},{"taxonomy":"pa_soft-wrap-cardigan","embeddable":true,"href":"https:\/\/alpaka-shop.com\/fi\/wp-json\/wp\/v2\/pa_soft-wrap-cardigan?post=5454"}],"curies":[{"name":"wp","href":"https:\/\/api.w.org\/{rel}","templated":true}]}}