{"id":5466,"date":"2019-11-20T16:03:26","date_gmt":"2019-11-20T16:03:26","guid":{"rendered":"https:\/\/uus.alpaka-shop.com\/product\/poncho-neulepusero\/"},"modified":"2026-03-20T11:20:03","modified_gmt":"2026-03-20T09:20:03","slug":"poncho-neulepusero","status":"publish","type":"product","link":"https:\/\/alpaka-shop.com\/fi\/poncho-neulepusero\/","title":{"rendered":"Poncho-pusero"},"content":{"rendered":"","protected":false},"excerpt":{"rendered":"<p>Todella ainutlaatuinen ja hauska vaate &#8211; voit k\u00e4ytt\u00e4\u00e4 joko neulepuserona tai ponchona. Hihojen ansiosta viitta sopii hyvin jokap\u00e4iv\u00e4iseen k\u00e4ytt\u00f6\u00f6n, ja voit olla varma, ett\u00e4 se pysyy yll\u00e4si. Samalla voit nauttia viitan hengitt\u00e4vyydest\u00e4 ja sopeutua erilaisiin l\u00e4mp\u00f6tiloihin vaihtamatta vaatteita. Alpakkavilla l\u00e4mmitt\u00e4\u00e4 ja on samalla hengitt\u00e4v\u00e4\u00e4. Hieno joustinneule antaa poncholle ainutlaatuisen ilmeen ja juuri oikean m\u00e4\u00e4r\u00e4n asennetta.<\/p>\n<p>MATERIAALI<br \/>\n<strong>100% harjattu baby-alpakka<\/strong><\/p>\n","protected":false},"featured_media":41865,"template":"","meta":{"_acf_changed":false},"product_brand":[],"product_cat":[63,99,100,102],"product_tag":[],"product_shipping_class":[],"pa_soft-wrap-cardigan":[],"class_list":{"0":"post-5466","1":"product","2":"type-product","3":"status-publish","4":"has-post-thumbnail","6":"product_cat-naiset","7":"product_cat-neulepuserot-ja-takit","8":"product_cat-ponchot","9":"product_cat-vaatteet","11":"first","12":"instock","13":"taxable","14":"shipping-taxable","15":"purchasable","16":"product-type-variable","17":"has-default-attributes","18":"wvs-archive-product-wrapper"},"bundled_by":[],"bundle_stock_status":"instock","bundle_stock_quantity":null,"bundle_virtual":false,"bundle_layout":"","bundle_add_to_cart_form_location":"","bundle_editable_in_cart":false,"bundle_sold_individually_context":"","bundle_item_grouping":"","bundle_min_size":"","bundle_max_size":"","bundle_price":[],"bundled_items":[],"bundle_sell_ids":[],"acf":[],"aioseo_notices":[],"_links":{"self":[{"href":"https:\/\/alpaka-shop.com\/fi\/wp-json\/wp\/v2\/product\/5466","targetHints":{"allow":["GET"]}}],"collection":[{"href":"https:\/\/alpaka-shop.com\/fi\/wp-json\/wp\/v2\/product"}],"about":[{"href":"https:\/\/alpaka-shop.com\/fi\/wp-json\/wp\/v2\/types\/product"}],"wp:featuredmedia":[{"embeddable":true,"href":"https:\/\/alpaka-shop.com\/fi\/wp-json\/wp\/v2\/media\/41865"}],"wp:attachment":[{"href":"https:\/\/alpaka-shop.com\/fi\/wp-json\/wp\/v2\/media?parent=5466"}],"wp:term":[{"taxonomy":"product_brand","embeddable":true,"href":"https:\/\/alpaka-shop.com\/fi\/wp-json\/wp\/v2\/product_brand?post=5466"},{"taxonomy":"product_cat","embeddable":true,"href":"https:\/\/alpaka-shop.com\/fi\/wp-json\/wp\/v2\/product_cat?post=5466"},{"taxonomy":"product_tag","embeddable":true,"href":"https:\/\/alpaka-shop.com\/fi\/wp-json\/wp\/v2\/product_tag?post=5466"},{"taxonomy":"product_shipping_class","embeddable":true,"href":"https:\/\/alpaka-shop.com\/fi\/wp-json\/wp\/v2\/product_shipping_class?post=5466"},{"taxonomy":"pa_soft-wrap-cardigan","embeddable":true,"href":"https:\/\/alpaka-shop.com\/fi\/wp-json\/wp\/v2\/pa_soft-wrap-cardigan?post=5466"}],"curies":[{"name":"wp","href":"https:\/\/api.w.org\/{rel}","templated":true}]}}