{"id":5511,"date":"2019-07-29T10:54:32","date_gmt":"2019-07-29T10:54:32","guid":{"rendered":"https:\/\/uus.alpaka-shop.com\/product\/exclusive-peite\/"},"modified":"2026-04-06T10:20:03","modified_gmt":"2026-04-06T07:20:03","slug":"exclusive-peite","status":"publish","type":"product","link":"https:\/\/alpaka-shop.com\/fi\/exclusive-peite\/","title":{"rendered":"Exclusive torkkupeitto"},"content":{"rendered":"","protected":false},"excerpt":{"rendered":"<p>Aidosti pehme\u00e4 ja l\u00e4mmin baby alpakka torkkupeitto sopii ihanaan oleskeluun kotona ja ulkona. Exclusive v\u00e4rivalikoimassa on perinteisi\u00e4 klassikoita, jotka ovat aina tyylikk\u00e4it\u00e4, sek\u00e4 trendikk\u00e4it\u00e4 tehostev\u00e4rej\u00e4. Nauti rauhallisesta hetkest\u00e4 ja lep\u00e4\u00e4 baby alpakan ainutlaatuisessa mukavuudessa<\/p>\n<p>MATERIAALI<br \/>\n<strong>100% baby alpakka<\/strong><\/p>\n","protected":false},"featured_media":45354,"template":"","meta":{"_acf_changed":false},"product_brand":[],"product_cat":[109,106],"product_tag":[],"product_shipping_class":[],"pa_soft-wrap-cardigan":[],"class_list":{"0":"post-5511","1":"product","2":"type-product","3":"status-publish","4":"has-post-thumbnail","6":"product_cat-koti","7":"product_cat-peitteet","9":"first","10":"instock","11":"taxable","12":"shipping-taxable","13":"purchasable","14":"product-type-variable","15":"has-default-attributes","16":"wvs-archive-product-wrapper"},"bundled_by":[],"bundle_stock_status":"instock","bundle_stock_quantity":null,"bundle_virtual":false,"bundle_layout":"","bundle_add_to_cart_form_location":"","bundle_editable_in_cart":false,"bundle_sold_individually_context":"","bundle_item_grouping":"","bundle_min_size":"","bundle_max_size":"","bundle_price":[],"bundled_items":[],"bundle_sell_ids":[],"acf":[],"aioseo_notices":[],"_links":{"self":[{"href":"https:\/\/alpaka-shop.com\/fi\/wp-json\/wp\/v2\/product\/5511","targetHints":{"allow":["GET"]}}],"collection":[{"href":"https:\/\/alpaka-shop.com\/fi\/wp-json\/wp\/v2\/product"}],"about":[{"href":"https:\/\/alpaka-shop.com\/fi\/wp-json\/wp\/v2\/types\/product"}],"wp:featuredmedia":[{"embeddable":true,"href":"https:\/\/alpaka-shop.com\/fi\/wp-json\/wp\/v2\/media\/45354"}],"wp:attachment":[{"href":"https:\/\/alpaka-shop.com\/fi\/wp-json\/wp\/v2\/media?parent=5511"}],"wp:term":[{"taxonomy":"product_brand","embeddable":true,"href":"https:\/\/alpaka-shop.com\/fi\/wp-json\/wp\/v2\/product_brand?post=5511"},{"taxonomy":"product_cat","embeddable":true,"href":"https:\/\/alpaka-shop.com\/fi\/wp-json\/wp\/v2\/product_cat?post=5511"},{"taxonomy":"product_tag","embeddable":true,"href":"https:\/\/alpaka-shop.com\/fi\/wp-json\/wp\/v2\/product_tag?post=5511"},{"taxonomy":"product_shipping_class","embeddable":true,"href":"https:\/\/alpaka-shop.com\/fi\/wp-json\/wp\/v2\/product_shipping_class?post=5511"},{"taxonomy":"pa_soft-wrap-cardigan","embeddable":true,"href":"https:\/\/alpaka-shop.com\/fi\/wp-json\/wp\/v2\/pa_soft-wrap-cardigan?post=5511"}],"curies":[{"name":"wp","href":"https:\/\/api.w.org\/{rel}","templated":true}]}}