{"id":5556,"date":"2019-07-30T08:43:18","date_gmt":"2019-07-30T08:43:18","guid":{"rendered":"https:\/\/uus.alpaka-shop.com\/product\/exclusive-kalanruotoneulepeite\/"},"modified":"2026-04-15T13:00:07","modified_gmt":"2026-04-15T10:00:07","slug":"exclusive-kalanruotoneulepeite","status":"publish","type":"product","link":"https:\/\/alpaka-shop.com\/fi\/exclusive-kalanruotoneulepeite\/","title":{"rendered":"Exclusive kalanruoto-torkkupeitto"},"content":{"rendered":"","protected":false},"excerpt":{"rendered":"<p><span style=\"font-weight: 400\">Exclusive kalanruoto-neulepeite on jokaisen sisustajan unelma, joka luo kaunista tunnelmaa kalanruotoneuleellaan. Voit k\u00e4ytt\u00e4\u00e4 t\u00e4t\u00e4 sametinpehme\u00e4\u00e4 baby alpakka peitett\u00e4 my\u00f6s yll\u00e4si kylmin\u00e4 vuodenaikoina tai y\u00f6n viileydess\u00e4. V\u00e4rivalikoima vaihtelee modernin teollisesta s\u00e4teilev\u00e4\u00e4n. Sisusta kotisi n\u00e4ill\u00e4 ylellisill\u00e4 peitteill\u00e4 ja ennen kaikkea nauti niiden mukavuudesta.<\/span><\/p>\n<p>MATERIAALI<br \/>\n<strong>100% baby alpakka<\/strong><\/p>\n","protected":false},"featured_media":45349,"template":"","meta":{"_acf_changed":false},"product_brand":[],"product_cat":[109,106],"product_tag":[],"product_shipping_class":[],"pa_soft-wrap-cardigan":[],"class_list":{"0":"post-5556","1":"product","2":"type-product","3":"status-publish","4":"has-post-thumbnail","6":"product_cat-koti","7":"product_cat-peitteet","9":"first","10":"instock","11":"taxable","12":"shipping-taxable","13":"purchasable","14":"product-type-variable","15":"has-default-attributes","16":"wvs-archive-product-wrapper"},"bundled_by":[],"bundle_stock_status":"instock","bundle_stock_quantity":null,"bundle_virtual":false,"bundle_layout":"","bundle_add_to_cart_form_location":"","bundle_editable_in_cart":false,"bundle_sold_individually_context":"","bundle_item_grouping":"","bundle_min_size":"","bundle_max_size":"","bundle_price":[],"bundled_items":[],"bundle_sell_ids":[],"acf":[],"aioseo_notices":[],"_links":{"self":[{"href":"https:\/\/alpaka-shop.com\/fi\/wp-json\/wp\/v2\/product\/5556","targetHints":{"allow":["GET"]}}],"collection":[{"href":"https:\/\/alpaka-shop.com\/fi\/wp-json\/wp\/v2\/product"}],"about":[{"href":"https:\/\/alpaka-shop.com\/fi\/wp-json\/wp\/v2\/types\/product"}],"wp:featuredmedia":[{"embeddable":true,"href":"https:\/\/alpaka-shop.com\/fi\/wp-json\/wp\/v2\/media\/45349"}],"wp:attachment":[{"href":"https:\/\/alpaka-shop.com\/fi\/wp-json\/wp\/v2\/media?parent=5556"}],"wp:term":[{"taxonomy":"product_brand","embeddable":true,"href":"https:\/\/alpaka-shop.com\/fi\/wp-json\/wp\/v2\/product_brand?post=5556"},{"taxonomy":"product_cat","embeddable":true,"href":"https:\/\/alpaka-shop.com\/fi\/wp-json\/wp\/v2\/product_cat?post=5556"},{"taxonomy":"product_tag","embeddable":true,"href":"https:\/\/alpaka-shop.com\/fi\/wp-json\/wp\/v2\/product_tag?post=5556"},{"taxonomy":"product_shipping_class","embeddable":true,"href":"https:\/\/alpaka-shop.com\/fi\/wp-json\/wp\/v2\/product_shipping_class?post=5556"},{"taxonomy":"pa_soft-wrap-cardigan","embeddable":true,"href":"https:\/\/alpaka-shop.com\/fi\/wp-json\/wp\/v2\/pa_soft-wrap-cardigan?post=5556"}],"curies":[{"name":"wp","href":"https:\/\/api.w.org\/{rel}","templated":true}]}}