{"id":5775,"date":"2019-07-29T10:52:35","date_gmt":"2019-07-29T10:52:35","guid":{"rendered":"https:\/\/uus.alpaka-shop.com\/product\/classic-fishbone-peite\/"},"modified":"2026-04-06T20:20:03","modified_gmt":"2026-04-06T17:20:03","slug":"classic-fishbone-peite","status":"publish","type":"product","link":"https:\/\/alpaka-shop.com\/fi\/classic-fishbone-peite\/","title":{"rendered":"Classic kalanruoto-torkkupeitto"},"content":{"rendered":"","protected":false},"excerpt":{"rendered":"<p>L\u00e4mmin ja pehme\u00e4 monik\u00e4ytt\u00f6peite, joka tuo huoneeseen kotoisan ja mukavan tunnelman. Kalanruotoneule lis\u00e4\u00e4 klassisen ilmeen, jota on helppo yhdist\u00e4\u00e4 muuhun sisustukseen. Alpakkasekoite on samalla pehme\u00e4 ja l\u00e4mmin luoden erinomaista synergiaa. Classic Fishbone -peite on saatavilla kuudessa kauniissa v\u00e4riss\u00e4, joita voit yhdistell\u00e4. Siit\u00e4 tulee mink\u00e4 tahansa sisustuksen tai kodin rakastettu osa!<\/p>\n<p>MATERIAALI<br \/>\n<strong>40% alpakka, 45% villa, 15% akryyli<\/strong><br \/>\n<em>*hiilenharmaa\/harmaa\u00a0 55%alpakka\/ 30% villa\/ 15% akryyli<\/em><\/p>\n<p>Koska kaikki torkkupeittomme on valmistettu luonnonkuiduista, jonkin verran kuitujen irtoamista on normaalia.<\/p>\n","protected":false},"featured_media":54285,"template":"","meta":{"_acf_changed":false},"product_brand":[],"product_cat":[109,2813,106],"product_tag":[],"product_shipping_class":[],"pa_soft-wrap-cardigan":[],"class_list":{"0":"post-5775","1":"product","2":"type-product","3":"status-publish","4":"has-post-thumbnail","6":"product_cat-koti","7":"product_cat-march-edit-fi","8":"product_cat-peitteet","10":"first","11":"instock","12":"taxable","13":"shipping-taxable","14":"purchasable","15":"product-type-variable","16":"has-default-attributes","17":"wvs-archive-product-wrapper"},"bundled_by":[],"bundle_stock_status":"instock","bundle_stock_quantity":null,"bundle_virtual":false,"bundle_layout":"","bundle_add_to_cart_form_location":"","bundle_editable_in_cart":false,"bundle_sold_individually_context":"","bundle_item_grouping":"","bundle_min_size":"","bundle_max_size":"","bundle_price":[],"bundled_items":[],"bundle_sell_ids":[],"acf":[],"aioseo_notices":[],"_links":{"self":[{"href":"https:\/\/alpaka-shop.com\/fi\/wp-json\/wp\/v2\/product\/5775","targetHints":{"allow":["GET"]}}],"collection":[{"href":"https:\/\/alpaka-shop.com\/fi\/wp-json\/wp\/v2\/product"}],"about":[{"href":"https:\/\/alpaka-shop.com\/fi\/wp-json\/wp\/v2\/types\/product"}],"wp:featuredmedia":[{"embeddable":true,"href":"https:\/\/alpaka-shop.com\/fi\/wp-json\/wp\/v2\/media\/54285"}],"wp:attachment":[{"href":"https:\/\/alpaka-shop.com\/fi\/wp-json\/wp\/v2\/media?parent=5775"}],"wp:term":[{"taxonomy":"product_brand","embeddable":true,"href":"https:\/\/alpaka-shop.com\/fi\/wp-json\/wp\/v2\/product_brand?post=5775"},{"taxonomy":"product_cat","embeddable":true,"href":"https:\/\/alpaka-shop.com\/fi\/wp-json\/wp\/v2\/product_cat?post=5775"},{"taxonomy":"product_tag","embeddable":true,"href":"https:\/\/alpaka-shop.com\/fi\/wp-json\/wp\/v2\/product_tag?post=5775"},{"taxonomy":"product_shipping_class","embeddable":true,"href":"https:\/\/alpaka-shop.com\/fi\/wp-json\/wp\/v2\/product_shipping_class?post=5775"},{"taxonomy":"pa_soft-wrap-cardigan","embeddable":true,"href":"https:\/\/alpaka-shop.com\/fi\/wp-json\/wp\/v2\/pa_soft-wrap-cardigan?post=5775"}],"curies":[{"name":"wp","href":"https:\/\/api.w.org\/{rel}","templated":true}]}}