{"id":5797,"date":"2019-07-30T12:03:15","date_gmt":"2019-07-30T12:03:15","guid":{"rendered":"https:\/\/uus.alpaka-shop.com\/product\/boucle-peite\/"},"modified":"2026-03-06T12:36:29","modified_gmt":"2026-03-06T10:36:29","slug":"boucle-peite","status":"publish","type":"product","link":"https:\/\/alpaka-shop.com\/fi\/boucle-peite\/","title":{"rendered":"Boucle torkkupeitto"},"content":{"rendered":"","protected":false},"excerpt":{"rendered":"<p>Boucle torkkupeitto on ylellinen sisustuskappale niille, jotka todella arvostavat t\u00e4t\u00e4 perinteist\u00e4 valmistustekniikkaa ja boucle-langan upeita ominaisuuksia. Eritt\u00e4in hienoa alpakkavillaa on sekoitettu nyloniin, joka antaa peitteelle enemm\u00e4n kest\u00e4vyytt\u00e4. Rakenteellinen kudontatekniikka tekee peitteest\u00e4 entist\u00e4 l\u00e4mpim\u00e4mm\u00e4n ja hengitt\u00e4v\u00e4mm\u00e4n. Boucle torkkupeito on saatavissa kolmessa v\u00e4riss\u00e4, jotka sopivat niin hienostuneeseen kuin muodikkaaseen sisustukseen tai asukokonaisuuteen. T\u00e4m\u00e4 peitto on lis\u00e4ksi erinomainen sisustuskappale, joka tuo kotiisi mit\u00e4 l\u00e4mpimimpi\u00e4 tunteita.<\/p>\n<p>MATERIAALI<strong><br \/>\n89% superfine alpakka, 11% nylon<\/strong><\/p>\n","protected":false},"featured_media":5798,"template":"","meta":{"_acf_changed":false},"product_brand":[],"product_cat":[109,106],"product_tag":[],"product_shipping_class":[],"pa_soft-wrap-cardigan":[],"class_list":{"0":"post-5797","1":"product","2":"type-product","3":"status-publish","4":"has-post-thumbnail","6":"product_cat-koti","7":"product_cat-peitteet","9":"first","10":"instock","11":"taxable","12":"shipping-taxable","13":"purchasable","14":"product-type-variable","15":"has-default-attributes","16":"wvs-archive-product-wrapper"},"bundled_by":[],"bundle_stock_status":"instock","bundle_stock_quantity":null,"bundle_virtual":false,"bundle_layout":"","bundle_add_to_cart_form_location":"","bundle_editable_in_cart":false,"bundle_sold_individually_context":"","bundle_item_grouping":"","bundle_min_size":"","bundle_max_size":"","bundle_price":[],"bundled_items":[],"bundle_sell_ids":[],"acf":[],"aioseo_notices":[],"_links":{"self":[{"href":"https:\/\/alpaka-shop.com\/fi\/wp-json\/wp\/v2\/product\/5797","targetHints":{"allow":["GET"]}}],"collection":[{"href":"https:\/\/alpaka-shop.com\/fi\/wp-json\/wp\/v2\/product"}],"about":[{"href":"https:\/\/alpaka-shop.com\/fi\/wp-json\/wp\/v2\/types\/product"}],"wp:featuredmedia":[{"embeddable":true,"href":"https:\/\/alpaka-shop.com\/fi\/wp-json\/wp\/v2\/media\/5798"}],"wp:attachment":[{"href":"https:\/\/alpaka-shop.com\/fi\/wp-json\/wp\/v2\/media?parent=5797"}],"wp:term":[{"taxonomy":"product_brand","embeddable":true,"href":"https:\/\/alpaka-shop.com\/fi\/wp-json\/wp\/v2\/product_brand?post=5797"},{"taxonomy":"product_cat","embeddable":true,"href":"https:\/\/alpaka-shop.com\/fi\/wp-json\/wp\/v2\/product_cat?post=5797"},{"taxonomy":"product_tag","embeddable":true,"href":"https:\/\/alpaka-shop.com\/fi\/wp-json\/wp\/v2\/product_tag?post=5797"},{"taxonomy":"product_shipping_class","embeddable":true,"href":"https:\/\/alpaka-shop.com\/fi\/wp-json\/wp\/v2\/product_shipping_class?post=5797"},{"taxonomy":"pa_soft-wrap-cardigan","embeddable":true,"href":"https:\/\/alpaka-shop.com\/fi\/wp-json\/wp\/v2\/pa_soft-wrap-cardigan?post=5797"}],"curies":[{"name":"wp","href":"https:\/\/api.w.org\/{rel}","templated":true}]}}