{"id":5817,"date":"2019-07-30T11:41:03","date_gmt":"2019-07-30T11:41:03","guid":{"rendered":"https:\/\/uus.alpaka-shop.com\/product\/royal-kalanruotoneulepeite\/"},"modified":"2026-03-06T12:46:42","modified_gmt":"2026-03-06T10:46:42","slug":"royal-kalanruotoneulepeite","status":"publish","type":"product","link":"https:\/\/alpaka-shop.com\/fi\/royal-kalanruotoneulepeite\/","title":{"rendered":"Royal kalanruoto torkkupeitto"},"content":{"rendered":"","protected":false},"excerpt":{"rendered":"<p><span style=\"font-weight: 400\">Royal-kalanruoto-torkkupeitto on todella kuninkaallinen Se on valmistettu ensiluokkaisesta baby alpakkavillasta, jonka 19-mikrometsin hienous ja silkkisyys ovat tavallista baby alpakkaa arvokkaampia. Kokoelman nimi on saanut innoituksensa Perun muinaisesta inkakulttuurista, joka arvosti alpakkavillaa enemm\u00e4n kuin kultaa tai hopeaa. T\u00e4st\u00e4 syyst\u00e4 alpakkaa kutsutaan usein inkojen kullaksi. Royal-torkkupeitot ovat mit\u00e4 pehmeimpi\u00e4 ja sopivat niin muodikkaiksi asusteiksi kuin sisustuselementeiksi. V\u00e4rivalikoimaan kuuluvat kaakao-beige, kirsikanpunainen, harmaa ja sininen.<br \/>\n<\/span><\/p>\n<p>MATERIAALI<br \/>\n<strong>100% royal baby alpakka<\/strong><\/p>\n<p>&nbsp;<\/p>\n","protected":false},"featured_media":5818,"template":"","meta":{"_acf_changed":false},"product_brand":[],"product_cat":[109,2813,106],"product_tag":[],"product_shipping_class":[],"pa_soft-wrap-cardigan":[],"class_list":{"0":"post-5817","1":"product","2":"type-product","3":"status-publish","4":"has-post-thumbnail","6":"product_cat-koti","7":"product_cat-march-edit-fi","8":"product_cat-peitteet","10":"first","11":"instock","12":"taxable","13":"shipping-taxable","14":"purchasable","15":"product-type-variable","16":"has-default-attributes","17":"wvs-archive-product-wrapper"},"bundled_by":[],"bundle_stock_status":"instock","bundle_stock_quantity":null,"bundle_virtual":false,"bundle_layout":"","bundle_add_to_cart_form_location":"","bundle_editable_in_cart":false,"bundle_sold_individually_context":"","bundle_item_grouping":"","bundle_min_size":"","bundle_max_size":"","bundle_price":[],"bundled_items":[],"bundle_sell_ids":[],"acf":[],"aioseo_notices":[],"_links":{"self":[{"href":"https:\/\/alpaka-shop.com\/fi\/wp-json\/wp\/v2\/product\/5817","targetHints":{"allow":["GET"]}}],"collection":[{"href":"https:\/\/alpaka-shop.com\/fi\/wp-json\/wp\/v2\/product"}],"about":[{"href":"https:\/\/alpaka-shop.com\/fi\/wp-json\/wp\/v2\/types\/product"}],"wp:featuredmedia":[{"embeddable":true,"href":"https:\/\/alpaka-shop.com\/fi\/wp-json\/wp\/v2\/media\/5818"}],"wp:attachment":[{"href":"https:\/\/alpaka-shop.com\/fi\/wp-json\/wp\/v2\/media?parent=5817"}],"wp:term":[{"taxonomy":"product_brand","embeddable":true,"href":"https:\/\/alpaka-shop.com\/fi\/wp-json\/wp\/v2\/product_brand?post=5817"},{"taxonomy":"product_cat","embeddable":true,"href":"https:\/\/alpaka-shop.com\/fi\/wp-json\/wp\/v2\/product_cat?post=5817"},{"taxonomy":"product_tag","embeddable":true,"href":"https:\/\/alpaka-shop.com\/fi\/wp-json\/wp\/v2\/product_tag?post=5817"},{"taxonomy":"product_shipping_class","embeddable":true,"href":"https:\/\/alpaka-shop.com\/fi\/wp-json\/wp\/v2\/product_shipping_class?post=5817"},{"taxonomy":"pa_soft-wrap-cardigan","embeddable":true,"href":"https:\/\/alpaka-shop.com\/fi\/wp-json\/wp\/v2\/pa_soft-wrap-cardigan?post=5817"}],"curies":[{"name":"wp","href":"https:\/\/api.w.org\/{rel}","templated":true}]}}