{"id":58308,"date":"2024-12-09T23:55:50","date_gmt":"2024-12-09T21:55:50","guid":{"rendered":"https:\/\/alpaka-shop.com\/?post_type=product&#038;p=58308"},"modified":"2026-02-09T13:20:18","modified_gmt":"2026-02-09T11:20:18","slug":"harjattu-otsapanta-copy","status":"publish","type":"product","link":"https:\/\/alpaka-shop.com\/fi\/harjattu-otsapanta-copy\/","title":{"rendered":"Harjattu otsapanta (Copy)"},"content":{"rendered":"","protected":false},"excerpt":{"rendered":"<p>Harjattu otsapanta on valmistettu alpakkavillasta. T\u00e4m\u00e4 eritt\u00e4in hieno ja hengitt\u00e4v\u00e4 kuitu kest\u00e4\u00e4 luonnollisesti hajuja ja imee kosteutta, joten se pit\u00e4\u00e4 olosi mukavana s\u00e4\u00e4olosuhteista riippumatta. Harjauksella on aikaansaatu eritt\u00e4in pehme\u00e4 tuntuma, jonka ansiosta panta on yht\u00e4 l\u00e4mmin kuin tyylik\u00e4skin. Valitse kolmesta klassisesta v\u00e4rivaihtoehdosta tai valitse juhlatunnelman luova ruosteenpunainen s\u00e4vy tai upea oliivinv\u00e4rinen pohjas\u00e4vy.<\/p>\n<p>MATERIAALI<br \/>\n<strong>89% Baby alpakka, 11% Nylon<\/strong><\/p>\n<p>PAKKAUS<br \/>\n<b>Lahjakassi<\/b><\/p>\n","protected":false},"featured_media":52742,"template":"","meta":{"_acf_changed":false},"product_brand":[],"product_cat":[2587,63,101,2585],"product_tag":[],"product_shipping_class":[],"pa_soft-wrap-cardigan":[],"class_list":{"0":"post-58308","1":"product","2":"type-product","3":"status-publish","4":"has-post-thumbnail","6":"product_cat-gifts-for-her-fi","7":"product_cat-naiset","8":"product_cat-paahineet","9":"product_cat-paanauhat","11":"first","12":"instock","13":"taxable","14":"shipping-taxable","15":"purchasable","16":"product-type-variable","17":"has-default-attributes","18":"wvs-archive-product-wrapper"},"bundled_by":[],"bundle_stock_status":"instock","bundle_stock_quantity":null,"bundle_virtual":false,"bundle_layout":"","bundle_add_to_cart_form_location":"","bundle_editable_in_cart":false,"bundle_sold_individually_context":"","bundle_item_grouping":"","bundle_min_size":"","bundle_max_size":"","bundle_price":[],"bundled_items":[],"bundle_sell_ids":[],"acf":[],"aioseo_notices":[],"_links":{"self":[{"href":"https:\/\/alpaka-shop.com\/fi\/wp-json\/wp\/v2\/product\/58308","targetHints":{"allow":["GET"]}}],"collection":[{"href":"https:\/\/alpaka-shop.com\/fi\/wp-json\/wp\/v2\/product"}],"about":[{"href":"https:\/\/alpaka-shop.com\/fi\/wp-json\/wp\/v2\/types\/product"}],"wp:featuredmedia":[{"embeddable":true,"href":"https:\/\/alpaka-shop.com\/fi\/wp-json\/wp\/v2\/media\/52742"}],"wp:attachment":[{"href":"https:\/\/alpaka-shop.com\/fi\/wp-json\/wp\/v2\/media?parent=58308"}],"wp:term":[{"taxonomy":"product_brand","embeddable":true,"href":"https:\/\/alpaka-shop.com\/fi\/wp-json\/wp\/v2\/product_brand?post=58308"},{"taxonomy":"product_cat","embeddable":true,"href":"https:\/\/alpaka-shop.com\/fi\/wp-json\/wp\/v2\/product_cat?post=58308"},{"taxonomy":"product_tag","embeddable":true,"href":"https:\/\/alpaka-shop.com\/fi\/wp-json\/wp\/v2\/product_tag?post=58308"},{"taxonomy":"product_shipping_class","embeddable":true,"href":"https:\/\/alpaka-shop.com\/fi\/wp-json\/wp\/v2\/product_shipping_class?post=58308"},{"taxonomy":"pa_soft-wrap-cardigan","embeddable":true,"href":"https:\/\/alpaka-shop.com\/fi\/wp-json\/wp\/v2\/pa_soft-wrap-cardigan?post=58308"}],"curies":[{"name":"wp","href":"https:\/\/api.w.org\/{rel}","templated":true}]}}